{"id":10,"date":"2023-05-31T11:57:34","date_gmt":"2023-05-31T11:57:34","guid":{"rendered":"https:\/\/jusumn.lt\/?page_id=10"},"modified":"2025-07-27T07:52:48","modified_gmt":"2025-07-27T07:52:48","slug":"kokybes-politika","status":"publish","type":"page","link":"https:\/\/jusumn.lt\/","title":{"rendered":"Apie mus"},"content":{"rendered":"\n<div class=\"wp-block-columns is-layout-flex wp-container-3\">\n<div class=\"wp-block-column is-layout-flow\">\n<figure class=\"wp-block-image size-full is-resized\"><img decoding=\"async\" loading=\"lazy\" src=\"http:\/\/jusumn.lt\/wp-content\/uploads\/2023\/05\/cropped-medicinos-namai-logo-web-1.png\" alt=\"\" class=\"wp-image-626\" width=\"237\" height=\"71\" srcset=\"https:\/\/jusumn.lt\/wp-content\/uploads\/2023\/05\/cropped-medicinos-namai-logo-web-1.png 334w, https:\/\/jusumn.lt\/wp-content\/uploads\/2023\/05\/cropped-medicinos-namai-logo-web-1-300x90.png 300w\" sizes=\"(max-width: 237px) 100vw, 237px\" \/><\/figure>\n\n\n\n<p>                              <a href=\"https:\/\/jusumn.lt\/index.php\/klinikos\/klinika-kursenuose\/\"><strong><mark style=\"background-color:var(--colorBackground)\" class=\"has-inline-color has-font-color\">Klinika Kur\u0161\u0117nuose<\/mark><\/strong><\/a><\/p>\n<\/div>\n\n\n\n<div class=\"wp-block-column is-layout-flow\">\n<figure class=\"wp-block-image size-large is-resized\"><img decoding=\"async\" loading=\"lazy\" src=\"http:\/\/jusumn.lt\/wp-content\/uploads\/2025\/06\/cropped-cropped-cropped-JK-be-backroundo-1536x397-1-1024x264.webp\" alt=\"\" class=\"wp-image-598\" width=\"267\" height=\"68\" srcset=\"https:\/\/jusumn.lt\/wp-content\/uploads\/2025\/06\/cropped-cropped-cropped-JK-be-backroundo-1536x397-1-1024x264.webp 1024w, https:\/\/jusumn.lt\/wp-content\/uploads\/2025\/06\/cropped-cropped-cropped-JK-be-backroundo-1536x397-1-300x77.webp 300w, https:\/\/jusumn.lt\/wp-content\/uploads\/2025\/06\/cropped-cropped-cropped-JK-be-backroundo-1536x397-1-768x198.webp 768w, https:\/\/jusumn.lt\/wp-content\/uploads\/2025\/06\/cropped-cropped-cropped-JK-be-backroundo-1536x397-1-1140x294.webp 1140w, https:\/\/jusumn.lt\/wp-content\/uploads\/2025\/06\/cropped-cropped-cropped-JK-be-backroundo-1536x397-1.webp 1534w\" sizes=\"(max-width: 267px) 100vw, 267px\" \/><\/figure>\n\n\n\n<p>                                     <a href=\"https:\/\/jusumn.lt\/index.php\/klinikos\/klinika-siauliuose\/\"><strong><mark style=\"background-color:var(--colorBackground)\" class=\"has-inline-color has-font-color\">Klinika \u0160iauliuose<\/mark><\/strong><\/a><\/p>\n<\/div>\n<\/div>\n\n\n\n<p><\/p>\n\n\n\n<p>UAB \u201eJ\u016bs\u0173 medicinos namai\u201c &#8211; \u0161iuolaiki\u0161ka ir patikima \u012fmon\u0117, teikianti pirmines ir antrines sveikatos prie\u017ei\u016bros paslaugas, nuolat besir\u016bpinanti pacientais, \u012fmon\u0117s darbuotojais ir partneriais.<\/p>\n\n\n\n<p><strong>&nbsp;&nbsp;&nbsp;&nbsp;&nbsp;&nbsp;&nbsp;&nbsp;&nbsp;&nbsp;&nbsp; M\u016bs\u0173 vizija \u2013 <\/strong>tapti patraukliausia ir patikimiausia sveikatos prie\u017ei\u016bros \u012fstaiga pacientams, darbuotojams ir partneriams \u0160iauli\u0173 regione ir maksimaliai pateisinti \u0161eimos gydytojo, kaip plataus spektro specialisto, specializacij\u0105.<\/p>\n\n\n\n<p><strong>&nbsp;&nbsp;&nbsp;&nbsp;&nbsp;&nbsp;&nbsp;&nbsp;&nbsp;&nbsp;&nbsp; M\u016bs\u0173 misija<\/strong> &#8211; saugi, kvalifikuota, teisinga, prieinama, nenutr\u016bkstama,  mokslu ir naujausiomis technologijomis paremta sveikatos prie\u017ei\u016bra, skatinanti sveik\u0105 gyvensen\u0105 ir lig\u0173 prevencij\u0105.<\/p>\n\n\n\n<p><strong>&nbsp;&nbsp;&nbsp;&nbsp;&nbsp;&nbsp;&nbsp;&nbsp;&nbsp;&nbsp;&nbsp; M\u016bs\u0173 vertyb\u0117s &#8211; <\/strong>orientacija \u012f pacient\u0105, motyvuoti, nuolat tobul\u0117jantys, kompetentingi ir kvalifikuoti darbuotojai, komandinis darbas, r\u016bpestis ir pagarba.<\/p>\n\n\n\n<p><strong>Strateginiai tikslai, kuriais siekiama kokyb\u0117s politikos \u012fgyvendinimo:<\/strong><\/p>\n\n\n\n<ol type=\"1\" start=\"1\">\n<li>U\u017etikrinti atitikt\u012f Nacionaliniams standartams \u0161eimos medicinos paslaugai.<\/li>\n\n\n\n<li>Pl\u0117sti paslaug\u0173 spektr\u0105 bei u\u017etikrinti j\u0173 prieinamum\u0105, atsi\u017evelgiant \u012f pacient\u0173 poreikius ir l\u016bkes\u010dius.<\/li>\n\n\n\n<li>Reguliariai vertinti ir gerinti pacient\u0173 saug\u0105 ir teikiam\u0173 paslaug\u0173 kokyb\u0119.<\/li>\n\n\n\n<li>Skatinti \u012fmon\u0117s darbuotoj\u0173 iniciatyvum\u0105, atvirum\u0105 poky\u010diams, nuolatin\u012f kompetencij\u0173 tobulinim\u0105 ir \u012fvertinti j\u0173 nuopelnus bei atsidavim\u0105.<\/li>\n<\/ol>\n","protected":false},"excerpt":{"rendered":"<p>Klinika Kur\u0161\u0117nuose Klinika \u0160iauliuose UAB \u201eJ\u016bs\u0173 medicinos namai\u201c &#8211; \u0161iuolaiki\u0161ka ir patikima \u012fmon\u0117, teikianti pirmines ir antrines sveikatos prie\u017ei\u016bros paslaugas, nuolat besir\u016bpinanti pacientais, \u012fmon\u0117s darbuotojais ir partneriais. &nbsp;&nbsp;&nbsp;&nbsp;&nbsp;&nbsp;&nbsp;&nbsp;&nbsp;&nbsp;&nbsp; M\u016bs\u0173 vizija \u2013 tapti patraukliausia ir patikimiausia sveikatos prie\u017ei\u016bros \u012fstaiga pacientams, darbuotojams ir partneriams \u0160iauli\u0173 regione ir maksimaliai pateisinti \u0161eimos gydytojo, kaip plataus spektro specialisto, specializacij\u0105. &nbsp;&nbsp;&nbsp;&nbsp;&nbsp;&nbsp;&nbsp;&nbsp;&nbsp;&nbsp;&nbsp; M\u016bs\u0173 misija &#8211; saugi, kvalifikuota,<span class=\"more-dots\">&#8230;<\/span><\/p>\n","protected":false},"author":1,"featured_media":0,"parent":14,"menu_order":1,"comment_status":"closed","ping_status":"closed","template":"","meta":[],"_links":{"self":[{"href":"https:\/\/jusumn.lt\/index.php\/wp-json\/wp\/v2\/pages\/10"}],"collection":[{"href":"https:\/\/jusumn.lt\/index.php\/wp-json\/wp\/v2\/pages"}],"about":[{"href":"https:\/\/jusumn.lt\/index.php\/wp-json\/wp\/v2\/types\/page"}],"author":[{"embeddable":true,"href":"https:\/\/jusumn.lt\/index.php\/wp-json\/wp\/v2\/users\/1"}],"replies":[{"embeddable":true,"href":"https:\/\/jusumn.lt\/index.php\/wp-json\/wp\/v2\/comments?post=10"}],"version-history":[{"count":12,"href":"https:\/\/jusumn.lt\/index.php\/wp-json\/wp\/v2\/pages\/10\/revisions"}],"predecessor-version":[{"id":731,"href":"https:\/\/jusumn.lt\/index.php\/wp-json\/wp\/v2\/pages\/10\/revisions\/731"}],"up":[{"embeddable":true,"href":"https:\/\/jusumn.lt\/index.php\/wp-json\/wp\/v2\/pages\/14"}],"wp:attachment":[{"href":"https:\/\/jusumn.lt\/index.php\/wp-json\/wp\/v2\/media?parent=10"}],"curies":[{"name":"wp","href":"https:\/\/api.w.org\/{rel}","templated":true}]}}