{"id":101,"date":"2023-06-14T06:53:22","date_gmt":"2023-06-14T06:53:22","guid":{"rendered":"https:\/\/jusumn.lt\/?page_id=101"},"modified":"2023-08-28T10:00:14","modified_gmt":"2023-08-28T10:00:14","slug":"mokamu-paslaugu-kainynas","status":"publish","type":"page","link":"https:\/\/jusumn.lt\/index.php\/paslaugos\/mokamu-paslaugu-kainynas\/","title":{"rendered":"Paslaug\u0173 kainynai"},"content":{"rendered":"\n<p class=\"has-light-color has-border-background-color has-text-color has-background has-large-font-size\"><a href=\"http:\/\/jusumn.lt\/wp-content\/uploads\/2023\/08\/Jusu-medicinos-namai-paslaugu-kainynas.pdf\" data-type=\"URL\" data-id=\"http:\/\/jusumn.lt\/wp-content\/uploads\/2023\/07\/Jusu-medicinos-namai-paslaugu-kainynas.docx\">Klinikos paslaug\u0173 kainynas<\/a><\/p>\n\n\n\n<p class=\"has-main-color has-border-background-color has-text-color has-background has-link-color has-large-font-size wp-elements-c6a1fc3bed7553b3c6f8d72caab19153\"><a href=\"http:\/\/jusumn.lt\/wp-content\/uploads\/2023\/08\/UAB-Jusu-medicinos-namai-odontologinis-kainynas.pdf\" data-type=\"URL\" data-id=\"http:\/\/jusumn.lt\/wp-content\/uploads\/2023\/07\/UAB-Jusu-medicinos-namai-odontologinis-kainynas.doc\" target=\"_blank\" rel=\"noreferrer noopener\">Odontologini\u0173 paslaug\u0173 kainynas<\/a><\/p>\n\n\n\n<p>Klinikoje teikiamos mokamos paslaugos:<\/p>\n\n\n\n<ul>\n<li><strong>nedraustiems<\/strong>&nbsp;privalomuoju sveikatos draudimu pacientams ir u\u017esienio pilie\u010diams (i\u0161skyrus b\u016btin\u0105j\u0105 pagalb\u0105);<\/li>\n\n\n\n<li>papildomos paslaugos, kuri\u0173 pageidauja pacientas, ta\u010diau jos n\u0117ra susijusios su pagrindin\u0117s ligos gydymu;<\/li>\n\n\n\n<li>nurodytos SAM \u012fsakymuose kaip mokamos;<\/li>\n\n\n\n<li>skiepai, ne\u012ftraukti \u012f profilaktini\u0173 skiepijim\u0173 kalendori\u0173;<\/li>\n\n\n\n<li>laboratoriniai tyrimai, kurie ne\u012feina \u012f \u0161eimos gydytojo norm\u0105 ir \u0161eimos gydytojai skiria pacientui pageidaujant;<\/li>\n\n\n\n<li>ir kt.<\/li>\n<\/ul>\n\n\n\n<p>D\u0117l klinikoje teikiam\u0173 konkre\u010di\u0173 paslaug\u0173 suteikimo ir papildomos informacijos pra\u0161ome teirautis registrat\u016bros telefonais&nbsp;<strong>+37061224111; +37061646937<\/strong>&nbsp;arba atvykus \u012f klinik\u0105.<\/p>\n\n\n\n<p><\/p>\n","protected":false},"excerpt":{"rendered":"<p>Klinikos paslaug\u0173 kainynas Odontologini\u0173 paslaug\u0173 kainynas Klinikoje teikiamos mokamos paslaugos: D\u0117l klinikoje teikiam\u0173 konkre\u010di\u0173 paslaug\u0173 suteikimo ir papildomos informacijos pra\u0161ome teirautis registrat\u016bros telefonais&nbsp;+37061224111; +37061646937&nbsp;arba atvykus \u012f klinik\u0105.<\/p>\n","protected":false},"author":1,"featured_media":0,"parent":71,"menu_order":0,"comment_status":"closed","ping_status":"closed","template":"","meta":[],"_links":{"self":[{"href":"https:\/\/jusumn.lt\/index.php\/wp-json\/wp\/v2\/pages\/101"}],"collection":[{"href":"https:\/\/jusumn.lt\/index.php\/wp-json\/wp\/v2\/pages"}],"about":[{"href":"https:\/\/jusumn.lt\/index.php\/wp-json\/wp\/v2\/types\/page"}],"author":[{"embeddable":true,"href":"https:\/\/jusumn.lt\/index.php\/wp-json\/wp\/v2\/users\/1"}],"replies":[{"embeddable":true,"href":"https:\/\/jusumn.lt\/index.php\/wp-json\/wp\/v2\/comments?post=101"}],"version-history":[{"count":24,"href":"https:\/\/jusumn.lt\/index.php\/wp-json\/wp\/v2\/pages\/101\/revisions"}],"predecessor-version":[{"id":370,"href":"https:\/\/jusumn.lt\/index.php\/wp-json\/wp\/v2\/pages\/101\/revisions\/370"}],"up":[{"embeddable":true,"href":"https:\/\/jusumn.lt\/index.php\/wp-json\/wp\/v2\/pages\/71"}],"wp:attachment":[{"href":"https:\/\/jusumn.lt\/index.php\/wp-json\/wp\/v2\/media?parent=101"}],"curies":[{"name":"wp","href":"https:\/\/api.w.org\/{rel}","templated":true}]}}