{"id":104,"date":"2023-06-14T07:20:57","date_gmt":"2023-06-14T07:20:57","guid":{"rendered":"https:\/\/jusumn.lt\/?page_id=104"},"modified":"2025-10-14T07:34:21","modified_gmt":"2025-10-14T07:34:21","slug":"kontaktai","status":"publish","type":"page","link":"https:\/\/jusumn.lt\/index.php\/kontaktai\/","title":{"rendered":"Kontaktai"},"content":{"rendered":"\n<div class=\"wp-block-columns is-layout-flex wp-container-3\">\n<div class=\"wp-block-column is-layout-flow\">\n<figure class=\"wp-block-image alignleft size-full is-resized\"><img decoding=\"async\" loading=\"lazy\" src=\"http:\/\/jusumn.lt\/wp-content\/uploads\/2023\/05\/cropped-medicinos-namai-logo-web-1.png\" alt=\"\" class=\"wp-image-626\" width=\"277\" height=\"83\" srcset=\"https:\/\/jusumn.lt\/wp-content\/uploads\/2023\/05\/cropped-medicinos-namai-logo-web-1.png 334w, https:\/\/jusumn.lt\/wp-content\/uploads\/2023\/05\/cropped-medicinos-namai-logo-web-1-300x90.png 300w\" sizes=\"(max-width: 277px) 100vw, 277px\" \/><\/figure>\n<\/div>\n\n\n\n<div class=\"wp-block-column is-layout-flow\">\n<figure class=\"wp-block-image alignleft size-large is-resized\"><img decoding=\"async\" loading=\"lazy\" src=\"http:\/\/jusumn.lt\/wp-content\/uploads\/2025\/06\/cropped-cropped-cropped-JK-be-backroundo-1536x397-1-1024x264.webp\" alt=\"\" class=\"wp-image-598\" width=\"275\" height=\"70\" srcset=\"https:\/\/jusumn.lt\/wp-content\/uploads\/2025\/06\/cropped-cropped-cropped-JK-be-backroundo-1536x397-1-1024x264.webp 1024w, https:\/\/jusumn.lt\/wp-content\/uploads\/2025\/06\/cropped-cropped-cropped-JK-be-backroundo-1536x397-1-300x77.webp 300w, https:\/\/jusumn.lt\/wp-content\/uploads\/2025\/06\/cropped-cropped-cropped-JK-be-backroundo-1536x397-1-768x198.webp 768w, https:\/\/jusumn.lt\/wp-content\/uploads\/2025\/06\/cropped-cropped-cropped-JK-be-backroundo-1536x397-1-1140x294.webp 1140w, https:\/\/jusumn.lt\/wp-content\/uploads\/2025\/06\/cropped-cropped-cropped-JK-be-backroundo-1536x397-1.webp 1534w\" sizes=\"(max-width: 275px) 100vw, 275px\" \/><\/figure>\n<\/div>\n<\/div>\n\n\n\n<div class=\"wp-block-columns is-layout-flex wp-container-6\">\n<div class=\"wp-block-column is-layout-flow\">\n<p><strong>Klinikos registrat\u016bros tel.<\/strong> +37061224111; +37061646937.<\/p>\n\n\n\n<p><strong>Adresas: <\/strong>J. Basanavi\u010diaus g. 8 &#8211; 12, Kur\u0161\u0117nai.<\/p>\n\n\n\n<p><strong>Darbo laikas:<\/strong> I &#8211; V  7 &#8211; 19 val.<\/p>\n\n\n\n<p><strong>El. pa\u0161tas: <\/strong>kursenai@medicinosnamai.lt<\/p>\n\n\n\n<p><strong>Odontologijos klinikos tel. <\/strong>+37068260116<\/p>\n\n\n\n<p><strong>Odontologijos klinikos adresas:<\/strong> J. Basanavi\u010diaus g. 12 &#8211; 11, Kur\u0161\u0117nai.<\/p>\n<\/div>\n\n\n\n<div class=\"wp-block-column is-layout-flow\">\n<p><strong>Klinikos registrat\u016bros tel.<\/strong> +37066294340; +37066295323.<\/p>\n\n\n\n<p><strong>Adresas: <\/strong>P. Vi\u0161inskio g. 14 \u2013 9, LT-77154, \u0160iauliai.<\/p>\n\n\n\n<p><strong>Darbo laikas: <\/strong>I &#8211; V  08.00 \u2013 18.00<\/p>\n\n\n\n<p><strong>El. pa\u0161tas:<\/strong> siauliai@jusumn.lt<\/p>\n<\/div>\n<\/div>\n\n\n\n<p><\/p>\n\n\n\n<p>Jei turite klausim\u0173 d\u0117l asmens duomen\u0173 tvarkymo, pra\u0161ome kreiptis \u012f klinik\u0105 el. pa\u0161tu <a href=\"mailto:administracija@jusumn.lt\">administracija@jusumn.lt<\/a> ir \u012f duomen\u0173 apsaugos pareig\u016bn\u0105 el. pa\u0161tu dap.digai@gmail.com arba tel. nr. +37068577024.<\/p>\n\n\n\n<p>Jei norite susisiekti d\u0117l teikiam\u0173 paslaug\u0173 kokyb\u0117s, pra\u0161ome kreiptis el. pa\u0161tu <a href=\"mailto:administracija@jusumn.lt\">administracija@jusumn.lt<\/a><\/p>\n\n\n\n<p><strong>Rekvizitai<\/strong><\/p>\n\n\n\n<p>UAB &#8222;J\u016bs\u0173 medicinos namai&#8221;<\/p>\n\n\n\n<p>\u012emon\u0117s kodas: 306107268<\/p>\n\n\n\n<p>Registracijos adresas: J. Basanavi\u010diaus g. 8-3, Kur\u0161\u0117nai, LT-81183, \u0160iauli\u0173 r.<\/p>\n\n\n\n<p>a. s. LT067189900050467036, AB \u201eArtea bankas\u201c<\/p>\n","protected":false},"excerpt":{"rendered":"<p>Klinikos registrat\u016bros tel. +37061224111; +37061646937. Adresas: J. Basanavi\u010diaus g. 8 &#8211; 12, Kur\u0161\u0117nai. Darbo laikas: I &#8211; V 7 &#8211; 19 val. El. pa\u0161tas: kursenai@medicinosnamai.lt Odontologijos klinikos tel. +37068260116 Odontologijos klinikos adresas: J. Basanavi\u010diaus g. 12 &#8211; 11, Kur\u0161\u0117nai. Klinikos registrat\u016bros tel. +37066294340; +37066295323. Adresas: P. Vi\u0161inskio g. 14 \u2013 9, LT-77154, \u0160iauliai. Darbo laikas: I &#8211; V 08.00 \u2013<span class=\"more-dots\">&#8230;<\/span><\/p>\n","protected":false},"author":1,"featured_media":0,"parent":0,"menu_order":10,"comment_status":"closed","ping_status":"closed","template":"","meta":[],"_links":{"self":[{"href":"https:\/\/jusumn.lt\/index.php\/wp-json\/wp\/v2\/pages\/104"}],"collection":[{"href":"https:\/\/jusumn.lt\/index.php\/wp-json\/wp\/v2\/pages"}],"about":[{"href":"https:\/\/jusumn.lt\/index.php\/wp-json\/wp\/v2\/types\/page"}],"author":[{"embeddable":true,"href":"https:\/\/jusumn.lt\/index.php\/wp-json\/wp\/v2\/users\/1"}],"replies":[{"embeddable":true,"href":"https:\/\/jusumn.lt\/index.php\/wp-json\/wp\/v2\/comments?post=104"}],"version-history":[{"count":8,"href":"https:\/\/jusumn.lt\/index.php\/wp-json\/wp\/v2\/pages\/104\/revisions"}],"predecessor-version":[{"id":755,"href":"https:\/\/jusumn.lt\/index.php\/wp-json\/wp\/v2\/pages\/104\/revisions\/755"}],"wp:attachment":[{"href":"https:\/\/jusumn.lt\/index.php\/wp-json\/wp\/v2\/media?parent=104"}],"curies":[{"name":"wp","href":"https:\/\/api.w.org\/{rel}","templated":true}]}}