{"id":117,"date":"2023-06-19T12:38:54","date_gmt":"2023-06-19T12:38:54","guid":{"rendered":"https:\/\/jusumn.lt\/?page_id=117"},"modified":"2025-07-27T07:55:08","modified_gmt":"2025-07-27T07:55:08","slug":"apie-mus-2","status":"publish","type":"page","link":"https:\/\/jusumn.lt\/index.php\/apie-mus-2\/","title":{"rendered":"Prad\u017eia"},"content":{"rendered":"\n<p>UAB \u201eJ\u016bs\u0173 medicinos namai\u201c \u2013 pirmines ir antrines sveikatos prie\u017ei\u016bros paslaugas teikian\u010dios klinikos \u0160iauliuose ir Kur\u0161\u0117nuose.<\/p>\n","protected":false},"excerpt":{"rendered":"<p>UAB \u201eJ\u016bs\u0173 medicinos namai\u201c \u2013 pirmines ir antrines sveikatos prie\u017ei\u016bros paslaugas teikian\u010dios klinikos \u0160iauliuose ir Kur\u0161\u0117nuose.<\/p>\n","protected":false},"author":1,"featured_media":0,"parent":0,"menu_order":0,"comment_status":"closed","ping_status":"closed","template":"","meta":[],"_links":{"self":[{"href":"https:\/\/jusumn.lt\/index.php\/wp-json\/wp\/v2\/pages\/117"}],"collection":[{"href":"https:\/\/jusumn.lt\/index.php\/wp-json\/wp\/v2\/pages"}],"about":[{"href":"https:\/\/jusumn.lt\/index.php\/wp-json\/wp\/v2\/types\/page"}],"author":[{"embeddable":true,"href":"https:\/\/jusumn.lt\/index.php\/wp-json\/wp\/v2\/users\/1"}],"replies":[{"embeddable":true,"href":"https:\/\/jusumn.lt\/index.php\/wp-json\/wp\/v2\/comments?post=117"}],"version-history":[{"count":4,"href":"https:\/\/jusumn.lt\/index.php\/wp-json\/wp\/v2\/pages\/117\/revisions"}],"predecessor-version":[{"id":734,"href":"https:\/\/jusumn.lt\/index.php\/wp-json\/wp\/v2\/pages\/117\/revisions\/734"}],"wp:attachment":[{"href":"https:\/\/jusumn.lt\/index.php\/wp-json\/wp\/v2\/media?parent=117"}],"curies":[{"name":"wp","href":"https:\/\/api.w.org\/{rel}","templated":true}]}}