{"id":174,"date":"2023-07-05T11:05:01","date_gmt":"2023-07-05T11:05:01","guid":{"rendered":"https:\/\/jusumn.lt\/?page_id=174"},"modified":"2026-01-02T16:00:32","modified_gmt":"2026-01-02T16:00:32","slug":"seimos-gydytoju-darbo-laikas","status":"publish","type":"page","link":"https:\/\/jusumn.lt\/index.php\/klinikos\/klinika-kursenuose\/seimos-gydytoju-darbo-laikas\/","title":{"rendered":"\u0160eimos gydytojai"},"content":{"rendered":"\n<p class=\"has-main-2-background-color has-background\"><strong>Kur\u0161\u0117n\u0173 klinikoje dirba \u0161ie \u0161eimos gydytojai:<\/strong><\/p>\n\n\n\n<div class=\"wp-block-columns is-layout-flex wp-container-4\">\n<div class=\"wp-block-column is-layout-flow\">\n<p class=\"has-text-align-left\">              <strong>Aurelija Rap\u0161evi\u010dien\u0117<\/strong><\/p>\n\n\n\n<pre class=\"wp-block-preformatted\">Pirmadienis\t14:00 \u2013 18:00\nAntradienis\t8:00 \u2013 13:00\nTre\u010diadienis\t14:00 \u2013 18:00\nKetvirtadienis\t8:00 \u2013 13:00\nPenktadienis\t14:00 \u2013 18:00<\/pre>\n<\/div>\n\n\n\n<div class=\"wp-block-column is-layout-flow\">\n<p>                       <strong>Rita Ge\u010dien\u0117<\/strong><\/p>\n\n\n\n<pre class=\"wp-block-preformatted\">Pirmadienis\t14:00 \u2013 18:00\nAntradienis\t8:00 \u2013 13:00\nTre\u010diadienis\t14:00 \u2013 18:00\nKetvirtadienis\t8:00 \u2013 13:00\nPenktadienis\t14:00 \u2013 18:00<\/pre>\n<\/div>\n\n\n\n<div class=\"wp-block-column is-layout-flow\">\n<p>       <strong> Raimonda  Lanauskien\u0117<\/strong><\/p>\n\n\n\n<pre class=\"wp-block-preformatted\">Pirmadienis\t14:00 \u2013 18:00\nAntradienis\t8:00 \u2013 13:00\nTre\u010diadienis\t14:00 \u2013 18:00\nKetvirtadienis\t8:00 \u2013 13:00\nPenktadienis\t14:00 \u2013 18:00<\/pre>\n\n\n\n<p>      <\/p>\n<\/div>\n<\/div>\n\n\n\n<div class=\"wp-block-columns is-layout-flex wp-container-8\">\n<div class=\"wp-block-column is-layout-flow\">\n<p>                      <strong>Aksana Plat\u016bkien\u0117<\/strong><\/p>\n\n\n\n<pre class=\"wp-block-preformatted\">Pirmadienis\t8:00 \u2013 13:00\nAntradienis\t12:30 \u2013 16:30\nTre\u010diadienis\t8:00 \u2013 13:00\nKetvirtadienis\t14:00 \u2013 18:00\nPenktadienis\t8:00 \u2013 13:00\n<\/pre>\n<\/div>\n\n\n\n<div class=\"wp-block-column is-layout-flow\">\n<p>                   <strong>Monika Martusevi\u010dien\u0117<\/strong><\/p>\n\n\n\n<pre class=\"wp-block-preformatted\">Pirmadienis\t8:00 \u2013 13:00\nAntradienis\t14:00 \u2013 18:00\nTre\u010diadienis\t8:00 \u2013 13:00\nKetvirtadienis\t14:00 \u2013 18:00\nPenktadienis\t8:00 \u2013 13:00\n<\/pre>\n<\/div>\n\n\n\n<div class=\"wp-block-column is-layout-flow\">\n<p>       <strong> Rasa<\/strong> <strong>Toleikyt\u0117<\/strong>       <\/p>\n\n\n\n<pre class=\"wp-block-preformatted\">Pirmadienis\t8:00 \u2013 13:00\nAntradienis\t14:00 \u2013 18:00\nTre\u010diadienis\t8:00 \u2013 13:00\nKetvirtadienis\t14:00 \u2013 18:00\nPenktadienis\t8:00 \u2013 13:00\n<\/pre>\n<\/div>\n<\/div>\n\n\n\n<div class=\"wp-block-columns is-layout-flex wp-container-12\">\n<div class=\"wp-block-column is-layout-flow\">\n<p>                     <strong> Justina Ramanavi\u010di\u016bt\u0117<\/strong><\/p>\n\n\n\n<pre class=\"wp-block-preformatted\">Pirmadienis\t15:00 \u2013 17:00\nAntradienis\t9:00 \u2013 12:00\nTre\u010diadienis\t15:00 \u2013 17:00\nKetvirtadienis\t9:00 \u2013 12:00\nPenktadienis\t15:00 \u2013 17:00<\/pre>\n<\/div>\n\n\n\n<div class=\"wp-block-column is-layout-flow\">\n<p>          <strong>    <\/strong>  <strong>Emilija Baltraitien\u0117<\/strong><\/p>\n\n\n\n<pre id=\"block-75690172-3c68-409f-b45e-db1da46d75ac\" class=\"wp-block-preformatted\">Vaiko prie\u017ei\u016bros atostogose.<\/pre>\n<\/div>\n\n\n\n<div class=\"wp-block-column is-layout-flow\">\n<p>         <\/p>\n<\/div>\n<\/div>\n\n\n\n<p>Klinikoje teikiamos pirmin\u0117s asmens sveikatos prie\u017ei\u016bros paslaugos prie \u0161ios klinikos&nbsp;<strong>prisira\u0161iusiems<\/strong>&nbsp;ir&nbsp;<strong>draustiems<\/strong>&nbsp;privalomuoju sveikatos draudimu asmenims&nbsp;<strong>nemokamai,<\/strong>&nbsp;vadovaujantis su teritorine ligoni\u0173 kasa pasira\u0161yta sutartimi.<\/p>\n","protected":false},"excerpt":{"rendered":"<p>Kur\u0161\u0117n\u0173 klinikoje dirba \u0161ie \u0161eimos gydytojai: Aurelija Rap\u0161evi\u010dien\u0117 Pirmadienis 14:00 \u2013 18:00 Antradienis 8:00 \u2013 13:00 Tre\u010diadienis 14:00 \u2013 18:00 Ketvirtadienis 8:00 \u2013 13:00 Penktadienis 14:00 \u2013 18:00 Rita Ge\u010dien\u0117 Pirmadienis 14:00 \u2013 18:00 Antradienis 8:00 \u2013 13:00 Tre\u010diadienis 14:00 \u2013 18:00 Ketvirtadienis 8:00 \u2013 13:00 Penktadienis 14:00 \u2013 18:00 Raimonda Lanauskien\u0117 Pirmadienis 14:00 \u2013 18:00 Antradienis 8:00 \u2013 13:00<span class=\"more-dots\">&#8230;<\/span><\/p>\n","protected":false},"author":1,"featured_media":0,"parent":611,"menu_order":0,"comment_status":"closed","ping_status":"closed","template":"","meta":[],"_links":{"self":[{"href":"https:\/\/jusumn.lt\/index.php\/wp-json\/wp\/v2\/pages\/174"}],"collection":[{"href":"https:\/\/jusumn.lt\/index.php\/wp-json\/wp\/v2\/pages"}],"about":[{"href":"https:\/\/jusumn.lt\/index.php\/wp-json\/wp\/v2\/types\/page"}],"author":[{"embeddable":true,"href":"https:\/\/jusumn.lt\/index.php\/wp-json\/wp\/v2\/users\/1"}],"replies":[{"embeddable":true,"href":"https:\/\/jusumn.lt\/index.php\/wp-json\/wp\/v2\/comments?post=174"}],"version-history":[{"count":22,"href":"https:\/\/jusumn.lt\/index.php\/wp-json\/wp\/v2\/pages\/174\/revisions"}],"predecessor-version":[{"id":766,"href":"https:\/\/jusumn.lt\/index.php\/wp-json\/wp\/v2\/pages\/174\/revisions\/766"}],"up":[{"embeddable":true,"href":"https:\/\/jusumn.lt\/index.php\/wp-json\/wp\/v2\/pages\/611"}],"wp:attachment":[{"href":"https:\/\/jusumn.lt\/index.php\/wp-json\/wp\/v2\/media?parent=174"}],"curies":[{"name":"wp","href":"https:\/\/api.w.org\/{rel}","templated":true}]}}