{"id":252,"date":"2023-07-17T21:06:30","date_gmt":"2023-07-17T21:06:30","guid":{"rendered":"https:\/\/jusumn.lt\/?page_id=252"},"modified":"2025-07-22T06:57:21","modified_gmt":"2025-07-22T06:57:21","slug":"naudinga-informacija","status":"publish","type":"page","link":"https:\/\/jusumn.lt\/index.php\/naudinga-informacija-2\/naudinga-informacija\/","title":{"rendered":"Papildomas paslaugas teikian\u010di\u0173 \u012fstaig\u0173 kontaktai"},"content":{"rendered":"\n<figure class=\"wp-block-table\"><table><tbody><tr><td><strong>\u012estaigos pavadinimas<\/strong><\/td><td><strong>Kontaktai<\/strong><\/td><td colspan=\"2\"><strong>Turima sutartis<\/strong><\/td><td><strong>Teikiamos paslaugos<\/strong><\/td><\/tr><tr><td colspan=\"5\"><strong>Kitos asmens sveikatos prie\u017ei\u016bros \u012fstaigos:<\/strong><\/td><\/tr><tr><td>V\u0161\u012e \u0160iauli\u0173 rajono savivaldyb\u0117s sveikatos centras<\/td><td><strong>Tel. nr.:<\/strong> <strong>+370 41 <\/strong> <strong>55 27 72<\/strong> <br><strong>Adresas:<\/strong> J. Basanavi\u010diaus g. 10, LT-72214 Kur\u0161\u0117nai <br><a href=\"https:\/\/srsc.lt \">https:\/\/www.srsc.lt <\/a><\/td><td colspan=\"2\">Sutartis d\u0117l pri\u0117mimo klinikos nedarbo metu<\/td><td>Gydytoj\u0173 specialist\u0173 antrinio lygio konsultacijos, rentgeno tyrimai, pri\u0117mimas klinikos ne darbo metu.<\/td><\/tr><tr><td colspan=\"5\"><strong>Psichikos sveikatos centrai:<\/strong><\/td><\/tr><tr><td><br><br>UAB \u201e\u0160iauli\u0173 psichikos sveikatos centras\u201c<br>\u00a0<br><br><strong>\u00a0<\/strong><br><\/td><td><strong>Tel. nr.:<\/strong> +370 655 80 069<br><strong>Adresas<\/strong>: Gumbin\u0117s g. 33C, \u0160iauliai<br><strong>Darbo laikas<\/strong>: I III V 08:00-17:00:<br>II IV 08:00-19:00<br><strong>El. pa\u0161tas:<\/strong> <a href=\"mailto:info@siauliupsc.lt\">info@siauliupsc.lt<\/a><br><a href=\"https:\/\/www.siauliupsc.lt\/\">https:\/\/www.siauliupsc.lt\/<\/a><\/td><td>Sutartis d\u0117l pirmin\u0117s psichikos sveikatos paslaug\u0173 m\u016bs\u0173 pacientams<br>Pirmin\u0117s psichikos sveikatos prie\u017ei\u016bros                       paslaugos<\/td><td>Pirmin\u0117s psichikos sveikatos prie\u017ei\u016bros paslaugos.<\/td><\/tr><tr><td>V\u0161\u012e \u0160iauli\u0173 rajono savivaldyb\u0117s sveikatos centras<\/td><td><strong>Tel. nr.:<\/strong> +370 41 581 435<br><strong>Adresas:<\/strong> J. Basanavi\u010diaus g. 18, Kur\u0161\u0117nai <br><strong>Darbo laikas: <\/strong>I \u2013 V 7.00 \u2013 19.00 <br><a href=\"https:\/\/www.srsc.lt\">https:\/\/www.srsc.lt<\/a><\/td><td colspan=\"2\">Sutartis d\u0117l pirmin\u0117s psichikos sveikatos paslaug\u0173 m\u016bs\u0173 pacientams<\/td><td>Pirmin\u0117s psichikos sveikatos prie\u017ei\u016bros paslaugos.<\/td><\/tr><tr><td colspan=\"5\"><strong>Socialines ir kitas paslaugas teikian\u010dios \u012fstaigos:<\/strong><\/td><\/tr><tr><td>\u0160iauli\u0173 rajono socialinis paslaug\u0173 centras<\/td><td><strong>Tel. nr.:<\/strong> (8 41) 59 66 84 <br><strong>Adresas:<\/strong> J. Basanavi\u010diaus g. 7, LT-81156, Kur\u0161\u0117nai <br><strong>Darbo laikas:<\/strong> <strong>I \u2013 IV&nbsp; 8.00 \u2013 17.00<br>V 8.00 \u2013 15.45<\/strong> <strong>El. pa\u0161tas:<\/strong> <a href=\"mailto:siauliuraj.spc@gmail.com\">siauliuraj.spc@gmail.com<\/a> <a href=\"https:\/\/siauliurajonospc.lt\" target=\"_blank\" rel=\"noreferrer noopener\">https:\/\/siauliurajonospc.lt<\/a><br><\/td><td>Sutartis d\u0117l socialini\u0173 paslaug\u0173 teikimo ir vertinimo ambulatori\u0161kai slaugomiems pacientams<\/td><td colspan=\"2\">Socialini\u0173 paslaug\u0173 teikimas ir vertinimas.<\/td><\/tr><tr><td>V\u0161\u012e globos ir slaugos centras \u201eSidabra\u017eol\u0117\u201c<\/td><td><strong>Tel. nr.:<\/strong> +37068242896; +37066358492 <strong>Adresas:<\/strong> Au\u0161ros al. 66 A, \u0160iauliai <br><strong>El. pa\u0161tas:<\/strong> <a href=\"mailto:sidabrazolevsi@gmail.com\">sidabrazolevsi@gmail.com<\/a> <a href=\"https:\/\/sidabrazole.lt\/\">https:\/\/sidabrazole.lt\/<\/a> &nbsp;<\/td><td>Sutartis d\u0117l ambulatorini\u0173 paliatyvi\u0173 slaugos paslaug\u0173 teikimo<\/td><td colspan=\"2\">Ambulatorin\u0117s paliatyvios slaugos paslaugos.<\/td><\/tr><tr><td>Technin\u0117s pagalbos ne\u012fgaliesiems centras<\/td><td><strong>Tel. nr.:<\/strong> <strong>+37080080089<\/strong> <br><strong>Adresas:<\/strong> Vilniaus g. 40, 76253 \u0160iauliai <strong>Darbo laikas:<\/strong> <strong>I \u2013 IV &nbsp;8.00 \u2013 16.45<br>V 8.00 \u2013 15.30<\/strong> <br><strong>El. pa\u0161tas:<\/strong> centras@tpnc.lt <a href=\"https:\/\/siauliurajonospc.lt\/\">https:\/\/siauliurajonospc.lt\/<\/a><\/td><td>&nbsp;<\/td><td colspan=\"2\">Asmen\u0173 apr\u016bpinimas technin\u0117s pagalbos priemon\u0117mis.<\/td><\/tr><tr><td>\u0160iauli\u0173 apskrities vaiko teisi\u0173 apsaugos skyrius &nbsp;<\/td><td><strong>Tel. nr. <\/strong>+37061457509 <br><strong>Adresas:<\/strong> Til\u017e\u0117s g. 22, \u0160iauliai <br><strong>El. pa\u0161tas:<\/strong> <a href=\"mailto:edita.pleskaite@vaikoteises.lt\">edita.pleskaite@vaikoteises.lt<\/a> <a href=\"https:\/\/vaikoteises.lrv.lt\/\">https:\/\/vaikoteises.lrv.lt\/<\/a><\/td><td>&nbsp;<\/td><td colspan=\"2\">Gina ir u\u017etikrina vaiko teises ir atstovauja vaiko teis\u0117ms ir teis\u0117tiems interesams.<\/td><\/tr><tr><td>Vaik\u0173 dienos centras \u201eEterna Vita\u201c<\/td><td><strong>Tel. nr. <\/strong>+370 636 98 777 <br><strong>Adresas: <\/strong>Daug\u0117li\u0173 g. 83, Kur\u0161\u0117nai, LT-81117 <strong>El. pa\u0161tas: <\/strong><a href=\"mailto:vdc@eternavita.lt\">vdc@eternavita.lt<\/a> <a href=\"https:\/\/www.eternavita.lt\/\">https:\/\/www.eternavita.lt\/<\/a> <strong>&nbsp;<\/strong><\/td><td>&nbsp;<\/td><td colspan=\"2\">Vaik\u0173 dienos centras teikia socialines ir ugdymo paslaugas 7 \u2013 16 met\u0173&nbsp;am\u017eiaus vaikams bei j\u0173 \u0161eimoms.<\/td><\/tr><tr><td>\u0160iauli\u0173 rajono ne\u012fgali\u0173j\u0173 draugija &nbsp;<\/td><td><strong>Tel. nr. <\/strong>+37065070977 <br><strong>Adresas:<\/strong> T.Tilvy\u010dio g. 12, Kur\u0161\u0117nai, LT-81184 \u0160iauli\u0173 r. <br><strong>El. pa\u0161tas: <\/strong><a href=\"mailto:info@draugija.lt\">info@draugija.lt<\/a> <a href=\"https:\/\/draugija.lt\/siauliu-rajono-neigaliuju-draugija\/\">https:\/\/draugija.lt\/siauliu-rajono-neigaliuju-draugija\/<\/a> <strong>&nbsp;<\/strong> <strong>&nbsp;<\/strong><\/td><td>&nbsp;<\/td><td colspan=\"2\">Ne\u012fgali\u0173j\u0173 dienos u\u017eimtumas, ne\u012fgali\u0173j\u0173 savaranki\u0161kumo kasdien\u0117je veikloje \u012fg\u016bd\u017ei\u0173 formavimas, socialini\u0173, pa\u017eintini\u0173 \u012fg\u016bd\u017ei\u0173 stiprinimas, menin\u0117s rai\u0161kos, k\u016brybi\u0161kumo lavinimo ir palaikymo u\u017esi\u0117mimai.<\/td><\/tr><tr><td>\u0160iauli\u0173 rajono savivaldyb\u0117s visuomen\u0117s sveikatos biuras<\/td><td><strong>Tel. nr.<\/strong> +370 683 27&nbsp;615 <br><strong>Adresas:<\/strong> Basanavi\u010diaus g. 7, Kur\u0161\u0117nai <strong>Darbo laikas:<\/strong> I\u2013IV 8:00\u201317:00<br>V 8:00\u201315:45 <br><a href=\"https:\/\/siauliurvsb.lt\/\">https:\/\/siauliurvsb.lt\/<\/a> &nbsp; &nbsp;<\/td><td>&nbsp;<\/td><td colspan=\"2\">Teikia gyventojams visuomen\u0117s sveikatos prie\u017ei\u016bros paslaugas.<\/td><\/tr><tr><td>Respublikinis priklausomyb\u0117s lig\u0173 centras<\/td><td><strong>Tel. nr.<\/strong> +370 41 45 56 44 <br><strong>Adresas:<\/strong> Daubos g. 3, \u0160iauliai <br><strong>Darbo laikas:<\/strong> I\u2013V 8:00\u201316:00<br><a href=\"https:\/\/www.rplc.lt\/\">https:\/\/www.rplc.lt\/<\/a> &nbsp; &nbsp;<\/td><td>&nbsp;<\/td><td colspan=\"2\">Respublikinis priklausomyb\u0117s lig\u0173 centras&nbsp;yra gydymo \u012fstaiga,&nbsp;teikianti medicinines, psichologines ir socialines paslaugas asmenims, \u017ealingai vartojantiems alkohol\u012f, narkotines med\u017eiagas ar tabak\u0105, bei j\u0173 \u0161eimos nariams.<\/td><\/tr><tr><td>Psichosocialin\u0117s reabilitacijos centras vyrams \u201eEterna Vita\u201c<\/td><td><strong>Tel. nr.<\/strong> +370 640 77 754 <br><strong>Adresas:<\/strong> Ku\u0161leiki\u0173 k. 8, Ku\u0161leikiai, LT-81103, \u0160iauli\u0173 r. <br><strong>El. pa\u0161tas:<\/strong> <a href=\"mailto:info@eternavita.lt\">info@eternavita.lt<\/a> <a href=\"https:\/\/www.eternavita.lt\/\">https:\/\/www.eternavita.lt\/<\/a> &nbsp;<\/td><td>&nbsp;<\/td><td colspan=\"2\">Psichosocialin\u0117 reabilitacija vyrams \u2013 tai galimyb\u0117 gauti pagalb\u0105 asmenims, priklausomiems nuo psichoaktyvi\u0173 med\u017eiag\u0173. Terapin\u0117 bendruomen\u0117 teikia pagalb\u0105 ir param\u0105, motyvuoja bei padeda keisti gyvenim\u0105, \u012fpro\u010dius, atgauti tik\u0117jim\u0105 savimi, galimyb\u0119 kontroliuoti savo gyvenim\u0105.<\/td><\/tr><tr><td>Psichosocialin\u0117s reabilitacijos centras moterims \u201eEterna Vita\u201c<\/td><td><strong>Tel. nr.<\/strong> +370 640 77 754 <br><strong>Adresas:<\/strong> Ku\u0161leiki\u0173 k. 8, Ku\u0161leikiai, LT-81103, \u0160iauli\u0173 r. <br><strong>El. pa\u0161tas:<\/strong> <a href=\"mailto:info@eternavita.lt\">info@eternavita.lt<\/a> <a href=\"https:\/\/www.eternavita.lt\/\">https:\/\/www.eternavita.lt\/<\/a> <strong>&nbsp;<\/strong><\/td><td>&nbsp;<\/td><td colspan=\"2\">Psichosocialin\u0117 reabilitacija moterims ir mamoms su vaikais skirta moterims priklausomoms nuo psichoaktyvi\u0173 med\u017eiag\u0173. Terapin\u0117 bendruomen\u0117 teikia pagalb\u0105, padeda keisti priklausomybe sergan\u010di\u0173 moter\u0173 \u012fpro\u010dius bei formuoti blaivaus gyvenimo \u012fg\u016bd\u017eius.&nbsp;&nbsp;<\/td><\/tr><\/tbody><\/table><\/figure>\n\n\n\n<p class=\"has-text-align-left\"><strong>N\u0117\u0161\u010di\u0173j\u0173 programas teikian\u010dios \u012fstaigos<\/strong><\/p>\n\n\n\n<figure class=\"wp-block-table\"><table><tbody><tr><td>\u0160iauli\u0173 reabilitacijos centras<\/td><td><strong>Tel. nr. <\/strong>+370 41 455688 <br><strong>Adresas:<\/strong> Pramon\u0117s g. 15a, \u0160iauliai <br><strong>Darbo laikas:<\/strong><br>I-V 7.00-20.00<br><a rel=\"noreferrer noopener\" href=\"https:\/\/www.reabilitacijoscentras.lt\/\" target=\"_blank\">https:\/\/www.reabilitacijoscentras.lt<\/a><\/td><td>N\u0117\u0161\u010di\u0173j\u0173 mank\u0161ta ir joga. &nbsp;<\/td><\/tr><tr><td>\u0160iauli\u0173 miesto savivaldyb\u0117s visuomen\u0117s sveikatos biuras<\/td><td><strong>Tel. nr.<\/strong> +370 41 437474<br><strong>Adresas:<\/strong> Varpo g. 9, \u0160iauliai <br><a rel=\"noreferrer noopener\" href=\"http:\/\/www.sveikatos-biuras.lt\/\" target=\"_blank\">http:\/\/www.sveikatos-biuras.lt<\/a><\/td><td>T\u0117vyst\u0117s \u012fg\u016bd\u017ei\u0173 mokymai, sveikatos stiprinimas, n\u0117\u0161\u010di\u0173j\u0173 kursai.<\/td><\/tr><tr><td>Sav\u0119s tobulinimo studija \u201eSielos harmonija\u201c<\/td><td><strong>Tel. nr. <\/strong>+37061142327<br><strong>Adresas:<\/strong> Til\u017e\u0117s g. 116, 3 auk\u0161tas, \u0160iauliai <a href=\"https:\/\/www.sielosharmonija.com\/\" target=\"_blank\" rel=\"noreferrer noopener\">https:\/\/www.sielosharmonija.com<\/a><strong><\/strong><\/td><td>N\u0117\u0161\u010di\u0173j\u0173 mank\u0161ta ir joga.<\/td><\/tr><\/tbody><\/table><\/figure>\n\n\n\n<p><strong>VALSTYBIN\u0116S&nbsp; IR RESPUBLIKIN\u0116S \u012eSTAIGOS<\/strong><\/p>\n\n\n\n<figure class=\"wp-block-table\"><table><tbody><tr><td><strong>\u012eSTAIGA<\/strong><\/td><td><strong>KONTAKTAI<\/strong><\/td><\/tr><tr><td>&nbsp; Lietuvos Respublikos Sveikatos apsaugos ministerija<\/td><td><strong>&nbsp;<\/strong> <strong>Darbo laikas:<\/strong><br>I, III 8:00-18:00<br>II, IV 8:00-17:00<br>V 8:00-15:45<br><strong>Adresas:<\/strong> Vilniaus g. 33, Vilnius<br><strong>Telefonas:<\/strong> +37052685110 <br>Nemokama linija ir pasitik\u0117jimo telefonas: +37080066004 <a rel=\"noreferrer noopener\" href=\"http:\/\/sam.lrv.lt\/\" target=\"_blank\">http:\/\/sam.lrv.lt<\/a> &nbsp;<\/td><\/tr><tr><td>&nbsp; Valstybin\u0117 vaist\u0173 kontrol\u0117s tarnyba prie LR sveikatos apsaugos ministerijos<\/td><td>&nbsp; <strong>Darbo laikas:<\/strong> I-V 8:00-17:00<br><strong>Adresas:<\/strong> \u017dirm\u016bn\u0173 g.139 A, Vilnius<br><strong>Telefonas:<\/strong> +370 5 2639264 <br><a rel=\"noreferrer noopener\" href=\"https:\/\/www.vvkt.lt\/\" target=\"_blank\">https:\/\/www.vvkt.lt\/<\/a> &nbsp;<\/td><\/tr><tr><td>&nbsp; Valstybin\u0117 ligoni\u0173 kasa prie Sveikatos apsaugos ministerijos &nbsp;<\/td><td><br><strong>Darbo laikas:<\/strong><br>I-IV 8:00-17:00<br>V 8:00-15:45<br><strong>Adresas:<\/strong> Europos a. 1, Vilnius<br><strong>Telefonas:<\/strong> +370 5 2322222 <br><a rel=\"noreferrer noopener\" href=\"https:\/\/ligoniukasa.lrv.lt\/\" target=\"_blank\">https:\/\/ligoniukasa.lrv.lt\/<\/a> &nbsp;<\/td><\/tr><tr><td>&nbsp; Nacionalinis visuomen\u0117s sveikatos centras prie Sveikatos apsaugos ministerijos &nbsp;<\/td><td><br><strong>Darbo laikas:<\/strong><br>I-IV 8:00-17:00<br>V 8:00-15:45<br><strong>Adresas:<\/strong> Kalvarij\u0173 g. 153, Vilnius<br><strong>Telefonas:<\/strong> +370 5 2649676<br><a href=\"https:\/\/nvsc.lrv.lt\/\">https:\/\/nvsc.lrv.lt\/<\/a> &nbsp;<\/td><\/tr><tr><td>&nbsp; U\u017ekre\u010diam\u0173j\u0173 lig\u0173 ir AIDS centras<\/td><td><br><strong>Darbo laikas:<\/strong><br>I-IV 8.00-16.45<br>V 8.00-15.30<br><strong>Adresas: <\/strong>Nugal\u0117toj\u0173 g. 14 D, Vilnius<br><strong>Telefonas:<\/strong> +370 5 2300125 <br><a rel=\"noreferrer noopener\" href=\"http:\/\/www.ulac.lt\/\" target=\"_blank\">http:\/\/www.ulac.lt\/<\/a> &nbsp;<\/td><\/tr><\/tbody><\/table><\/figure>\n","protected":false},"excerpt":{"rendered":"<p>\u012estaigos pavadinimas Kontaktai Turima sutartis Teikiamos paslaugos Kitos asmens sveikatos prie\u017ei\u016bros \u012fstaigos: V\u0161\u012e \u0160iauli\u0173 rajono savivaldyb\u0117s sveikatos centras Tel. nr.: +370 41 55 27 72 Adresas: J. Basanavi\u010diaus g. 10, LT-72214 Kur\u0161\u0117nai https:\/\/www.srsc.lt Sutartis d\u0117l pri\u0117mimo klinikos nedarbo metu Gydytoj\u0173 specialist\u0173 antrinio lygio konsultacijos, rentgeno tyrimai, pri\u0117mimas klinikos ne darbo metu. Psichikos sveikatos centrai: UAB \u201e\u0160iauli\u0173 psichikos sveikatos centras\u201c\u00a0 \u00a0<span class=\"more-dots\">&#8230;<\/span><\/p>\n","protected":false},"author":1,"featured_media":0,"parent":477,"menu_order":0,"comment_status":"closed","ping_status":"closed","template":"","meta":[],"_links":{"self":[{"href":"https:\/\/jusumn.lt\/index.php\/wp-json\/wp\/v2\/pages\/252"}],"collection":[{"href":"https:\/\/jusumn.lt\/index.php\/wp-json\/wp\/v2\/pages"}],"about":[{"href":"https:\/\/jusumn.lt\/index.php\/wp-json\/wp\/v2\/types\/page"}],"author":[{"embeddable":true,"href":"https:\/\/jusumn.lt\/index.php\/wp-json\/wp\/v2\/users\/1"}],"replies":[{"embeddable":true,"href":"https:\/\/jusumn.lt\/index.php\/wp-json\/wp\/v2\/comments?post=252"}],"version-history":[{"count":9,"href":"https:\/\/jusumn.lt\/index.php\/wp-json\/wp\/v2\/pages\/252\/revisions"}],"predecessor-version":[{"id":703,"href":"https:\/\/jusumn.lt\/index.php\/wp-json\/wp\/v2\/pages\/252\/revisions\/703"}],"up":[{"embeddable":true,"href":"https:\/\/jusumn.lt\/index.php\/wp-json\/wp\/v2\/pages\/477"}],"wp:attachment":[{"href":"https:\/\/jusumn.lt\/index.php\/wp-json\/wp\/v2\/media?parent=252"}],"curies":[{"name":"wp","href":"https:\/\/api.w.org\/{rel}","templated":true}]}}