{"id":387,"date":"2023-09-15T05:35:22","date_gmt":"2023-09-15T05:35:22","guid":{"rendered":"https:\/\/jusumn.lt\/?page_id=387"},"modified":"2023-12-09T08:41:06","modified_gmt":"2023-12-09T08:41:06","slug":"duomenu-tvarkymo-taisykles","status":"publish","type":"page","link":"https:\/\/jusumn.lt\/index.php\/pacientams\/duomenu-tvarkymo-taisykles\/","title":{"rendered":"Duomen\u0173 tvarkymo taisykl\u0117s"},"content":{"rendered":"\n<p><strong>J\u016bs\u0173 medicinos namai, UAB<\/strong> (\u012fmon\u0117s kodas 306107268) tvarko asmens duomenis, vadovaujantis 2016 m. baland\u017eio 27 d. Europos Parlamento ir Tarybos reglamentu (ES) 2016\/679 d\u0117l fizini\u0173 asmen\u0173 apsaugos tvarkant asmens duomenis ir d\u0117l laisvo toki\u0173 duomen\u0173 jud\u0117jimo ir kuriuo panaikinama Direktyva 95\/46\/EB (Bendrasis duomen\u0173 apsaugos reglamentas), Lietuvos Respublikos asmens duomen\u0173 teisin\u0117s apsaugos \u012fstatymu, Sveikatos prie\u017ei\u016bros ir diagnostikos \u012fstaig\u0173 asociacijos DIGA asmens duomen\u0173 tvarkymo diagnostikos ir gydymo \u012fstaigose elgesio kodeksu, adresas <a href=\"https:\/\/www.diga.lt\/dokumentai\/\" data-type=\"URL\" data-id=\"https:\/\/www.diga.lt\/dokumentai\/\">https:\/\/www.diga.lt\/dokumentai\/<\/a> ir kitais teis\u0117s aktais, reglamentuojan\u010diais asmens duomen\u0173 tvarkym\u0105 ir apsaug\u0105.<\/p>\n\n\n\n<p>UAB &#8222;J\u016bs\u0173 medicinos namai&#8221; <a href=\"http:\/\/jusumn.lt\/wp-content\/uploads\/2023\/09\/ASMENS-DUOMENU-TVARKYMO-TAISYKLES.pdf\" data-type=\"URL\" data-id=\"http:\/\/jusumn.lt\/wp-content\/uploads\/2023\/09\/ASMENS-DUOMENU-TVARKYMO-TAISYKLES.pdf\"><strong>duomen\u0173 tvarkymo taisykl\u0117s<\/strong><\/a>.<\/p>\n\n\n\n<p><strong>Duomen\u0173 tvarkymo tikslai:<\/strong><\/p>\n\n\n\n<p>a) pacient\u0173 duomenys \u2013 sveikatos prie\u017ei\u016bros paslaug\u0173 teikimo tikslais;<\/p>\n\n\n\n<p>b) J\u016bs\u0173 medicinos namai, UAB (toliau &#8211; Medicinos namai) darbuotoj\u0173 \u2013 vidaus administravimo tikslais;<\/p>\n\n\n\n<p>c) buvusi\u0173 Medicinos nam\u0173 darbuotoj\u0173 \u2013 saugojami ir teikiami Lietuvos Respublikos teis\u0117s aktuose nustatytais tikslais ir apimtimi;<\/p>\n\n\n\n<p>d) sveikatos moksl\u0173 specialistus ruo\u0161ian\u010di\u0173 formaliojo \u0161veitimo mokykl\u0173 student\u0173 ir darbuotoj\u0173 \u2013 mokymo ir mokslinio tyrimo tikslais.<\/p>\n\n\n\n<p>Asmens duomenys yra teikiami tik kompetentingoms institucijoms Lietuvos Respublikos teis\u0117s akt\u0173 nustatyta tvarka.<\/p>\n\n\n\n<p><strong>Duomen\u0173 subjektas turi \u0161ias teises:<\/strong><\/p>\n\n\n\n<ul>\n<li>gauti informacij\u0105 apie savo asmens duomen\u0173 tvarkym\u0105;<\/li>\n\n\n\n<li>susipa\u017einti su savo asmens duomenimis, kurie yra saugomi;<\/li>\n\n\n\n<li>at\u0161aukti savo sutikim\u0105;<\/li>\n\n\n\n<li>pra\u0161yti i\u0161taisyti netikslius, papildyti nei\u0161samius asmens duomenis;<\/li>\n\n\n\n<li>pra\u0161yti i\u0161trinti (teis\u0117 \u201eb\u016bti pamir\u0161tam\u201c);<\/li>\n\n\n\n<li>pra\u0161yti sustabdyti savo asmens duomen\u0173 tvarkym\u0105, kai taikomas vienas i\u0161 atvej\u0173, numatyt\u0173 Reglamento (ES) 2016\/679 18 straipsnio 1 dalyje;<\/li>\n\n\n\n<li>teis\u0119 \u012f duomen\u0173 perkeliamum\u0105;<\/li>\n\n\n\n<li>nesutikti, kad su juo susij\u0119 asmens duomenys b\u016bt\u0173 tvarkomi;<\/li>\n\n\n\n<li>pateikti skund\u0105 prie\u017ei\u016bros institucijai.<\/li>\n<\/ul>\n\n\n\n<p>Duomen\u0173 subjekto teisi\u0173 \u012fgyvendinimo tvarka pateikta <a href=\"https:\/\/jusumn.lt\/index.php\/pacientams\/duomenu-apsauga\/\" data-type=\"URL\" data-id=\"https:\/\/jusumn.lt\/index.php\/pacientams\/duomenu-apsauga\/\">\u010dia.<\/a><\/p>\n\n\n\n<p>Nor\u0117dami \u012fgyvendinti duomen\u0173 subjekto teises u\u017epildykite <a href=\"http:\/\/jusumn.lt\/wp-content\/uploads\/2023\/09\/PRASYMAS-IGYVENDINTI-DUOMENU-SUBJEKTO-TEISES.docx\" data-type=\"URL\" data-id=\"http:\/\/jusumn.lt\/wp-content\/uploads\/2023\/09\/PRASYMAS-IGYVENDINTI-DUOMENU-SUBJEKTO-TEISES.docx\">pra\u0161ym\u0105.<\/a><\/p>\n\n\n\n<p><strong>Duomen\u0173 saugumas<\/strong><\/p>\n\n\n\n<p>Kur\u0161\u0117n\u0173 klinika Medicinos namai \u012fgyvendino organizacines ir technines priemones skirtas u\u017etikrinti asmens duomen\u0173 saugum\u0105, kaip nurodyta <em>Elgesio kodekso 4&nbsp; priede<\/em>.<\/p>\n\n\n\n<p><strong>Duomen\u0173 apsaugos pareig\u016bnas<\/strong><\/p>\n\n\n\n<p>Esant klausim\u0173 d\u0117l asmens duomen\u0173 tvarkymo pra\u0161ome kreiptis el. pa\u0161tu administracija@jususmn.lt ir \u012f duomen\u0173 apsaugos pareig\u016bn\u0105 el. pa\u0161tu <em><a href=\"mailto:dap.digai@gmail.com\">dap.digai@gmail.com<\/a><\/em> arba tel. Nr. +370\u00a0685 77024<em>.<\/em><\/p>\n\n\n\n<p><\/p>\n","protected":false},"excerpt":{"rendered":"<p>J\u016bs\u0173 medicinos namai, UAB (\u012fmon\u0117s kodas 306107268) tvarko asmens duomenis, vadovaujantis 2016 m. baland\u017eio 27 d. Europos Parlamento ir Tarybos reglamentu (ES) 2016\/679 d\u0117l fizini\u0173 asmen\u0173 apsaugos tvarkant asmens duomenis ir d\u0117l laisvo toki\u0173 duomen\u0173 jud\u0117jimo ir kuriuo panaikinama Direktyva 95\/46\/EB (Bendrasis duomen\u0173 apsaugos reglamentas), Lietuvos Respublikos asmens duomen\u0173 teisin\u0117s apsaugos \u012fstatymu, Sveikatos prie\u017ei\u016bros ir diagnostikos \u012fstaig\u0173 asociacijos DIGA asmens<span class=\"more-dots\">&#8230;<\/span><\/p>\n","protected":false},"author":1,"featured_media":0,"parent":41,"menu_order":0,"comment_status":"closed","ping_status":"closed","template":"","meta":[],"_links":{"self":[{"href":"https:\/\/jusumn.lt\/index.php\/wp-json\/wp\/v2\/pages\/387"}],"collection":[{"href":"https:\/\/jusumn.lt\/index.php\/wp-json\/wp\/v2\/pages"}],"about":[{"href":"https:\/\/jusumn.lt\/index.php\/wp-json\/wp\/v2\/types\/page"}],"author":[{"embeddable":true,"href":"https:\/\/jusumn.lt\/index.php\/wp-json\/wp\/v2\/users\/1"}],"replies":[{"embeddable":true,"href":"https:\/\/jusumn.lt\/index.php\/wp-json\/wp\/v2\/comments?post=387"}],"version-history":[{"count":3,"href":"https:\/\/jusumn.lt\/index.php\/wp-json\/wp\/v2\/pages\/387\/revisions"}],"predecessor-version":[{"id":448,"href":"https:\/\/jusumn.lt\/index.php\/wp-json\/wp\/v2\/pages\/387\/revisions\/448"}],"up":[{"embeddable":true,"href":"https:\/\/jusumn.lt\/index.php\/wp-json\/wp\/v2\/pages\/41"}],"wp:attachment":[{"href":"https:\/\/jusumn.lt\/index.php\/wp-json\/wp\/v2\/media?parent=387"}],"curies":[{"name":"wp","href":"https:\/\/api.w.org\/{rel}","templated":true}]}}