{"id":409,"date":"2023-10-13T07:15:01","date_gmt":"2023-10-13T07:15:01","guid":{"rendered":"https:\/\/jusumn.lt\/?page_id=409"},"modified":"2025-08-06T08:24:07","modified_gmt":"2025-08-06T08:24:07","slug":"gydytojai-specialistai","status":"publish","type":"page","link":"https:\/\/jusumn.lt\/index.php\/klinikos\/klinika-kursenuose\/gydytojai-specialistai\/","title":{"rendered":"Gydytojai specialistai"},"content":{"rendered":"\n<p class=\"has-background\" style=\"background:linear-gradient(135deg,rgb(7,227,114) 0%,rgb(155,81,224) 100%)\"><strong>Kur\u0161\u0117n\u0173 klinikoje \u201eMedicinos namai\u201d dirba \u0161ie gydytojai specialistai:<\/strong><\/p>\n\n\n\n<p><strong>Gyd. kraujagysli\u0173 chirurgas<\/strong>&nbsp;\u2013 Mohamad Chamsin.<\/p>\n\n\n\n<p><strong>Gyd. aku\u0161er\u0117s-ginekolog\u0117s<\/strong>\u00a0\u2013 Nijol\u0117 \u0160iau\u010di\u016bnien\u0117, Agn\u0117 Luko\u0161ien\u0117, Monika Stasi\u016bnait\u0117, Dovil\u0117 Gauril\u010dikien\u0117, Irina Iljinskaja, Rasa Ku\u010dinskait\u0117, Akvil\u0117 Papievyt\u0117.<\/p>\n\n\n\n<p><strong>Gyd. endokrinolog\u0117s<\/strong>&nbsp;\u2013 Egl\u0117 Patkauskien\u0117, Vilija Rup\u0161ien\u0117.<\/p>\n\n\n\n<p><strong>Gyd. chirurgai<\/strong>&nbsp;\u2013 Vytautas Slunksnis, Gintaras Skruodys, Virginijus Jautakis.<\/p>\n\n\n\n<p><strong>Gyd. ortopedai-traumatologai<\/strong>&nbsp;\u2013 Paulius Baltraitis, Vilius Rimkus.<\/p>\n\n\n\n<p><strong>Gyd. urologai&nbsp;<\/strong>\u2013 Erika \u0160uopyt\u0117, Kotryna Jurevi\u010di\u016bt\u0117, Valentas Liebus.<\/p>\n\n\n\n<p><strong>Gyd. pulmonolog\u0117<\/strong>&nbsp;\u2013 Asta \u017daliukien\u0117.<\/p>\n\n\n\n<p><strong>Gyd. kardiologas<\/strong>&nbsp;\u2013 Tautvydas Plat\u016bkis, Rasa Mikel\u0117nien\u0117, Edvinas \u0160\u010defanavi\u010dius, Deimant\u0117 \u0160aulien\u0117.<\/p>\n\n\n\n<p><strong>Vaik\u0173 lig\u0173 gydytoja<\/strong>&nbsp;\u2013 Gitana Bykova.<\/p>\n\n\n\n<p class=\"has-border-background-color has-background\">D\u0117l gydytoj\u0173 specialist\u0173 darbo laiko ir registracijos galite kreiptis telefonais&nbsp;<strong>+37061224111<\/strong>;<strong>&nbsp;+37061646937<\/strong>.<\/p>\n","protected":false},"excerpt":{"rendered":"<p>Kur\u0161\u0117n\u0173 klinikoje \u201eMedicinos namai\u201d dirba \u0161ie gydytojai specialistai: Gyd. kraujagysli\u0173 chirurgas&nbsp;\u2013 Mohamad Chamsin. Gyd. aku\u0161er\u0117s-ginekolog\u0117s\u00a0\u2013 Nijol\u0117 \u0160iau\u010di\u016bnien\u0117, Agn\u0117 Luko\u0161ien\u0117, Monika Stasi\u016bnait\u0117, Dovil\u0117 Gauril\u010dikien\u0117, Irina Iljinskaja, Rasa Ku\u010dinskait\u0117, Akvil\u0117 Papievyt\u0117. Gyd. endokrinolog\u0117s&nbsp;\u2013 Egl\u0117 Patkauskien\u0117, Vilija Rup\u0161ien\u0117. Gyd. chirurgai&nbsp;\u2013 Vytautas Slunksnis, Gintaras Skruodys, Virginijus Jautakis. Gyd. ortopedai-traumatologai&nbsp;\u2013 Paulius Baltraitis, Vilius Rimkus. Gyd. urologai&nbsp;\u2013 Erika \u0160uopyt\u0117, Kotryna Jurevi\u010di\u016bt\u0117, Valentas Liebus. Gyd. pulmonolog\u0117&nbsp;\u2013 Asta<span class=\"more-dots\">&#8230;<\/span><\/p>\n","protected":false},"author":1,"featured_media":0,"parent":611,"menu_order":0,"comment_status":"closed","ping_status":"closed","template":"","meta":[],"_links":{"self":[{"href":"https:\/\/jusumn.lt\/index.php\/wp-json\/wp\/v2\/pages\/409"}],"collection":[{"href":"https:\/\/jusumn.lt\/index.php\/wp-json\/wp\/v2\/pages"}],"about":[{"href":"https:\/\/jusumn.lt\/index.php\/wp-json\/wp\/v2\/types\/page"}],"author":[{"embeddable":true,"href":"https:\/\/jusumn.lt\/index.php\/wp-json\/wp\/v2\/users\/1"}],"replies":[{"embeddable":true,"href":"https:\/\/jusumn.lt\/index.php\/wp-json\/wp\/v2\/comments?post=409"}],"version-history":[{"count":10,"href":"https:\/\/jusumn.lt\/index.php\/wp-json\/wp\/v2\/pages\/409\/revisions"}],"predecessor-version":[{"id":735,"href":"https:\/\/jusumn.lt\/index.php\/wp-json\/wp\/v2\/pages\/409\/revisions\/735"}],"up":[{"embeddable":true,"href":"https:\/\/jusumn.lt\/index.php\/wp-json\/wp\/v2\/pages\/611"}],"wp:attachment":[{"href":"https:\/\/jusumn.lt\/index.php\/wp-json\/wp\/v2\/media?parent=409"}],"curies":[{"name":"wp","href":"https:\/\/api.w.org\/{rel}","templated":true}]}}