{"id":44,"date":"2023-06-14T06:36:01","date_gmt":"2023-06-14T06:36:01","guid":{"rendered":"https:\/\/jusumn.lt\/?page_id=44"},"modified":"2025-07-23T11:42:11","modified_gmt":"2025-07-23T11:42:11","slug":"kaip-tapti-klinikos-pacientu","status":"publish","type":"page","link":"https:\/\/jusumn.lt\/index.php\/pacientams\/kaip-tapti-klinikos-pacientu\/","title":{"rendered":"Kaip tapti klinikos pacientu"},"content":{"rendered":"\n<p><strong>Prisira\u0161yti prie Medicinos nam\u0173 klinikos Kur\u0161\u0117nuose galima keliais b\u016bdais:<\/strong><\/p>\n\n\n\n<ol>\n<li>per e-pacientas.lt sistem\u0105, spustel\u0117jus nuorod\u0105 \u2013&nbsp;<a href=\"https:\/\/e-pacientas.lt\/subscription\/1125960122\" data-type=\"URL\" data-id=\"https:\/\/e-pacientas.lt\/subscription\/1125960122\"><strong>prisira\u0161yti prie  klinikos<\/strong> <\/a>;<\/li>\n\n\n\n<li>atvykus \u012f klinik\u0105 ir pateikus asmens tapatyb\u0119 patvirtinant\u012f dokument\u0105;<\/li>\n\n\n\n<li>elektroniniu pa\u0161tu, pateikus&nbsp;form\u0105 Nr. 025-025-1\/a, pasira\u0161yt\u0105 elektroniniu kvalifikuotu para\u0161u (prisira\u0161ymo form\u0105 Nr. 025-025-1\/a galima parsisi\u0173sti <a href=\"http:\/\/jusumn.lt\/wp-content\/uploads\/2023\/07\/Forma.docx\" data-type=\"URL\"><strong>\u010cIA<\/strong><\/a>&nbsp;).<\/li>\n\n\n\n<li>pa\u0161tu arba per pasiuntin\u012f, kartu pateikiant asmens tapatyb\u0119 patvirtinan\u010dio dokumento kopij\u0105.<\/li>\n<\/ol>\n\n\n\n<p><\/p>\n\n\n\n<p><strong>Prisira\u0161yti prie J\u016bs\u0173 klinikos \u0160iauliuose galima keliais b\u016bdais:<\/strong><\/p>\n\n\n\n<ol>\n<li>per e-pacientas.lt sistem\u0105, spustel\u0117jus nuorod\u0105 \u2013&nbsp;<a rel=\"noreferrer noopener\" href=\"https:\/\/e-pacientas.lt\/subscription\/1125960122\" target=\"_blank\"><strong>pri<\/strong><\/a><strong><a href=\"https:\/\/e-pacientas.lt\/subscription\/2447015901\" target=\"_blank\" rel=\"noreferrer noopener\">sira\u0161yti prie klinikos<\/a><\/strong><a rel=\"noreferrer noopener\" href=\"https:\/\/e-pacientas.lt\/subscription\/1125960122\" target=\"_blank\">&nbsp;<\/a>;<\/li>\n\n\n\n<li>atvykus \u012f klinik\u0105 ir pateikus asmens tapatyb\u0119 patvirtinant\u012f dokument\u0105;<\/li>\n\n\n\n<li>elektroniniu pa\u0161tu, pateikus&nbsp;form\u0105 Nr. 025-025-1\/a, pasira\u0161yt\u0105 elektroniniu kvalifikuotu para\u0161u (prisira\u0161ymo form\u0105 Nr. 025-025-1\/a galima parsisi\u0173sti<strong>&nbsp;\u010cIA<\/strong>&nbsp;);<\/li>\n\n\n\n<li>pa\u0161tu arba per pasiuntin\u012f, kartu pateikiant asmens tapatyb\u0119 patvirtinan\u010dio dokumento kopij\u0105.<\/li>\n<\/ol>\n","protected":false},"excerpt":{"rendered":"<p>Prisira\u0161yti prie Medicinos nam\u0173 klinikos Kur\u0161\u0117nuose galima keliais b\u016bdais: Prisira\u0161yti prie J\u016bs\u0173 klinikos \u0160iauliuose galima keliais b\u016bdais:<\/p>\n","protected":false},"author":1,"featured_media":0,"parent":41,"menu_order":0,"comment_status":"closed","ping_status":"closed","template":"","meta":[],"_links":{"self":[{"href":"https:\/\/jusumn.lt\/index.php\/wp-json\/wp\/v2\/pages\/44"}],"collection":[{"href":"https:\/\/jusumn.lt\/index.php\/wp-json\/wp\/v2\/pages"}],"about":[{"href":"https:\/\/jusumn.lt\/index.php\/wp-json\/wp\/v2\/types\/page"}],"author":[{"embeddable":true,"href":"https:\/\/jusumn.lt\/index.php\/wp-json\/wp\/v2\/users\/1"}],"replies":[{"embeddable":true,"href":"https:\/\/jusumn.lt\/index.php\/wp-json\/wp\/v2\/comments?post=44"}],"version-history":[{"count":11,"href":"https:\/\/jusumn.lt\/index.php\/wp-json\/wp\/v2\/pages\/44\/revisions"}],"predecessor-version":[{"id":719,"href":"https:\/\/jusumn.lt\/index.php\/wp-json\/wp\/v2\/pages\/44\/revisions\/719"}],"up":[{"embeddable":true,"href":"https:\/\/jusumn.lt\/index.php\/wp-json\/wp\/v2\/pages\/41"}],"wp:attachment":[{"href":"https:\/\/jusumn.lt\/index.php\/wp-json\/wp\/v2\/media?parent=44"}],"curies":[{"name":"wp","href":"https:\/\/api.w.org\/{rel}","templated":true}]}}