{"id":50,"date":"2023-06-14T06:37:26","date_gmt":"2023-06-14T06:37:26","guid":{"rendered":"https:\/\/jusumn.lt\/?page_id=50"},"modified":"2025-07-18T05:55:45","modified_gmt":"2025-07-18T05:55:45","slug":"kur-kreiptis-klinikos-nedarbo-metu","status":"publish","type":"page","link":"https:\/\/jusumn.lt\/index.php\/pacientams\/kur-kreiptis-klinikos-nedarbo-metu\/","title":{"rendered":"Kur kreiptis klinikos nedarbo metu"},"content":{"rendered":"\n<p>Po klinikos darbo valand\u0173, nedarbo ir \u0161ven\u010di\u0173 dienomis b\u016btinoji medicinos pagalba teikiama V\u0161\u012e \u0160iauli\u0173 rajono savivaldyb\u0117s sveikatos centro Pri\u0117mimo skyriuje adresu Basanavi\u010diaus g. 10, Kur\u0161\u0117nai, tel.&nbsp;+370 41 552 772.<\/p>\n\n\n\n<p>Pirmin\u0117s psichikos sveikatos prie\u017ei\u016bros paslaugos yra teikiamos:<\/p>\n\n\n\n<ul>\n<li>\u00a0V\u0161\u012e \u0160iauli\u0173 rajono savivaldyb\u0117s sveikatos centre adresu Basanavi\u010diaus g. 18, Kur\u0161\u0117nai, tel. +370 41 581 435 (Kur\u0161\u0117n\u0173 klinikos pacientams); <\/li>\n\n\n\n<li>UAB \u201e\u0160iauli\u0173 psichikos sveikatos centras\u201d, Gumbin\u0117s g. 33C, \u0160iauliai, tel. +370 655 80069 (\u0160iauli\u0173 klinikos pacientams).<\/li>\n<\/ul>\n","protected":false},"excerpt":{"rendered":"<p>Po klinikos darbo valand\u0173, nedarbo ir \u0161ven\u010di\u0173 dienomis b\u016btinoji medicinos pagalba teikiama V\u0161\u012e \u0160iauli\u0173 rajono savivaldyb\u0117s sveikatos centro Pri\u0117mimo skyriuje adresu Basanavi\u010diaus g. 10, Kur\u0161\u0117nai, tel.&nbsp;+370 41 552 772. Pirmin\u0117s psichikos sveikatos prie\u017ei\u016bros paslaugos yra teikiamos:<\/p>\n","protected":false},"author":1,"featured_media":0,"parent":41,"menu_order":0,"comment_status":"closed","ping_status":"closed","template":"","meta":[],"_links":{"self":[{"href":"https:\/\/jusumn.lt\/index.php\/wp-json\/wp\/v2\/pages\/50"}],"collection":[{"href":"https:\/\/jusumn.lt\/index.php\/wp-json\/wp\/v2\/pages"}],"about":[{"href":"https:\/\/jusumn.lt\/index.php\/wp-json\/wp\/v2\/types\/page"}],"author":[{"embeddable":true,"href":"https:\/\/jusumn.lt\/index.php\/wp-json\/wp\/v2\/users\/1"}],"replies":[{"embeddable":true,"href":"https:\/\/jusumn.lt\/index.php\/wp-json\/wp\/v2\/comments?post=50"}],"version-history":[{"count":6,"href":"https:\/\/jusumn.lt\/index.php\/wp-json\/wp\/v2\/pages\/50\/revisions"}],"predecessor-version":[{"id":657,"href":"https:\/\/jusumn.lt\/index.php\/wp-json\/wp\/v2\/pages\/50\/revisions\/657"}],"up":[{"embeddable":true,"href":"https:\/\/jusumn.lt\/index.php\/wp-json\/wp\/v2\/pages\/41"}],"wp:attachment":[{"href":"https:\/\/jusumn.lt\/index.php\/wp-json\/wp\/v2\/media?parent=50"}],"curies":[{"name":"wp","href":"https:\/\/api.w.org\/{rel}","templated":true}]}}