{"id":502,"date":"2024-09-05T05:07:53","date_gmt":"2024-09-05T05:07:53","guid":{"rendered":"https:\/\/jusumn.lt\/?page_id=502"},"modified":"2024-11-13T07:24:36","modified_gmt":"2024-11-13T07:24:36","slug":"vaistiniu-preparatu-ir-medicinos-pagalbos-priemoniu-reklaminiu-renginiu-organizavimo-tvarka","status":"publish","type":"page","link":"https:\/\/jusumn.lt\/index.php\/apie-mus\/vaistiniu-preparatu-ir-medicinos-pagalbos-priemoniu-reklaminiu-renginiu-organizavimo-tvarka\/","title":{"rendered":"Vaistini\u0173 preparat\u0173 ir medicinos pagalbos priemoni\u0173 reklamini\u0173 rengini\u0173 organizavimo tvarka"},"content":{"rendered":"\n<p><a href=\"http:\/\/jusumn.lt\/wp-content\/uploads\/2024\/09\/KVSD-34-Vaistiniu-preparatu-ir-medicinos-pagalbos-priemoniu-reklaminiu-renginiu-organizavimo-tvarkos-aprasas.pdf\" data-type=\"URL\" data-id=\"http:\/\/jusumn.lt\/wp-content\/uploads\/2024\/09\/KVSD-34-Vaistiniu-preparatu-ir-medicinos-pagalbos-priemoniu-reklaminiu-renginiu-organizavimo-tvarkos-aprasas.pdf\" target=\"_blank\" rel=\"noreferrer noopener\">UAB &#8222;J\u016bs\u0173 medicinos namai&#8221; Vaistini\u0173 preparat\u0173 ir medicinos pagalbos priemoni\u0173 reklamini\u0173 rengini\u0173 organizavimo tvarkos apra\u0161as.<\/a><\/p>\n\n\n\n<ol type=\"1\">\n<li>Reklamos dav\u0117jas, nor\u0117damas \u012estaigoje organizuoti reklamin\u012f rengin\u012f, ne v\u0117liau kaip prie\u0161 20 darbo dien\u0173 iki si\u016blomos reklaminio renginio organizavimo datos turi elektroniniu b\u016bdu (elektroniniu pa\u0161tu <a href=\"mailto:administracija@jusumn.lt\">administracija@jusumn.lt<\/a>) pateikti <a href=\"http:\/\/jusumn.lt\/wp-content\/uploads\/2024\/09\/Reklaminio-renginio-prasymas.pdf\" data-type=\"URL\" data-id=\"http:\/\/jusumn.lt\/wp-content\/uploads\/2024\/09\/Reklaminio-renginio-prasymas.pdf\" target=\"_blank\" rel=\"noreferrer noopener\">pra\u0161ym\u0105<\/a> organizuoti reklamin\u012f rengin\u012f, kuriame turi b\u016bti nurodyta:\n<ul>\n<li>informacija apie reklamos dav\u0117j\u0105 (pavadinimas, kontaktiniai duomenys);<\/li>\n\n\n\n<li><span style=\"background-color: var(--colorLight); color: var(--colorFont); letter-spacing: 0.02em;\">reklaminio renginio pob\u016bdis: renginys skirtas tik tos \u012estaigos sveikatos prie\u017ei\u016bros specialistams ar ir kit\u0173 asmens sveikatos prie\u017ei\u016bros \u012fstaig\u0173 sveikatos prie\u017ei\u016bros specialistams;<\/span><\/li>\n\n\n\n<li><span style=\"background-color: var(--colorLight); color: var(--colorFont); letter-spacing: 0.02em;\">si\u016bloma reklaminio renginio data ir renginio trukm\u0117;<\/span><\/li>\n\n\n\n<li><span style=\"background-color: var(--colorLight); color: var(--colorFont); letter-spacing: 0.02em;\">kokios profesin\u0117s kvalifikacijos sveikatos prie\u017ei\u016bros specialistams skirtas reklaminis renginys;<\/span><\/li>\n\n\n\n<li><span style=\"background-color: var(--colorLight); color: var(--colorFont); letter-spacing: 0.02em;\">reklaminio renginio tema, numatomo (-\u0173) prane\u0161imo (-\u0173) pavadinimas (-ai);<\/span><\/li>\n\n\n\n<li>numatomos pateikti informacijos apie reklamuojam\u0105 produkt\u0105 reklaminiame renginyje i\u0161samesnis apra\u0161ymas.<\/li>\n<\/ul>\n<\/li>\n\n\n\n<li>Reklamos dav\u0117jas, ne v\u0117liau kaip likus 3 darbo dienoms iki reklaminio renginio datos, prane\u0161a administracijai elektroniniu pa\u0161tu atvyksian\u010dio vaist\u0173 reklamuotojo vard\u0105, pavard\u0119, pareigas.<\/li>\n\n\n\n<li>\u012estaiga d\u0117l objektyvi\u0173 prie\u017eas\u010di\u0173 turi teis\u0119 at\u0161aukti numatyt\u0105 reklamin\u012f rengin\u012f. Apie tai \u012estaigos atsakingas asmuo ne v\u0117liau kaip prie\u0161 1 darbo dien\u0105 ra\u0161tu ar elektroniniu b\u016bdu informuoja reklamos dav\u0117j\u0105. Atitinkamai reklamos dav\u0117jas turi nedelsdamas, bet ne v\u0117liau kaip prie\u0161 1 darbo dien\u0105, prane\u0161ti atsakingam asmeniui apie tai, kad d\u0117l objektyvi\u0173 prie\u017eas\u010di\u0173 vaist\u0173 reklamuotojas negali atvykti \u012f numatyt\u0105 reklamin\u012f rengin\u012f.<\/li>\n<\/ol>\n","protected":false},"excerpt":{"rendered":"<p>UAB &#8222;J\u016bs\u0173 medicinos namai&#8221; Vaistini\u0173 preparat\u0173 ir medicinos pagalbos priemoni\u0173 reklamini\u0173 rengini\u0173 organizavimo tvarkos apra\u0161as.<\/p>\n","protected":false},"author":1,"featured_media":0,"parent":14,"menu_order":0,"comment_status":"closed","ping_status":"closed","template":"","meta":[],"_links":{"self":[{"href":"https:\/\/jusumn.lt\/index.php\/wp-json\/wp\/v2\/pages\/502"}],"collection":[{"href":"https:\/\/jusumn.lt\/index.php\/wp-json\/wp\/v2\/pages"}],"about":[{"href":"https:\/\/jusumn.lt\/index.php\/wp-json\/wp\/v2\/types\/page"}],"author":[{"embeddable":true,"href":"https:\/\/jusumn.lt\/index.php\/wp-json\/wp\/v2\/users\/1"}],"replies":[{"embeddable":true,"href":"https:\/\/jusumn.lt\/index.php\/wp-json\/wp\/v2\/comments?post=502"}],"version-history":[{"count":4,"href":"https:\/\/jusumn.lt\/index.php\/wp-json\/wp\/v2\/pages\/502\/revisions"}],"predecessor-version":[{"id":520,"href":"https:\/\/jusumn.lt\/index.php\/wp-json\/wp\/v2\/pages\/502\/revisions\/520"}],"up":[{"embeddable":true,"href":"https:\/\/jusumn.lt\/index.php\/wp-json\/wp\/v2\/pages\/14"}],"wp:attachment":[{"href":"https:\/\/jusumn.lt\/index.php\/wp-json\/wp\/v2\/media?parent=502"}],"curies":[{"name":"wp","href":"https:\/\/api.w.org\/{rel}","templated":true}]}}