{"id":53,"date":"2023-06-14T06:38:10","date_gmt":"2023-06-14T06:38:10","guid":{"rendered":"https:\/\/jusumn.lt\/?page_id=53"},"modified":"2023-07-10T10:01:58","modified_gmt":"2023-07-10T10:01:58","slug":"pacientu-teises-ir-pareigos","status":"publish","type":"page","link":"https:\/\/jusumn.lt\/index.php\/pacientams\/pacientu-teises-ir-pareigos\/","title":{"rendered":"Pacient\u0173 teisi\u0173 ir \u017ealos atlyginimo \u012fstatymas"},"content":{"rendered":"\n<p><a href=\"http:\/\/jusumn.lt\/wp-content\/uploads\/2023\/07\/AR_2023-01-01.docx\" data-type=\"URL\" data-id=\"http:\/\/jusumn.lt\/wp-content\/uploads\/2023\/07\/AR_2023-01-01.docx\">Pacient\u0173 teisi\u0173 ir \u017ealos sveikatai atlyginimo \u012fstatymas<\/a><\/p>\n","protected":false},"excerpt":{"rendered":"<p>Pacient\u0173 teisi\u0173 ir \u017ealos sveikatai atlyginimo \u012fstatymas<\/p>\n","protected":false},"author":1,"featured_media":0,"parent":41,"menu_order":0,"comment_status":"closed","ping_status":"closed","template":"","meta":[],"_links":{"self":[{"href":"https:\/\/jusumn.lt\/index.php\/wp-json\/wp\/v2\/pages\/53"}],"collection":[{"href":"https:\/\/jusumn.lt\/index.php\/wp-json\/wp\/v2\/pages"}],"about":[{"href":"https:\/\/jusumn.lt\/index.php\/wp-json\/wp\/v2\/types\/page"}],"author":[{"embeddable":true,"href":"https:\/\/jusumn.lt\/index.php\/wp-json\/wp\/v2\/users\/1"}],"replies":[{"embeddable":true,"href":"https:\/\/jusumn.lt\/index.php\/wp-json\/wp\/v2\/comments?post=53"}],"version-history":[{"count":6,"href":"https:\/\/jusumn.lt\/index.php\/wp-json\/wp\/v2\/pages\/53\/revisions"}],"predecessor-version":[{"id":213,"href":"https:\/\/jusumn.lt\/index.php\/wp-json\/wp\/v2\/pages\/53\/revisions\/213"}],"up":[{"embeddable":true,"href":"https:\/\/jusumn.lt\/index.php\/wp-json\/wp\/v2\/pages\/41"}],"wp:attachment":[{"href":"https:\/\/jusumn.lt\/index.php\/wp-json\/wp\/v2\/media?parent=53"}],"curies":[{"name":"wp","href":"https:\/\/api.w.org\/{rel}","templated":true}]}}