{"id":530,"date":"2024-12-22T15:20:23","date_gmt":"2024-12-22T15:20:23","guid":{"rendered":"https:\/\/jusumn.lt\/?page_id=530"},"modified":"2025-02-20T08:30:17","modified_gmt":"2025-02-20T08:30:17","slug":"sveikatos-centru-sudetyje-teikiamu-sveikatos-prieziuros-paslaugu-infrastrukturos-modernizavimas-siauliu-rajone","status":"publish","type":"page","link":"https:\/\/jusumn.lt\/index.php\/es-projektai\/sveikatos-centru-sudetyje-teikiamu-sveikatos-prieziuros-paslaugu-infrastrukturos-modernizavimas-siauliu-rajone\/","title":{"rendered":"\u201eSveikatos centr\u0173 sud\u0117tyje teikiam\u0173 sveikatos prie\u017ei\u016bros paslaug\u0173 infrastrukt\u016bros modernizavimas \u0160iauli\u0173 rajone&#8221;"},"content":{"rendered":"\n<div class=\"wp-block-columns is-layout-flex wp-container-2\">\n<div class=\"wp-block-column is-layout-flow\" style=\"flex-basis:100%\">\n<figure class=\"wp-block-image size-large is-resized\"><img decoding=\"async\" loading=\"lazy\" src=\"http:\/\/jusumn.lt\/wp-content\/uploads\/2025\/01\/Spalvotas-Bendrai-finansuoja-Europos-Sajunga_POS-1024x223.jpg\" alt=\"\" class=\"wp-image-543\" width=\"669\" height=\"146\" srcset=\"https:\/\/jusumn.lt\/wp-content\/uploads\/2025\/01\/Spalvotas-Bendrai-finansuoja-Europos-Sajunga_POS-1024x223.jpg 1024w, https:\/\/jusumn.lt\/wp-content\/uploads\/2025\/01\/Spalvotas-Bendrai-finansuoja-Europos-Sajunga_POS-300x65.jpg 300w, https:\/\/jusumn.lt\/wp-content\/uploads\/2025\/01\/Spalvotas-Bendrai-finansuoja-Europos-Sajunga_POS-768x167.jpg 768w, https:\/\/jusumn.lt\/wp-content\/uploads\/2025\/01\/Spalvotas-Bendrai-finansuoja-Europos-Sajunga_POS-1536x334.jpg 1536w, https:\/\/jusumn.lt\/wp-content\/uploads\/2025\/01\/Spalvotas-Bendrai-finansuoja-Europos-Sajunga_POS-2048x445.jpg 2048w, https:\/\/jusumn.lt\/wp-content\/uploads\/2025\/01\/Spalvotas-Bendrai-finansuoja-Europos-Sajunga_POS-1140x248.jpg 1140w\" sizes=\"(max-width: 669px) 100vw, 669px\" \/><\/figure>\n<\/div>\n<\/div>\n\n\n\n<p><\/p>\n\n\n\n<p>Pradedamas vykdyti projektas <strong>\u201eSVEIKATOS CENTR\u0172 SUD\u0116TYJE TEIKIAM\u0172 SVEIKATOS PRIE\u017dI\u016aROS PASLAUG\u0172 INFRASTRUKT\u016aROS MODERNIZAVIMAS \u0160IAULI\u0172 RAJONE\u201c NR. 09-022-P-0044\u201d.<\/strong> Jo tikslas \u2013 u\u017etikrinti sveikatos prie\u017ei\u016bros paslaug\u0173 prieinamum\u0105 \u0160iauli\u0173 rajono gyventojams.<\/p>\n\n\n\n<p><strong>Projekto vert\u0117:<\/strong>&nbsp;&nbsp;2 460 540,12 Eur.<\/p>\n\n\n\n<p><strong>Projekto \u012fgyvendinimo laikotarpis:<\/strong>&nbsp;2024-11 iki 2027-03.<\/p>\n\n\n\n<p><strong>Projekto finansavimo \u0161altiniai:<\/strong>&nbsp;ES fond\u0173 l\u0117\u0161os, Bendro finansavimo l\u0117\u0161os, Savivaldyb\u0117s biud\u017eeto l\u0117\u0161os.<\/p>\n\n\n\n<p>Siekiant optimizuoti asmens sveikatos paslaug\u0173 teikim\u0105 ir atsi\u017evelgiant \u012f besikei\u010dian\u010dius visuomen\u0117s poreikius \u012fsteigtas \u0160iauli\u0173 rajono savivaldyb\u0117s sveikatos centras \u2013 \u012fstaiga, kuri padeda sujungti \u012f vien\u0105 tinkl\u0105 bazines, t. y. b\u016btiniausias paslaugas, kuriomis gyventojai naudojasi da\u017eniausiai: pirmin\u0117s ir antrin\u0117s specializuotos ambulatorin\u0117s sveikatos prie\u017ei\u016bros, psichikos sveikatos, odontologijos, slaugos ir palaikomojo gydymo, dienos stacionaro, ambulatorin\u0117s chirurgijos, dienos chirurgijos, skubiosios medicinos pagalbos, stacionarin\u0117s sveikatos prie\u017ei\u016bros, visuomen\u0117s sveikatos prie\u017ei\u016bros ir kitas paslaugas. Sveikatos centras gal\u0117s geriau u\u017etikrinti vis\u0105 reikaling\u0105 paslaug\u0173 paket\u0105 savivaldyb\u0117s gyventojams \u2013 nuo 2023 m. spalio 10 d. \u0160iauli\u0173 rajono savivaldyb\u0117s tarybos sprendimu Nr. T-332 vie\u0161oji \u012fstaiga Kur\u0161\u0117n\u0173 ligonin\u0117, vie\u0161oji \u012fstaiga \u0160iauli\u0173 rajono pirmin\u0117s sveikatos prie\u017ei\u016bros centras ir vie\u0161oji \u012fstaiga \u0160iauli\u0173 rajono Gruzd\u017ei\u0173 ambulatorija reorganizuota sujungimo b\u016bdu, jas sujungiant \u012f \u0160iauli\u0173 rajono savivaldyb\u0117s sveikatos centr\u0105, kuriam pereina reorganizuojam\u0173 \u012fstaig\u0173 teis\u0117s ir pareigos nuo 2024 m. vasario 1 d. Taip pat prie \u0160iauli\u0173 rajono savivaldyb\u0117s sveikatos centro funkciniu b\u016bdu, siekiant u\u017etikrinti vis\u0173 Bazini\u0173 paslaug\u0173 teikim\u0105, prisijung\u0117 \u0160iauli\u0173 rajono savivaldyb\u0117s visuomen\u0117s sveikatos biuras, UAB ,,J\u016bs\u0173 medicinos namai\u201c, V\u0161\u012e \u0160iauli\u0173 paliatyvios pagalbos ir slaugos centras ,,Prasm\u0117\u201c, UAB ,,Paliatyvios medicinos klinika\u201c, V\u0161\u012e Globos ir slaugos centras ,,Sidabra\u017eol\u0117\u201c bei vie\u0161oji \u012fstaiga Kelm\u0117s ligonin\u0117.<\/p>\n\n\n\n<p>Projektu sprend\u017eiama problema \u2013 \u0160iauli\u0173 rajone neu\u017etikrinamos kokybi\u0161kos ir prieinamos bazin\u0117s asmens sveikatos prie\u017ei\u016bros paslaugos. \u0160iuo metu \u0160iauli\u0173 rajone n\u0117ra u\u017etikrinta bazin\u0117ms asmens sveikatos paslaugoms teikti reikalinga infrastrukt\u016bra: tr\u016bksta pagal Lietuvos Respublikos sveikatos apsaugos ministro \u012fsakymais patvirtinus bazini\u0173 asmens sveikatos paslaug\u0173 teikimo reikalavim\u0173 apra\u0161us reikalaujamos \u012frangos arba ji yra nusid\u0117v\u0117jusi; paslaugos teikiamos nusid\u0117v\u0117jusiuose, prastos kokyb\u0117s pastatuose, kuriuose sunku u\u017etikrinti paslaugoms teikti reikaling\u0173 higienini\u0173 s\u0105lyg\u0173 laikym\u0105si; daliai paslaug\u0173, neteikt\u0173 iki 2024 m., teikti reikalinga infrastrukt\u016bra yra nesuformuota.<\/p>\n\n\n\n<p><strong>Projekto tikslas<\/strong>&nbsp;\u2013 u\u017etikrinti sveikatos prie\u017ei\u016bros paslaug\u0173 prieinamum\u0105 \u0160iauli\u0173 rajono savivaldyb\u0117je.<\/p>\n\n\n\n<p><strong>Projekto tikslin\u0117 grup\u0117<\/strong>&nbsp;\u2013 \u0160iauli\u0173 rajono savivaldyb\u0117s gyventojai, sveikatos prie\u017ei\u016bros specialistai ir kiti sveikatos prie\u017ei\u016bros srityje dirbantys specialistai.<\/p>\n\n\n\n<p><strong>Projekto veiklos<\/strong>&nbsp;\u2013<\/p>\n\n\n\n<ul>\n<li>V\u0161\u012e \u0160iauli\u0173 rajono savivaldyb\u0117s sveikatos centro&nbsp;pirmin\u0117s ambulatorin\u0117s asmens sveikatos prie\u017ei\u016bros paslaugoms teikti reikiamos infrastrukt\u016bros modernizavimas (\u012fsigyjama medicinin\u0117 ir kita \u012franga, baldai, 2 automobiliai su \u012fkrovimo stotel\u0117mis). Antrinio lygio ambulatorin\u0117s specializuotos asmens sveikatos prie\u017ei\u016bros, ambulatorin\u0117s chirurgijos, dienos chirurgijos, dienos stacionaro bei skubiosios medicinos pagalbos paslaugoms teikti reikiamos infrastrukt\u016bros modernizavimas (atliekami kapitalinio remonto darbai adresu J. Basanavi\u010diaus g. 6, Kur\u0161\u0117nai; \u012fsigyjama medicinin\u0117 ir kita \u012franga bei baldai). ;<\/li>\n\n\n\n<li>UAB ,,J\u016bs\u0173 medicinos namai\u201c&nbsp;pirmin\u0117s ambulatorin\u0117s asmens sveikatos prie\u017ei\u016bros paslaugoms teikti reikiamos infrastrukt\u016bros modernizavimas (\u012fsigyjama medicinin\u0117 ir kita \u012franga, 2 automobiliai ir 1 \u012fkrovimo stotel\u0117).<\/li>\n\n\n\n<li>V\u0161\u012e Kelm\u0117s ligonin\u0117&nbsp;\u012frangos, reikalingos paslaug\u0173 teikimui, \u012fsigijimas.<\/li>\n<\/ul>\n\n\n\n<p><strong>Projekto rezultatas<\/strong>&nbsp;\u2013<\/p>\n\n\n\n<p>\u012egyvendinus projekt\u0105 ir pagerinus \u0160iauli\u0173 rajono savivaldyb\u0117s sveikatos centro teikiam\u0173 bazini\u0173 asmens sveikatos prie\u017ei\u016bros paslaug\u0173 kokyb\u0119 ir prieinamum\u0105 bus sudarytos prielaidos suma\u017einti \u0160iauli\u0173 rajono gyventoj\u0173 mirtingum\u0105 nuo lig\u0173, kuri\u0173 galima i\u0161vengti diagnostikos ir\/ar gydymo priemon\u0117mis, u\u017etikrintas patogesnis fizinis sveikatos prie\u017ei\u016bros paslaug\u0173 prieinamumas ne\u012fgaliesiems, taip prisidedant prie socialin\u0117s ne\u012fgali\u0173j\u0173 atskirties ma\u017einimo.<\/p>\n\n\n\n<p>Projekto \u012fgyvendinimu siekiama suma\u017einti gyventoj\u0173 pirmalaik\u012f mirtingum\u0105 nuo lig\u0173, kuri\u0173 galima i\u0161vengti suteikus savalaikes ir kokybi\u0161kas sveikatos prie\u017ei\u016bros paslaugas.<\/p>\n\n\n\n<p><strong>Projekto vadov\u0117<\/strong><\/p>\n\n\n\n<p>Inga Rimgailien\u0117, Sveikatos reikal\u0173 koordinator\u0117 (patar\u0117ja)<\/p>\n\n\n\n<p>Tel. +370 41 545 717, +370 612 45 5198 , el. p.&nbsp;<a href=\"mailto:%69%6e%67%61%2e%72%69%6d%67%61%69%6c%69%65%6e%65%40%73%69%61%75%6c%69%75%72%61%6a%2e%6c%74\">inga.rimgailiene@siauliuraj.lt<\/a><\/p>\n\n\n\n<figure class=\"wp-block-image size-large is-resized\"><img decoding=\"async\" loading=\"lazy\" src=\"http:\/\/jusumn.lt\/wp-content\/uploads\/2024\/12\/471205214_1093390659248627_3589471185966623265_n-1024x471.jpg\" alt=\"\" class=\"wp-image-531\" width=\"613\" height=\"282\" srcset=\"https:\/\/jusumn.lt\/wp-content\/uploads\/2024\/12\/471205214_1093390659248627_3589471185966623265_n-1024x471.jpg 1024w, https:\/\/jusumn.lt\/wp-content\/uploads\/2024\/12\/471205214_1093390659248627_3589471185966623265_n-300x138.jpg 300w, https:\/\/jusumn.lt\/wp-content\/uploads\/2024\/12\/471205214_1093390659248627_3589471185966623265_n-768x353.jpg 768w, https:\/\/jusumn.lt\/wp-content\/uploads\/2024\/12\/471205214_1093390659248627_3589471185966623265_n-1536x706.jpg 1536w, https:\/\/jusumn.lt\/wp-content\/uploads\/2024\/12\/471205214_1093390659248627_3589471185966623265_n-1140x524.jpg 1140w, https:\/\/jusumn.lt\/wp-content\/uploads\/2024\/12\/471205214_1093390659248627_3589471185966623265_n.jpg 1788w\" sizes=\"(max-width: 613px) 100vw, 613px\" \/><\/figure>\n","protected":false},"excerpt":{"rendered":"<p>Pradedamas vykdyti projektas \u201eSVEIKATOS CENTR\u0172 SUD\u0116TYJE TEIKIAM\u0172 SVEIKATOS PRIE\u017dI\u016aROS PASLAUG\u0172 INFRASTRUKT\u016aROS MODERNIZAVIMAS \u0160IAULI\u0172 RAJONE\u201c NR. 09-022-P-0044\u201d. Jo tikslas \u2013 u\u017etikrinti sveikatos prie\u017ei\u016bros paslaug\u0173 prieinamum\u0105 \u0160iauli\u0173 rajono gyventojams. Projekto vert\u0117:&nbsp;&nbsp;2 460 540,12 Eur. Projekto \u012fgyvendinimo laikotarpis:&nbsp;2024-11 iki 2027-03. Projekto finansavimo \u0161altiniai:&nbsp;ES fond\u0173 l\u0117\u0161os, Bendro finansavimo l\u0117\u0161os, Savivaldyb\u0117s biud\u017eeto l\u0117\u0161os. Siekiant optimizuoti asmens sveikatos paslaug\u0173 teikim\u0105 ir atsi\u017evelgiant \u012f besikei\u010dian\u010dius visuomen\u0117s poreikius<span class=\"more-dots\">&#8230;<\/span><\/p>\n","protected":false},"author":1,"featured_media":0,"parent":526,"menu_order":0,"comment_status":"closed","ping_status":"closed","template":"","meta":[],"_links":{"self":[{"href":"https:\/\/jusumn.lt\/index.php\/wp-json\/wp\/v2\/pages\/530"}],"collection":[{"href":"https:\/\/jusumn.lt\/index.php\/wp-json\/wp\/v2\/pages"}],"about":[{"href":"https:\/\/jusumn.lt\/index.php\/wp-json\/wp\/v2\/types\/page"}],"author":[{"embeddable":true,"href":"https:\/\/jusumn.lt\/index.php\/wp-json\/wp\/v2\/users\/1"}],"replies":[{"embeddable":true,"href":"https:\/\/jusumn.lt\/index.php\/wp-json\/wp\/v2\/comments?post=530"}],"version-history":[{"count":8,"href":"https:\/\/jusumn.lt\/index.php\/wp-json\/wp\/v2\/pages\/530\/revisions"}],"predecessor-version":[{"id":573,"href":"https:\/\/jusumn.lt\/index.php\/wp-json\/wp\/v2\/pages\/530\/revisions\/573"}],"up":[{"embeddable":true,"href":"https:\/\/jusumn.lt\/index.php\/wp-json\/wp\/v2\/pages\/526"}],"wp:attachment":[{"href":"https:\/\/jusumn.lt\/index.php\/wp-json\/wp\/v2\/media?parent=530"}],"curies":[{"name":"wp","href":"https:\/\/api.w.org\/{rel}","templated":true}]}}