{"id":559,"date":"2025-01-27T06:22:31","date_gmt":"2025-01-27T06:22:31","guid":{"rendered":"https:\/\/jusumn.lt\/?page_id=559"},"modified":"2025-02-20T08:30:30","modified_gmt":"2025-02-20T08:30:30","slug":"projektas-sveikatos-centro-sveikatos-prieziuros-paslaugoms-teikti-reikiamos-infrastrukturos-modernizavimas-kelmes-rajono-savivaldybeje","status":"publish","type":"page","link":"https:\/\/jusumn.lt\/index.php\/es-projektai\/projektas-sveikatos-centro-sveikatos-prieziuros-paslaugoms-teikti-reikiamos-infrastrukturos-modernizavimas-kelmes-rajono-savivaldybeje\/","title":{"rendered":"\u201eSveikatos centro sveikatos prie\u017ei\u016bros paslaugoms teikti reikiamos infrastrukt\u016bros modernizavimas Kelm\u0117s rajono savivaldyb\u0117je\u201c"},"content":{"rendered":"\n<figure class=\"wp-block-image size-large is-resized\"><img decoding=\"async\" loading=\"lazy\" src=\"http:\/\/jusumn.lt\/wp-content\/uploads\/2024\/12\/471205214_1093390659248627_3589471185966623265_n-1024x471.jpg\" alt=\"\" class=\"wp-image-531\" width=\"644\" height=\"296\" srcset=\"https:\/\/jusumn.lt\/wp-content\/uploads\/2024\/12\/471205214_1093390659248627_3589471185966623265_n-1024x471.jpg 1024w, https:\/\/jusumn.lt\/wp-content\/uploads\/2024\/12\/471205214_1093390659248627_3589471185966623265_n-300x138.jpg 300w, https:\/\/jusumn.lt\/wp-content\/uploads\/2024\/12\/471205214_1093390659248627_3589471185966623265_n-768x353.jpg 768w, https:\/\/jusumn.lt\/wp-content\/uploads\/2024\/12\/471205214_1093390659248627_3589471185966623265_n-1536x706.jpg 1536w, https:\/\/jusumn.lt\/wp-content\/uploads\/2024\/12\/471205214_1093390659248627_3589471185966623265_n-1140x524.jpg 1140w, https:\/\/jusumn.lt\/wp-content\/uploads\/2024\/12\/471205214_1093390659248627_3589471185966623265_n.jpg 1788w\" sizes=\"(max-width: 644px) 100vw, 644px\" \/><\/figure>\n\n\n\n<p>Kelm\u0117s rajono savivaldyb\u0117s administracija 2024 m. gruod\u017eio 30 d. pasira\u0161\u0117 sutart\u012f su V\u0161\u012e Centrin\u0117<br>projekt\u0173 valdymo agent\u016bra d\u0117l projekto \u201eSveikatos centro sveikatos prie\u017ei\u016bros paslaugoms teikti<br>reikiamos infrastrukt\u016bros modernizavimas Kelm\u0117s rajono savivaldyb\u0117je\u201c finansavimo.<br>Projekto tikslas &#8211; pagerinti sveikatos prie\u017ei\u016bros paslaug\u0173 kokyb\u0119 ir prieinamum\u0105 Kelm\u0117s rajono<br>savivaldyb\u0117je.<br>Projekto \u012fgyvendinimo metu bus \u012frengtas liftas gydymo \u012fstaigoje, \u012fsigyjami 2 elektromobiliai bei \u012fvairi<br>medicinine \u012franga siekiant apr\u016bpinti Kelm\u0117s rajono pirmin\u0117s ambulatorin\u0117s ir antrin\u0117s sveikatos<br>prie\u017ei\u016bros \u012fstaigas. Projektu siekiamas rezultatas \u2013 pagerintas sveikatos prie\u017ei\u016bros paslaug\u0173<br>prieinamumas ir kokyb\u0117, kurio tiesiogin\u0119 naud\u0105 gaus Kelm\u0117s rajono savivaldyb\u0117s gyventojai<br>pager\u0117jusiomis sveikatos prie\u017ei\u016bros paslaugomis. Prie tiesiogin\u0117s naudos gav\u0117j\u0173 galima priskirti<br>naud\u0105, kuri\u0105 gaus sveikatos prie\u017ei\u016bros specialistai ir kiti sveikatos prie\u017ei\u016bros srityje dirbantys<br>specialistai pager\u0117jusia darbo aplinka.<br>Projekt\u0105 \u012fgyvendina Kelm\u0117s rajono savivaldyb\u0117s administracija ir projekto partneriai V\u0161\u012e Kelm\u0117s<br>rajono pirmin\u0117s sveikatos prie\u017ei\u016bros centras, V\u0161\u012e Tytuv\u0117n\u0173 pirmin\u0117s sveikatos prie\u017ei\u016bros centras, V\u0161\u012e<br>Kelm\u0117s bendrosios praktikos gydytoj\u0173 centras, V\u0161\u012e Kelm\u0117s ligonin\u0117, V\u0161\u012e Kelm\u0117s rajono psichikos<br>sveikatos centras, V\u0161\u012e \u0160auk\u0117n\u0173 ambulatorija, UAB \u201eJ\u016bs\u0173 klinika\u201c, UAB \u201eU\u017even\u010dio \u0161eimos sveikatos<br>centras\u201c, UAB \u201eJ\u016bs\u0173 medicinos namai\u201c.<br>Projekto vert\u0117 1\u00a0986\u00a0298,04 Eurai;<br>Projekto prad\u017eia 2025-01;<br>Projekto pabaiga 2026-12.<\/p>\n\n\n\n<figure class=\"wp-block-image size-full is-resized\"><img decoding=\"async\" loading=\"lazy\" src=\"https:\/\/jusumn.lt\/wp-content\/uploads\/2025\/01\/NKL-Logo_Horizontal-CMYK-1_page-0001.jpg\" alt=\"\" class=\"wp-image-561\" width=\"647\" height=\"229\" srcset=\"https:\/\/jusumn.lt\/wp-content\/uploads\/2025\/01\/NKL-Logo_Horizontal-CMYK-1_page-0001.jpg 916w, https:\/\/jusumn.lt\/wp-content\/uploads\/2025\/01\/NKL-Logo_Horizontal-CMYK-1_page-0001-300x106.jpg 300w, https:\/\/jusumn.lt\/wp-content\/uploads\/2025\/01\/NKL-Logo_Horizontal-CMYK-1_page-0001-768x272.jpg 768w\" sizes=\"(max-width: 647px) 100vw, 647px\" \/><\/figure>\n\n\n\n<figure class=\"wp-block-image size-large is-resized\"><img decoding=\"async\" loading=\"lazy\" src=\"https:\/\/jusumn.lt\/wp-content\/uploads\/2025\/01\/LT-Bendrai-finansuoja-Europos-logotipas-1024x206.jpg\" alt=\"\" class=\"wp-image-562\" width=\"740\" height=\"149\" srcset=\"https:\/\/jusumn.lt\/wp-content\/uploads\/2025\/01\/LT-Bendrai-finansuoja-Europos-logotipas-1024x206.jpg 1024w, https:\/\/jusumn.lt\/wp-content\/uploads\/2025\/01\/LT-Bendrai-finansuoja-Europos-logotipas-300x60.jpg 300w, https:\/\/jusumn.lt\/wp-content\/uploads\/2025\/01\/LT-Bendrai-finansuoja-Europos-logotipas-768x155.jpg 768w, https:\/\/jusumn.lt\/wp-content\/uploads\/2025\/01\/LT-Bendrai-finansuoja-Europos-logotipas-1536x309.jpg 1536w, https:\/\/jusumn.lt\/wp-content\/uploads\/2025\/01\/LT-Bendrai-finansuoja-Europos-logotipas-2048x412.jpg 2048w, https:\/\/jusumn.lt\/wp-content\/uploads\/2025\/01\/LT-Bendrai-finansuoja-Europos-logotipas-1140x229.jpg 1140w\" sizes=\"(max-width: 740px) 100vw, 740px\" \/><\/figure>\n","protected":false},"excerpt":{"rendered":"<p>Kelm\u0117s rajono savivaldyb\u0117s administracija 2024 m. gruod\u017eio 30 d. pasira\u0161\u0117 sutart\u012f su V\u0161\u012e Centrin\u0117projekt\u0173 valdymo agent\u016bra d\u0117l projekto \u201eSveikatos centro sveikatos prie\u017ei\u016bros paslaugoms teiktireikiamos infrastrukt\u016bros modernizavimas Kelm\u0117s rajono savivaldyb\u0117je\u201c finansavimo.Projekto tikslas &#8211; pagerinti sveikatos prie\u017ei\u016bros paslaug\u0173 kokyb\u0119 ir prieinamum\u0105 Kelm\u0117s rajonosavivaldyb\u0117je.Projekto \u012fgyvendinimo metu bus \u012frengtas liftas gydymo \u012fstaigoje, \u012fsigyjami 2 elektromobiliai bei \u012fvairimedicinine \u012franga siekiant apr\u016bpinti Kelm\u0117s rajono pirmin\u0117s ambulatorin\u0117s<span class=\"more-dots\">&#8230;<\/span><\/p>\n","protected":false},"author":1,"featured_media":0,"parent":526,"menu_order":0,"comment_status":"closed","ping_status":"closed","template":"","meta":[],"_links":{"self":[{"href":"https:\/\/jusumn.lt\/index.php\/wp-json\/wp\/v2\/pages\/559"}],"collection":[{"href":"https:\/\/jusumn.lt\/index.php\/wp-json\/wp\/v2\/pages"}],"about":[{"href":"https:\/\/jusumn.lt\/index.php\/wp-json\/wp\/v2\/types\/page"}],"author":[{"embeddable":true,"href":"https:\/\/jusumn.lt\/index.php\/wp-json\/wp\/v2\/users\/1"}],"replies":[{"embeddable":true,"href":"https:\/\/jusumn.lt\/index.php\/wp-json\/wp\/v2\/comments?post=559"}],"version-history":[{"count":2,"href":"https:\/\/jusumn.lt\/index.php\/wp-json\/wp\/v2\/pages\/559\/revisions"}],"predecessor-version":[{"id":572,"href":"https:\/\/jusumn.lt\/index.php\/wp-json\/wp\/v2\/pages\/559\/revisions\/572"}],"up":[{"embeddable":true,"href":"https:\/\/jusumn.lt\/index.php\/wp-json\/wp\/v2\/pages\/526"}],"wp:attachment":[{"href":"https:\/\/jusumn.lt\/index.php\/wp-json\/wp\/v2\/media?parent=559"}],"curies":[{"name":"wp","href":"https:\/\/api.w.org\/{rel}","templated":true}]}}