{"id":56,"date":"2023-06-14T06:38:41","date_gmt":"2023-06-14T06:38:41","guid":{"rendered":"https:\/\/jusumn.lt\/?page_id=56"},"modified":"2023-07-04T14:36:31","modified_gmt":"2023-07-04T14:36:31","slug":"apklausos-anketa","status":"publish","type":"page","link":"https:\/\/jusumn.lt\/index.php\/pacientams\/apklausos-anketa\/","title":{"rendered":"Apklausos anketa"},"content":{"rendered":"\n<p><a href=\"https:\/\/docs.google.com\/forms\/d\/e\/1FAIpQLSc_BGMTEchj1V1wEfwX0IoN2NY2GmKJjBnN78J1rmF9pt8Bag\/viewform\" target=\"_blank\" rel=\"noreferrer noopener\">ANONIMIN\u0116 AMBULATORINI\u0172 ASMENS SVEIKATOS PRIE\u017dI\u016aROS PASLAUG\u0172 VERTINIMO ANKETA<\/a><\/p>\n","protected":false},"excerpt":{"rendered":"<p>ANONIMIN\u0116 AMBULATORINI\u0172 ASMENS SVEIKATOS PRIE\u017dI\u016aROS PASLAUG\u0172 VERTINIMO ANKETA<\/p>\n","protected":false},"author":1,"featured_media":0,"parent":41,"menu_order":0,"comment_status":"closed","ping_status":"closed","template":"","meta":[],"_links":{"self":[{"href":"https:\/\/jusumn.lt\/index.php\/wp-json\/wp\/v2\/pages\/56"}],"collection":[{"href":"https:\/\/jusumn.lt\/index.php\/wp-json\/wp\/v2\/pages"}],"about":[{"href":"https:\/\/jusumn.lt\/index.php\/wp-json\/wp\/v2\/types\/page"}],"author":[{"embeddable":true,"href":"https:\/\/jusumn.lt\/index.php\/wp-json\/wp\/v2\/users\/1"}],"replies":[{"embeddable":true,"href":"https:\/\/jusumn.lt\/index.php\/wp-json\/wp\/v2\/comments?post=56"}],"version-history":[{"count":3,"href":"https:\/\/jusumn.lt\/index.php\/wp-json\/wp\/v2\/pages\/56\/revisions"}],"predecessor-version":[{"id":162,"href":"https:\/\/jusumn.lt\/index.php\/wp-json\/wp\/v2\/pages\/56\/revisions\/162"}],"up":[{"embeddable":true,"href":"https:\/\/jusumn.lt\/index.php\/wp-json\/wp\/v2\/pages\/41"}],"wp:attachment":[{"href":"https:\/\/jusumn.lt\/index.php\/wp-json\/wp\/v2\/media?parent=56"}],"curies":[{"name":"wp","href":"https:\/\/api.w.org\/{rel}","templated":true}]}}