{"id":568,"date":"2025-02-20T08:27:51","date_gmt":"2025-02-20T08:27:51","guid":{"rendered":"https:\/\/jusumn.lt\/?page_id=568"},"modified":"2025-02-20T08:33:20","modified_gmt":"2025-02-20T08:33:20","slug":"projektas-sveikatos-specialistu-rengimas-pritraukimas-siauliu-rajono-savivaldybeje","status":"publish","type":"page","link":"https:\/\/jusumn.lt\/index.php\/es-projektai\/projektas-sveikatos-specialistu-rengimas-pritraukimas-siauliu-rajono-savivaldybeje\/","title":{"rendered":"\u201eSveikatos specialist\u0173 rengimas, pritraukimas \u0160iauli\u0173 rajono savivaldyb\u0117je\u201c Nr. 09-027-P-0047"},"content":{"rendered":"\n<figure class=\"wp-block-image aligncenter size-large is-resized\"><img decoding=\"async\" loading=\"lazy\" src=\"http:\/\/jusumn.lt\/wp-content\/uploads\/2025\/01\/Spalvotas-Bendrai-finansuoja-Europos-Sajunga_POS-1024x223.jpg\" alt=\"\" class=\"wp-image-543\" width=\"652\" height=\"142\" srcset=\"https:\/\/jusumn.lt\/wp-content\/uploads\/2025\/01\/Spalvotas-Bendrai-finansuoja-Europos-Sajunga_POS-1024x223.jpg 1024w, https:\/\/jusumn.lt\/wp-content\/uploads\/2025\/01\/Spalvotas-Bendrai-finansuoja-Europos-Sajunga_POS-300x65.jpg 300w, https:\/\/jusumn.lt\/wp-content\/uploads\/2025\/01\/Spalvotas-Bendrai-finansuoja-Europos-Sajunga_POS-768x167.jpg 768w, https:\/\/jusumn.lt\/wp-content\/uploads\/2025\/01\/Spalvotas-Bendrai-finansuoja-Europos-Sajunga_POS-1536x334.jpg 1536w, https:\/\/jusumn.lt\/wp-content\/uploads\/2025\/01\/Spalvotas-Bendrai-finansuoja-Europos-Sajunga_POS-2048x445.jpg 2048w, https:\/\/jusumn.lt\/wp-content\/uploads\/2025\/01\/Spalvotas-Bendrai-finansuoja-Europos-Sajunga_POS-1140x248.jpg 1140w\" sizes=\"(max-width: 652px) 100vw, 652px\" \/><\/figure>\n\n\n\n<p><strong>Projekto vert\u0117:<\/strong> &nbsp;380 738,33 Eur.<\/p>\n\n\n\n<p><strong>Projekto \u012fgyvendinimo laikotarpis:<\/strong> 2025-02-06 iki 2029-08-31.<\/p>\n\n\n\n<p><strong>Projekto finansavimo \u0161altiniai:<\/strong> ES fond\u0173 l\u0117\u0161os, Bendrojo finansavimo l\u0117\u0161os.<\/p>\n\n\n\n<p><strong>Projekto partneriai:<\/strong> UAB \u201eJ\u016bs\u0173 medicinos namai\u201c, V\u0161\u012e \u201e\u0160iauli\u0173 rajono savivaldyb\u0117s sveikatos centras&#8221;.<\/p>\n\n\n\n<p><\/p>\n\n\n\n<p>Lietuvoje susiduriama tiek su sveikatos prie\u017ei\u016bros specialist\u0173 tr\u016bkumo, tiek su netolygaus j\u0173 pasiskirstymo problema. Manoma, kad ateityje sveikatos prie\u017ei\u016bros specialist\u0173 tr\u016bkumas ir j\u0173 teikiam\u0173 paslaug\u0173 poreikis tik augs. Tai susij\u0119 ne tik su senstan\u010dia visuomene, bet ir d\u0117l medicinos pa\u017eangos bei nauj\u0173 technologij\u0173 vystymosi atsirandan\u010diu naujus \u012fg\u016bd\u017eius turin\u010di\u0173 specialist\u0173 poreikiu. Nema\u017eu i\u0161\u0161\u016bkiu tampa ir sveikatos prie\u017ei\u016bros specialist\u0173, patenkan\u010di\u0173 \u012f pensinio am\u017eiaus ribas skai\u010dius. Remiantis Vyriausyb\u0117s strategin\u0117s analiz\u0117s centro (STRATA) \u017emogi\u0161k\u0173j\u0173 i\u0161tekli\u0173 poreikio prognoz\u0117mis 2023 &#8211; 2032 metams, sveikatos prie\u017ei\u016bros sektorius priskiriamas \u201eseniausiems\u201c sektoriams \u2013 darbuotoj\u0173 pakeitimo metin\u0117 paklausa vir\u0161ija 2 t\u016bkst. darbuotoj\u0173. Nors ir Lietuvoje vidutinis sveikatos prie\u017ei\u016bros specialist\u0173 am\u017eiaus vidurkis yra 47,5 met\u0173, ta\u010diau atid\u017eiau analizuojant atskiras specializacijas, i\u0161ry\u0161k\u0117ja kur kas didesnis problemos mastas \u2013 pavyzd\u017eiui, 39 proc. \u0161iuo metu Lietuvoje dirban\u010di\u0173 vidaus lig\u0173 gydytoj\u0173 yra pensinio am\u017eiaus ir dar bent vienuolikoje gydytoj\u0173 specializacij\u0173 \u0161is rodiklis yra didesnis nei 30 proc. Remiantis STRATA prognoz\u0117mis, 2032 metais did\u017eiausias specialist\u0173 tr\u016bkumas bus \u0161iose specializacijose: bendrosios praktikos slaugytojai, slaugytoj\u0173 pad\u0117j\u0117jai, vidaus lig\u0173 gydytojai ir \u0161eimos gydytojai. Medicinos student\u0173 skatinimas apima stipendijas, studij\u0173 paskolos apmok\u0117jim\u0105, tuo tarpu, norint pritraukti jau praktikuojant\u012f gydytoj\u0105, pasitelkiami kiek kitokie metodai \u2013 nustatomas minimalus metinis darbo u\u017emokes\u010dio dydis, taikoma modifikuota paslaug\u0173 apmok\u0117jimo sistema, mokami special\u016bs priedai, tam, kad d\u0117l potencialiai ma\u017eesn\u0117s populiacijos nenukent\u0117t\u0173 gydytojo darbo u\u017emokestis. Sveikatos specialist\u0173 tr\u016bkumas jau\u010diamas ir \u0160iauli\u0173 rajone bei visame regione. Specialist\u0173 tr\u016bksta ne tik valstybin\u0117se sveikatos \u012fstaigose, bet ir priva\u010diame sektoriuje.<strong><\/strong><\/p>\n\n\n\n<p><strong>Projekto tikslas<\/strong> \u2013 Sveikatos prie\u017ei\u016bros specialist\u0173 rengimas ir pritraukimas \u012f \u0160iauli\u0173 rajono savivaldyb\u0117s sveikatos prie\u017ei\u016bros \u012fstaigas.<\/p>\n\n\n\n<p><strong>Projekto tikslin\u0117 grup\u0117<\/strong> \u2013 Gydytojai rezidentai, gydytojai odontologai rezidentai, mokiniai, studentai ir sveikatos prie\u017ei\u016bros specialistai (vidaus lig\u0173 gydytojai).<\/p>\n\n\n\n<p><strong>Projekto veiklos<\/strong>:<\/p>\n\n\n\n<ul>\n<li>Sveikatos specialist\u0173 rengimas, pritraukimas \u012f V\u0161\u012e \u0160iauli\u0173 rajono savivaldyb\u0117s sveikatos centr\u0105 (3 slaugytoj\u0173 pad\u0117j\u0117j\u0173 modulin\u0117 profesinio mokymo programa; 2 pirmin\u0117s pakopos pirmin\u0117s odontologijos specialist\u0173 studijos; stipendijos 2 i\u0161pl\u0117stin\u0117s praktikos slaugytojams; stipendijos 2 odontologin\u0117s prie\u017ei\u016bros specialistams; 3 bendrosios praktikos slaugytoj\u0173 studijos ir stipendijos).<\/li>\n\n\n\n<li>Sveikatos specialist\u0173 rengimas, pritraukimas \u012f UAB \u201eJ\u016bs\u0173 medicinos namai\u201c (1 \u0161eimos gydytojo rezidento studijos ir priedas prie darbo u\u017emokes\u010dio; 8 bendrosios praktikos slaugytoj\u0173 studijos; stipendijos 7 bendrosios praktikos slaugytojams; 2 i\u0161pl\u0117stin\u0117s praktikos slaugytoj\u0173 studijos; 2 slaugytojo pad\u0117j\u0117j\u0173 studijos.<\/li>\n<\/ul>\n\n\n\n<p><strong>Projekto rezultatas<\/strong> \u2013<\/p>\n\n\n\n<p>Asmenys, dalyvav\u0119 kvalifikacijos \u012fgijimo veiklose &#8211; 21,00;<\/p>\n\n\n\n<p>Sveikatos prie\u017ei\u016bros \u012fstaigos, \u012fgyvendinusios sveikatos prie\u017ei\u016bros specialist\u0173 \u012fgalinimo, pritraukimo ir i\u0161laikymo projektus &#8211; 2,00;<\/p>\n\n\n\n<p>Asmen\u0173, kurie po dalyvavimo veiklose \u012fgijo kvalifikacij\u0105, dalis &#8211; 80,00 proc.,<\/p>\n\n\n\n<p>Asmenys, dalyvav\u0119 kvalifikacijos \u012fgijimo veiklose &#8211; 21,00 asm.<\/p>\n\n\n\n<p>Asmen\u0173, kurie po dalyvavimo veiklose \u012fgijo kvalifikacij\u0105 ir gavo tai patvirtinant dokument\u0105, skai\u010dius &#8211; 17,00 asm.<\/p>\n\n\n\n<p><strong>Projekto vadov\u0117<\/strong><\/p>\n\n\n\n<p>Diana Zdzichauskien\u0117, Investicij\u0173 ir projekt\u0173 valdymo skyriaus vyresnioji specialist\u0117;<\/p>\n\n\n\n<p>Tel.+370 41 596 678<\/p>\n\n\n\n<p>El. p. diana.zdzichauskiene@siauliuraj.lt<\/p>\n\n\n\n<figure class=\"wp-block-image aligncenter size-large is-resized\"><img decoding=\"async\" loading=\"lazy\" src=\"http:\/\/jusumn.lt\/wp-content\/uploads\/2025\/01\/IP-iliustracija-horizontali-1024x461.jpg\" alt=\"\" class=\"wp-image-560\" width=\"569\" height=\"256\" srcset=\"https:\/\/jusumn.lt\/wp-content\/uploads\/2025\/01\/IP-iliustracija-horizontali-1024x461.jpg 1024w, https:\/\/jusumn.lt\/wp-content\/uploads\/2025\/01\/IP-iliustracija-horizontali-300x135.jpg 300w, https:\/\/jusumn.lt\/wp-content\/uploads\/2025\/01\/IP-iliustracija-horizontali-768x346.jpg 768w, https:\/\/jusumn.lt\/wp-content\/uploads\/2025\/01\/IP-iliustracija-horizontali-1536x691.jpg 1536w, https:\/\/jusumn.lt\/wp-content\/uploads\/2025\/01\/IP-iliustracija-horizontali-2048x922.jpg 2048w, https:\/\/jusumn.lt\/wp-content\/uploads\/2025\/01\/IP-iliustracija-horizontali-1140x513.jpg 1140w\" sizes=\"(max-width: 569px) 100vw, 569px\" \/><\/figure>\n","protected":false},"excerpt":{"rendered":"<p>Projekto vert\u0117: &nbsp;380 738,33 Eur. Projekto \u012fgyvendinimo laikotarpis: 2025-02-06 iki 2029-08-31. Projekto finansavimo \u0161altiniai: ES fond\u0173 l\u0117\u0161os, Bendrojo finansavimo l\u0117\u0161os. Projekto partneriai: UAB \u201eJ\u016bs\u0173 medicinos namai\u201c, V\u0161\u012e \u201e\u0160iauli\u0173 rajono savivaldyb\u0117s sveikatos centras&#8221;. Lietuvoje susiduriama tiek su sveikatos prie\u017ei\u016bros specialist\u0173 tr\u016bkumo, tiek su netolygaus j\u0173 pasiskirstymo problema. Manoma, kad ateityje sveikatos prie\u017ei\u016bros specialist\u0173 tr\u016bkumas ir j\u0173 teikiam\u0173 paslaug\u0173 poreikis tik augs.<span class=\"more-dots\">&#8230;<\/span><\/p>\n","protected":false},"author":1,"featured_media":0,"parent":526,"menu_order":0,"comment_status":"closed","ping_status":"closed","template":"","meta":[],"_links":{"self":[{"href":"https:\/\/jusumn.lt\/index.php\/wp-json\/wp\/v2\/pages\/568"}],"collection":[{"href":"https:\/\/jusumn.lt\/index.php\/wp-json\/wp\/v2\/pages"}],"about":[{"href":"https:\/\/jusumn.lt\/index.php\/wp-json\/wp\/v2\/types\/page"}],"author":[{"embeddable":true,"href":"https:\/\/jusumn.lt\/index.php\/wp-json\/wp\/v2\/users\/1"}],"replies":[{"embeddable":true,"href":"https:\/\/jusumn.lt\/index.php\/wp-json\/wp\/v2\/comments?post=568"}],"version-history":[{"count":3,"href":"https:\/\/jusumn.lt\/index.php\/wp-json\/wp\/v2\/pages\/568\/revisions"}],"predecessor-version":[{"id":575,"href":"https:\/\/jusumn.lt\/index.php\/wp-json\/wp\/v2\/pages\/568\/revisions\/575"}],"up":[{"embeddable":true,"href":"https:\/\/jusumn.lt\/index.php\/wp-json\/wp\/v2\/pages\/526"}],"wp:attachment":[{"href":"https:\/\/jusumn.lt\/index.php\/wp-json\/wp\/v2\/media?parent=568"}],"curies":[{"name":"wp","href":"https:\/\/api.w.org\/{rel}","templated":true}]}}