{"id":585,"date":"2025-04-14T13:18:53","date_gmt":"2025-04-14T13:18:53","guid":{"rendered":"https:\/\/jusumn.lt\/?page_id=585"},"modified":"2025-04-14T13:18:54","modified_gmt":"2025-04-14T13:18:54","slug":"informacijos-apie-pazeidimus-teikimo-vidiniu-kanalu-ir-pranesejo-apsaugos-igyvendinimo-tvarka","status":"publish","type":"page","link":"https:\/\/jusumn.lt\/index.php\/informacijos-apie-pazeidimus-teikimo-vidiniu-kanalu-ir-pranesejo-apsaugos-igyvendinimo-tvarka\/","title":{"rendered":"Informacijos apie pa\u017eeidimus teikimo vidiniu kanalu ir prane\u0161\u0117jo apsaugos \u012fgyvendinimo tvarka"},"content":{"rendered":"\n<p>UAB \u201eJ\u016bs\u0173 medicinos namai\u201c Informacijos apie pa\u017eeidimus teikimo vidiniu kanalu ir prane\u0161\u0117jo apsaugos \u012fgyvendinimo tvark\u0105 rasite .<\/p>\n\n\n\n<p>Prane\u0161imo apie pa\u017eeidim\u0105 forma rasite . <\/p>\n\n\n\n<p><\/p>\n","protected":false},"excerpt":{"rendered":"<p>UAB \u201eJ\u016bs\u0173 medicinos namai\u201c Informacijos apie pa\u017eeidimus teikimo vidiniu kanalu ir prane\u0161\u0117jo apsaugos \u012fgyvendinimo tvark\u0105 rasite . Prane\u0161imo apie pa\u017eeidim\u0105 forma rasite .<\/p>\n","protected":false},"author":1,"featured_media":0,"parent":0,"menu_order":0,"comment_status":"closed","ping_status":"closed","template":"","meta":[],"_links":{"self":[{"href":"https:\/\/jusumn.lt\/index.php\/wp-json\/wp\/v2\/pages\/585"}],"collection":[{"href":"https:\/\/jusumn.lt\/index.php\/wp-json\/wp\/v2\/pages"}],"about":[{"href":"https:\/\/jusumn.lt\/index.php\/wp-json\/wp\/v2\/types\/page"}],"author":[{"embeddable":true,"href":"https:\/\/jusumn.lt\/index.php\/wp-json\/wp\/v2\/users\/1"}],"replies":[{"embeddable":true,"href":"https:\/\/jusumn.lt\/index.php\/wp-json\/wp\/v2\/comments?post=585"}],"version-history":[{"count":1,"href":"https:\/\/jusumn.lt\/index.php\/wp-json\/wp\/v2\/pages\/585\/revisions"}],"predecessor-version":[{"id":587,"href":"https:\/\/jusumn.lt\/index.php\/wp-json\/wp\/v2\/pages\/585\/revisions\/587"}],"wp:attachment":[{"href":"https:\/\/jusumn.lt\/index.php\/wp-json\/wp\/v2\/media?parent=585"}],"curies":[{"name":"wp","href":"https:\/\/api.w.org\/{rel}","templated":true}]}}