{"id":59,"date":"2023-06-14T06:39:17","date_gmt":"2023-06-14T06:39:17","guid":{"rendered":"https:\/\/jusumn.lt\/?page_id=59"},"modified":"2025-07-18T05:39:43","modified_gmt":"2025-07-18T05:39:43","slug":"atsiskaitymo-budai","status":"publish","type":"page","link":"https:\/\/jusumn.lt\/index.php\/pacientams\/atsiskaitymo-budai\/","title":{"rendered":"Atsiskaitymo b\u016bdai"},"content":{"rendered":"\n<p>U\u017e suteiktas paslaugas galite atsiskaityti:<\/p>\n\n\n\n<ul>\n<li>grynaisiais pinigais;<\/li>\n\n\n\n<li>mok\u0117jimo kortel\u0117mis \u201eVisa\u201c, \u201eMasterCard\u201c, \u201eMaestro\u201c;<\/li>\n\n\n\n<li>bankiniu pavedimu pagal i\u0161ra\u0161yt\u0105 s\u0105skait\u0105 fakt\u016br\u0105. Mok\u0117jimo paskirtyje b\u016btinai \u012fra\u0161ykite s\u0105skaitos fakt\u016bros numer\u012f.<\/li>\n<\/ul>\n\n\n\n<p><strong>UAB \u201eJ\u016bs\u0173 medicinos namai\u201c rekvizitai:<\/strong><br>\u012emon\u0117s kodas: 306107268<br>Atsiskaitomoji s\u0105skaita: LT067189900050467036, AB &#8222;\u0160iauli\u0173 bankas&#8221;<br>Adresas: J. Basanavi\u010diaus g. 8 &#8211; 3, Kur\u0161\u0117nai, \u0160iauli\u0173 r.<\/p>\n","protected":false},"excerpt":{"rendered":"<p>U\u017e suteiktas paslaugas galite atsiskaityti: UAB \u201eJ\u016bs\u0173 medicinos namai\u201c rekvizitai:\u012emon\u0117s kodas: 306107268Atsiskaitomoji s\u0105skaita: LT067189900050467036, AB &#8222;\u0160iauli\u0173 bankas&#8221;Adresas: J. Basanavi\u010diaus g. 8 &#8211; 3, Kur\u0161\u0117nai, \u0160iauli\u0173 r.<\/p>\n","protected":false},"author":1,"featured_media":0,"parent":41,"menu_order":0,"comment_status":"closed","ping_status":"closed","template":"","meta":[],"_links":{"self":[{"href":"https:\/\/jusumn.lt\/index.php\/wp-json\/wp\/v2\/pages\/59"}],"collection":[{"href":"https:\/\/jusumn.lt\/index.php\/wp-json\/wp\/v2\/pages"}],"about":[{"href":"https:\/\/jusumn.lt\/index.php\/wp-json\/wp\/v2\/types\/page"}],"author":[{"embeddable":true,"href":"https:\/\/jusumn.lt\/index.php\/wp-json\/wp\/v2\/users\/1"}],"replies":[{"embeddable":true,"href":"https:\/\/jusumn.lt\/index.php\/wp-json\/wp\/v2\/comments?post=59"}],"version-history":[{"count":4,"href":"https:\/\/jusumn.lt\/index.php\/wp-json\/wp\/v2\/pages\/59\/revisions"}],"predecessor-version":[{"id":654,"href":"https:\/\/jusumn.lt\/index.php\/wp-json\/wp\/v2\/pages\/59\/revisions\/654"}],"up":[{"embeddable":true,"href":"https:\/\/jusumn.lt\/index.php\/wp-json\/wp\/v2\/pages\/41"}],"wp:attachment":[{"href":"https:\/\/jusumn.lt\/index.php\/wp-json\/wp\/v2\/media?parent=59"}],"curies":[{"name":"wp","href":"https:\/\/api.w.org\/{rel}","templated":true}]}}