{"id":608,"date":"2025-06-11T06:18:43","date_gmt":"2025-06-11T06:18:43","guid":{"rendered":"https:\/\/jusumn.lt\/?page_id=608"},"modified":"2025-09-09T05:48:56","modified_gmt":"2025-09-09T05:48:56","slug":"klinika-siauliuose","status":"publish","type":"page","link":"https:\/\/jusumn.lt\/index.php\/klinikos\/klinika-siauliuose\/","title":{"rendered":"Klinika \u0160iauliuose &#8222;J\u016bs\u0173 klinika&#8221;"},"content":{"rendered":"\n<div class=\"wp-block-columns is-layout-flex wp-container-4\">\n<div class=\"wp-block-column is-layout-flow\">\n<div class=\"wp-block-cover is-light\" style=\"min-height:213px\"><span aria-hidden=\"true\" class=\"wp-block-cover__background has-background-dim\"><\/span><img decoding=\"async\" loading=\"lazy\" width=\"1024\" height=\"683\" class=\"wp-block-cover__image-background wp-image-661\" alt=\"\" src=\"https:\/\/jusumn.lt\/wp-content\/uploads\/2025\/07\/Seimos-gydytojas-1024x683.jpg\" data-object-fit=\"cover\" srcset=\"https:\/\/jusumn.lt\/wp-content\/uploads\/2025\/07\/Seimos-gydytojas-1024x683.jpg 1024w, https:\/\/jusumn.lt\/wp-content\/uploads\/2025\/07\/Seimos-gydytojas-300x200.jpg 300w, https:\/\/jusumn.lt\/wp-content\/uploads\/2025\/07\/Seimos-gydytojas-768x512.jpg 768w, https:\/\/jusumn.lt\/wp-content\/uploads\/2025\/07\/Seimos-gydytojas-1536x1024.jpg 1536w, https:\/\/jusumn.lt\/wp-content\/uploads\/2025\/07\/Seimos-gydytojas-1140x760.jpg 1140w, https:\/\/jusumn.lt\/wp-content\/uploads\/2025\/07\/Seimos-gydytojas.jpg 2048w\" sizes=\"(max-width: 1024px) 100vw, 1024px\" \/><div class=\"wp-block-cover__inner-container\">\n<p class=\"has-text-align-center has-large-font-size\"><a href=\"https:\/\/jusumn.lt\/index.php\/klinikos\/klinika-siauliuose\/seimos-gydytojai-2\/\"><mark style=\"background-color:var(--colorMain2)\" class=\"has-inline-color has-dark-color\"><strong>\u0160eimos gydytoja<\/strong><\/mark><\/a><strong><mark style=\"background-color:var(--colorMain2)\" class=\"has-inline-color has-dark-color\">i<\/mark><\/strong><\/p>\n<\/div><\/div>\n<\/div>\n\n\n\n<div class=\"wp-block-column is-layout-flow\">\n<div class=\"wp-block-cover is-light\" style=\"min-height:209px\"><span aria-hidden=\"true\" class=\"wp-block-cover__background has-background-dim\"><\/span><img decoding=\"async\" loading=\"lazy\" width=\"1024\" height=\"789\" class=\"wp-block-cover__image-background wp-image-672\" alt=\"\" src=\"https:\/\/jusumn.lt\/wp-content\/uploads\/2025\/07\/475833566_557072660664769_4202012282306796830_n-1024x789.jpg\" data-object-fit=\"cover\" srcset=\"https:\/\/jusumn.lt\/wp-content\/uploads\/2025\/07\/475833566_557072660664769_4202012282306796830_n-1024x789.jpg 1024w, https:\/\/jusumn.lt\/wp-content\/uploads\/2025\/07\/475833566_557072660664769_4202012282306796830_n-300x231.jpg 300w, https:\/\/jusumn.lt\/wp-content\/uploads\/2025\/07\/475833566_557072660664769_4202012282306796830_n-768x592.jpg 768w, https:\/\/jusumn.lt\/wp-content\/uploads\/2025\/07\/475833566_557072660664769_4202012282306796830_n-1110x855.jpg 1110w, https:\/\/jusumn.lt\/wp-content\/uploads\/2025\/07\/475833566_557072660664769_4202012282306796830_n.jpg 1410w\" sizes=\"(max-width: 1024px) 100vw, 1024px\" \/><div class=\"wp-block-cover__inner-container\">\n<p class=\"has-text-align-center has-large-font-size\"><strong><a href=\"https:\/\/jusumn.lt\/index.php\/klinikos\/klinika-siauliuose\/odontologijos-specialistai\/\" data-type=\"page\" data-id=\"677\"><mark style=\"background-color:var(--colorMain2)\" class=\"has-inline-color has-dark-color\">Odontologijos specialistai<\/mark><\/a><\/strong><\/p>\n<\/div><\/div>\n<\/div>\n\n\n\n<div class=\"wp-block-column is-layout-flow\">\n<div class=\"wp-block-cover is-light\" style=\"min-height:217px\"><span aria-hidden=\"true\" class=\"wp-block-cover__background has-background-dim\"><\/span><img decoding=\"async\" loading=\"lazy\" width=\"902\" height=\"620\" class=\"wp-block-cover__image-background wp-image-673\" alt=\"\" src=\"https:\/\/jusumn.lt\/wp-content\/uploads\/2025\/07\/474759681_550210854684283_8665975539849923717_n.jpg\" data-object-fit=\"cover\" srcset=\"https:\/\/jusumn.lt\/wp-content\/uploads\/2025\/07\/474759681_550210854684283_8665975539849923717_n.jpg 902w, https:\/\/jusumn.lt\/wp-content\/uploads\/2025\/07\/474759681_550210854684283_8665975539849923717_n-300x206.jpg 300w, https:\/\/jusumn.lt\/wp-content\/uploads\/2025\/07\/474759681_550210854684283_8665975539849923717_n-768x528.jpg 768w\" sizes=\"(max-width: 902px) 100vw, 902px\" \/><div class=\"wp-block-cover__inner-container\">\n<p class=\"has-text-align-center has-large-font-size\"><strong><a href=\"http:\/\/jusumn.lt\/index.php\/klinikos\/klinika-siauliuose\/gydytojai-specialistai\/\" data-type=\"URL\" data-id=\"jusumn.lt\/index.php\/klinikos\/klinika-siauliuose\/gydytojai-specialistai\/\"><mark style=\"background-color:var(--colorMain2)\" class=\"has-inline-color has-dark-color\">Gydytojai specialistai<\/mark><\/a><\/strong><\/p>\n<\/div><\/div>\n<\/div>\n<\/div>\n\n\n\n<p><\/p>\n\n\n\n<div class=\"wp-block-columns is-layout-flex wp-container-10\">\n<div class=\"wp-block-column is-layout-flow\">\n<div class=\"wp-block-columns is-layout-flex wp-container-8\">\n<div class=\"wp-block-column is-layout-flow\">\n<div class=\"wp-block-cover is-light\" style=\"min-height:234px\"><span aria-hidden=\"true\" class=\"wp-block-cover__background has-background-dim\"><\/span><img decoding=\"async\" loading=\"lazy\" width=\"1024\" height=\"683\" class=\"wp-block-cover__image-background wp-image-745\" alt=\"\" src=\"https:\/\/jusumn.lt\/wp-content\/uploads\/2025\/09\/ChatGPT-Image-2025-09-09-08_44_31-1024x683.png\" data-object-fit=\"cover\" srcset=\"https:\/\/jusumn.lt\/wp-content\/uploads\/2025\/09\/ChatGPT-Image-2025-09-09-08_44_31-1024x683.png 1024w, https:\/\/jusumn.lt\/wp-content\/uploads\/2025\/09\/ChatGPT-Image-2025-09-09-08_44_31-300x200.png 300w, https:\/\/jusumn.lt\/wp-content\/uploads\/2025\/09\/ChatGPT-Image-2025-09-09-08_44_31-768x512.png 768w, https:\/\/jusumn.lt\/wp-content\/uploads\/2025\/09\/ChatGPT-Image-2025-09-09-08_44_31-1140x760.png 1140w, https:\/\/jusumn.lt\/wp-content\/uploads\/2025\/09\/ChatGPT-Image-2025-09-09-08_44_31.png 1536w\" sizes=\"(max-width: 1024px) 100vw, 1024px\" \/><div class=\"wp-block-cover__inner-container\">\n<p class=\"has-text-align-center has-large-font-size\"><strong><a href=\"https:\/\/jusumn.lt\/index.php\/klinikos\/klinika-siauliuose\/klausos-aparatai\/\"><mark style=\"background-color:var(--colorMain2)\" class=\"has-inline-color has-dark-muted-color\">Klausos aparatai<\/mark><\/a><\/strong><\/p>\n<\/div><\/div>\n<\/div>\n\n\n\n<div class=\"wp-block-column is-layout-flow\"><\/div>\n\n\n\n<div class=\"wp-block-column is-layout-flow\"><\/div>\n<\/div>\n<\/div>\n<\/div>\n\n\n\n<h2 class=\"wp-block-heading\"><strong><mark style=\"background-color:var(--colorMain2)\" class=\"has-inline-color has-dark-color\">Kaip tapti klinikos pacientu:<\/mark><\/strong><\/h2>\n\n\n\n<ol>\n<li>per e-pacientas.lt sistem\u0105, spustel\u0117jus nuorod\u0105 \u2013&nbsp;<a rel=\"noreferrer noopener\" href=\"https:\/\/e-pacientas.lt\/subscription\/1125960122\" target=\"_blank\"><strong>pri<\/strong><\/a><strong><a rel=\"noreferrer noopener\" href=\"https:\/\/e-pacientas.lt\/subscription\/2447015901\" target=\"_blank\">sira\u0161yti prie klinikos<\/a><\/strong><a rel=\"noreferrer noopener\" href=\"https:\/\/e-pacientas.lt\/subscription\/1125960122\" target=\"_blank\">&nbsp;<\/a>;<\/li>\n\n\n\n<li>atvykus \u012f klinik\u0105 ir pateikus asmens tapatyb\u0119 patvirtinant\u012f dokument\u0105;<\/li>\n\n\n\n<li>elektroniniu pa\u0161tu, pateikus&nbsp;form\u0105 Nr. 025-025-1\/a, pasira\u0161yt\u0105 elektroniniu kvalifikuotu para\u0161u (prisira\u0161ymo form\u0105 Nr. 025-025-1\/a galima parsisi\u0173sti<strong>&nbsp;\u010cIA<\/strong> );<\/li>\n\n\n\n<li>pa\u0161tu arba per pasiuntin\u012f, kartu pateikiant asmens tapatyb\u0119 patvirtinan\u010dio dokumento kopij\u0105.<\/li>\n<\/ol>\n\n\n\n<h2 class=\"wp-block-heading\"><strong><mark style=\"background-color:var(--colorMain2)\" class=\"has-inline-color has-dark-muted-color\">Registruotis vizitui galite:<\/mark><\/strong><\/h2>\n\n\n\n<ol>\n<li>Atvyk\u0119 \u012f klinik\u0105 (adresu P. Vi\u0161inskio 14 &#8211; 9, \u0160iauliai).<\/li>\n\n\n\n<li>Paskambin\u0119 registrat\u016bros telefonu<strong>&nbsp; +37066294340; +37066295323<\/strong>.<\/li>\n\n\n\n<li>Internetu \u2013 E-sveikatos portale<a rel=\"noreferrer noopener\" href=\"https:\/\/ipr.esveikata.lt\/\" target=\"_blank\"><strong> ipr.esveikata.lt<\/strong>&nbsp;<\/a>arba e.Pacientas portale<strong>&nbsp;<\/strong><a rel=\"noreferrer noopener\" href=\"https:\/\/e-pacientas.lt\/registration?provider=2447015901\" data-type=\"URL\" target=\"_blank\"><strong>e-pacientas.lt<\/strong>&nbsp;<\/a><\/li>\n<\/ol>\n\n\n\n<p><strong><mark style=\"background-color:var(--colorMain2)\" class=\"has-inline-color has-dark-muted-color\">Klinikos kontaktai:<\/mark><\/strong><\/p>\n\n\n\n<p><p><strong>Registrat\u016bros tel.<\/strong> +37066294340; +37066295323.<\/p><p><strong>Adresas: <\/strong>P. Vi\u0161inskio g. 14 \u2013 9, \u0160iauliai.<\/p><p><strong>Darbo laikas: <\/strong>I &#8211; V  08.00 \u2013 18.00<\/p><p><strong>El. pa\u0161tas:<\/strong> siauliai@jusumn.lt<\/p> <\/p>\n","protected":false},"excerpt":{"rendered":"<p>Kaip tapti klinikos pacientu: Registruotis vizitui galite: Klinikos kontaktai: Registrat\u016bros tel. +37066294340; +37066295323. Adresas: P. Vi\u0161inskio g. 14 \u2013 9, \u0160iauliai. Darbo laikas: I &#8211; V 08.00 \u2013 18.00 El. pa\u0161tas: siauliai@jusumn.lt<\/p>\n","protected":false},"author":1,"featured_media":0,"parent":605,"menu_order":0,"comment_status":"closed","ping_status":"closed","template":"","meta":[],"_links":{"self":[{"href":"https:\/\/jusumn.lt\/index.php\/wp-json\/wp\/v2\/pages\/608"}],"collection":[{"href":"https:\/\/jusumn.lt\/index.php\/wp-json\/wp\/v2\/pages"}],"about":[{"href":"https:\/\/jusumn.lt\/index.php\/wp-json\/wp\/v2\/types\/page"}],"author":[{"embeddable":true,"href":"https:\/\/jusumn.lt\/index.php\/wp-json\/wp\/v2\/users\/1"}],"replies":[{"embeddable":true,"href":"https:\/\/jusumn.lt\/index.php\/wp-json\/wp\/v2\/comments?post=608"}],"version-history":[{"count":16,"href":"https:\/\/jusumn.lt\/index.php\/wp-json\/wp\/v2\/pages\/608\/revisions"}],"predecessor-version":[{"id":747,"href":"https:\/\/jusumn.lt\/index.php\/wp-json\/wp\/v2\/pages\/608\/revisions\/747"}],"up":[{"embeddable":true,"href":"https:\/\/jusumn.lt\/index.php\/wp-json\/wp\/v2\/pages\/605"}],"wp:attachment":[{"href":"https:\/\/jusumn.lt\/index.php\/wp-json\/wp\/v2\/media?parent=608"}],"curies":[{"name":"wp","href":"https:\/\/api.w.org\/{rel}","templated":true}]}}