{"id":611,"date":"2025-06-11T06:18:57","date_gmt":"2025-06-11T06:18:57","guid":{"rendered":"https:\/\/jusumn.lt\/?page_id=611"},"modified":"2025-07-24T13:57:49","modified_gmt":"2025-07-24T13:57:49","slug":"klinika-kursenuose","status":"publish","type":"page","link":"https:\/\/jusumn.lt\/index.php\/klinikos\/klinika-kursenuose\/","title":{"rendered":"Klinika Kur\u0161\u0117nuose &#8222;Medicinos namai&#8221;"},"content":{"rendered":"\n<div class=\"wp-block-columns is-layout-flex wp-container-4\">\n<div class=\"wp-block-column is-layout-flow\">\n<div class=\"wp-block-cover is-light\" style=\"min-height:256px\"><span aria-hidden=\"true\" class=\"wp-block-cover__background has-background-dim\"><\/span><img decoding=\"async\" loading=\"lazy\" width=\"1024\" height=\"768\" class=\"wp-block-cover__image-background wp-image-715\" alt=\"\" src=\"https:\/\/jusumn.lt\/wp-content\/uploads\/2025\/07\/Seimos-gydytojas-2-1024x768.jpg\" data-object-fit=\"cover\" srcset=\"https:\/\/jusumn.lt\/wp-content\/uploads\/2025\/07\/Seimos-gydytojas-2-1024x768.jpg 1024w, https:\/\/jusumn.lt\/wp-content\/uploads\/2025\/07\/Seimos-gydytojas-2-300x225.jpg 300w, https:\/\/jusumn.lt\/wp-content\/uploads\/2025\/07\/Seimos-gydytojas-2-768x576.jpg 768w, https:\/\/jusumn.lt\/wp-content\/uploads\/2025\/07\/Seimos-gydytojas-2-1140x855.jpg 1140w, https:\/\/jusumn.lt\/wp-content\/uploads\/2025\/07\/Seimos-gydytojas-2.jpg 1485w\" sizes=\"(max-width: 1024px) 100vw, 1024px\" \/><div class=\"wp-block-cover__inner-container\">\n<p class=\"has-text-align-center has-large-font-size\"><strong><a href=\"http:\/\/jusumn.lt\/index.php\/klinikos\/klinika-kursenuose\/seimos-gydytoju-darbo-laikas\/\" data-type=\"URL\" data-id=\"jusumn.lt\/index.php\/klinikos\/klinika-kursenuose\/seimos-gydytoju-darbo-laikas\/\"><mark style=\"background-color:var(--colorMain2)\" class=\"has-inline-color has-dark-color\">\u0160eimos gydytojai<\/mark><\/a><\/strong><\/p>\n<\/div><\/div>\n<\/div>\n\n\n\n<div class=\"wp-block-column is-layout-flow\">\n<div class=\"wp-block-cover is-light\" style=\"min-height:257px\"><span aria-hidden=\"true\" class=\"wp-block-cover__background has-background-dim\"><\/span><img decoding=\"async\" loading=\"lazy\" width=\"1024\" height=\"728\" class=\"wp-block-cover__image-background wp-image-714\" alt=\"\" src=\"https:\/\/jusumn.lt\/wp-content\/uploads\/2025\/07\/odo-1-1024x728.jpg\" data-object-fit=\"cover\" srcset=\"https:\/\/jusumn.lt\/wp-content\/uploads\/2025\/07\/odo-1-1024x728.jpg 1024w, https:\/\/jusumn.lt\/wp-content\/uploads\/2025\/07\/odo-1-300x213.jpg 300w, https:\/\/jusumn.lt\/wp-content\/uploads\/2025\/07\/odo-1-768x546.jpg 768w, https:\/\/jusumn.lt\/wp-content\/uploads\/2025\/07\/odo-1-1140x811.jpg 1140w, https:\/\/jusumn.lt\/wp-content\/uploads\/2025\/07\/odo-1.jpg 1517w\" sizes=\"(max-width: 1024px) 100vw, 1024px\" \/><div class=\"wp-block-cover__inner-container\">\n<p class=\"has-text-align-center has-large-font-size\"><strong><a href=\"http:\/\/jusumn.lt\/index.php\/klinikos\/klinika-kursenuose\/odontologijos-specialistu-darbo-laikas\/\" data-type=\"URL\" data-id=\"jusumn.lt\/index.php\/klinikos\/klinika-kursenuose\/odontologijos-specialistu-darbo-laikas\/\"><mark style=\"background-color:var(--colorMain2)\" class=\"has-inline-color has-dark-muted-color\">Odontologijos specialistai<\/mark><\/a><\/strong><\/p>\n<\/div><\/div>\n<\/div>\n\n\n\n<div class=\"wp-block-column is-layout-flow\">\n<div class=\"wp-block-cover is-light\" style=\"min-height:258px\"><span aria-hidden=\"true\" class=\"wp-block-cover__background has-background-dim\"><\/span><img decoding=\"async\" loading=\"lazy\" width=\"1024\" height=\"720\" class=\"wp-block-cover__image-background wp-image-713\" alt=\"\" src=\"https:\/\/jusumn.lt\/wp-content\/uploads\/2025\/07\/474233858_547096681662367_7601056827869822119_n-1024x720.jpg\" data-object-fit=\"cover\" srcset=\"https:\/\/jusumn.lt\/wp-content\/uploads\/2025\/07\/474233858_547096681662367_7601056827869822119_n-1024x720.jpg 1024w, https:\/\/jusumn.lt\/wp-content\/uploads\/2025\/07\/474233858_547096681662367_7601056827869822119_n-300x211.jpg 300w, https:\/\/jusumn.lt\/wp-content\/uploads\/2025\/07\/474233858_547096681662367_7601056827869822119_n-768x540.jpg 768w, https:\/\/jusumn.lt\/wp-content\/uploads\/2025\/07\/474233858_547096681662367_7601056827869822119_n-1140x802.jpg 1140w, https:\/\/jusumn.lt\/wp-content\/uploads\/2025\/07\/474233858_547096681662367_7601056827869822119_n.jpg 1410w\" sizes=\"(max-width: 1024px) 100vw, 1024px\" \/><div class=\"wp-block-cover__inner-container\">\n<p class=\"has-text-align-center has-large-font-size\"><strong><a href=\"http:\/\/jusumn.lt\/index.php\/klinikos\/klinika-kursenuose\/gydytojai-specialistai\/\" data-type=\"URL\" data-id=\"jusumn.lt\/index.php\/klinikos\/klinika-kursenuose\/gydytojai-specialistai\/\"><mark style=\"background-color:var(--colorMain2)\" class=\"has-inline-color has-dark-muted-color\">Gydytojai specialistai<\/mark><\/a><\/strong><\/p>\n<\/div><\/div>\n<\/div>\n<\/div>\n\n\n\n<p><\/p>\n\n\n\n<h2 class=\"wp-block-heading\"><strong><mark style=\"background-color:var(--colorMain2)\" class=\"has-inline-color has-dark-color\">Kaip tapti klinikos pacientu:<\/mark><\/strong><\/h2>\n\n\n\n<ol>\n<li>per e-pacientas.lt sistem\u0105, spustel\u0117jus nuorod\u0105 \u2013&nbsp;<a rel=\"noreferrer noopener\" href=\"https:\/\/e-pacientas.lt\/subscription\/1125960122\" target=\"_blank\"><strong>prisira\u0161yti prie klinikos<\/strong>&nbsp;<\/a>;<\/li>\n\n\n\n<li>atvykus \u012f klinik\u0105 ir pateikus asmens tapatyb\u0119 patvirtinant\u012f dokument\u0105;<\/li>\n\n\n\n<li>elektroniniu pa\u0161tu, pateikus&nbsp;form\u0105 Nr. 025-025-1\/a, pasira\u0161yt\u0105 elektroniniu kvalifikuotu para\u0161u (prisira\u0161ymo form\u0105 Nr. 025-025-1\/a galima parsisi\u0173sti<strong>&nbsp;\u010cIA<\/strong> );<\/li>\n\n\n\n<li>pa\u0161tu arba per pasiuntin\u012f, kartu pateikiant asmens tapatyb\u0119 patvirtinan\u010dio dokumento kopij\u0105.<\/li>\n<\/ol>\n\n\n\n<h2 class=\"wp-block-heading\"><strong><mark style=\"background-color:var(--colorMain2)\" class=\"has-inline-color has-dark-color\">Registruotis vizitui galite:<\/mark><\/strong><\/h2>\n\n\n\n<ol>\n<li>Atvyk\u0119 \u012f klinik\u0105 (adresu J. Basanavi\u010diaus g. 8 -12, Kur\u0161\u0117nai).<\/li>\n\n\n\n<li>Paskambin\u0119 registrat\u016bros telefonu<strong>&nbsp;+37061224111, +37061646937;&nbsp;<\/strong>odontologinei proced\u016brai&nbsp;<strong>+37068260116<\/strong>.<\/li>\n\n\n\n<li>Internetu \u2013 E-sveikatos portale<a rel=\"noreferrer noopener\" href=\"https:\/\/ipr.esveikata.lt\/\" target=\"_blank\"><strong> ipr.esveikata.lt<\/strong>&nbsp;<\/a>arba e.Pacientas portale<strong>&nbsp;<\/strong><a rel=\"noreferrer noopener\" href=\"http:\/\/e-pacientas.lt\" data-type=\"URL\" target=\"_blank\"><strong>e-pacientas.lt<\/strong><\/a><\/li>\n<\/ol>\n\n\n\n<p><mark style=\"background-color:var(--colorMain2)\" class=\"has-inline-color has-dark-color\"><strong>Klinikos kontaktai:<\/strong><\/mark><\/p>\n\n\n\n<ul>\n<li>Adresas: J. Basanavi\u010diaus g. 8 -12, Kur\u0161\u0117nai.<\/li>\n\n\n\n<li>Registrat\u016bros tel. nr.: +<strong>37061224111, +37061646937<\/strong>. Odontologijos klinika:&nbsp;<strong>+37068260116<\/strong>.<\/li>\n\n\n\n<li>El. pa\u0161tas: kursenai@medicinosnamai.lt<\/li>\n\n\n\n<li>Darbo laikas: Pirmadienis &#8211; Penktadienis 07.00 &#8211; 19.00<\/li>\n<\/ul>\n","protected":false},"excerpt":{"rendered":"<p>Kaip tapti klinikos pacientu: Registruotis vizitui galite: Klinikos kontaktai:<\/p>\n","protected":false},"author":1,"featured_media":0,"parent":605,"menu_order":0,"comment_status":"closed","ping_status":"closed","template":"","meta":[],"_links":{"self":[{"href":"https:\/\/jusumn.lt\/index.php\/wp-json\/wp\/v2\/pages\/611"}],"collection":[{"href":"https:\/\/jusumn.lt\/index.php\/wp-json\/wp\/v2\/pages"}],"about":[{"href":"https:\/\/jusumn.lt\/index.php\/wp-json\/wp\/v2\/types\/page"}],"author":[{"embeddable":true,"href":"https:\/\/jusumn.lt\/index.php\/wp-json\/wp\/v2\/users\/1"}],"replies":[{"embeddable":true,"href":"https:\/\/jusumn.lt\/index.php\/wp-json\/wp\/v2\/comments?post=611"}],"version-history":[{"count":10,"href":"https:\/\/jusumn.lt\/index.php\/wp-json\/wp\/v2\/pages\/611\/revisions"}],"predecessor-version":[{"id":727,"href":"https:\/\/jusumn.lt\/index.php\/wp-json\/wp\/v2\/pages\/611\/revisions\/727"}],"up":[{"embeddable":true,"href":"https:\/\/jusumn.lt\/index.php\/wp-json\/wp\/v2\/pages\/605"}],"wp:attachment":[{"href":"https:\/\/jusumn.lt\/index.php\/wp-json\/wp\/v2\/media?parent=611"}],"curies":[{"name":"wp","href":"https:\/\/api.w.org\/{rel}","templated":true}]}}