{"id":65,"date":"2023-06-14T06:42:59","date_gmt":"2023-06-14T06:42:59","guid":{"rendered":"https:\/\/jusumn.lt\/?page_id=65"},"modified":"2023-07-07T07:29:04","modified_gmt":"2023-07-07T07:29:04","slug":"mirties-liudijimu-isdavimo-tvarka","status":"publish","type":"page","link":"https:\/\/jusumn.lt\/index.php\/pacientams\/mirties-liudijimu-isdavimo-tvarka\/","title":{"rendered":"Mirties liudijim\u0173 i\u0161davimo tvarka"},"content":{"rendered":"\n<p>Mirus artimajam laidojantysis asmuo turi kreiptis \u012f mirusiojo asmens \u0161eimos gydytoj\u0105 d\u0117l medicininio mirties liudijimo i\u0161davimo. \u0160eimos gydytojui nesant darbe medicinin\u012f mirties liudijim\u0105 gali i\u0161duoti kitas klinikoje dirbantis gydytojas.<\/p>\n\n\n\n<p>Savaitgaliais ar \u0161ven\u010di\u0173 dienomis d\u0117l medicinini\u0173 mirties liudijim\u0173 i\u0161davimo\u00a0skambinkite budin\u010diu telefonu\u00a0<strong>+37066556168\u00a0\u00a0<\/strong>nuo 8:00 iki 16:00 val.<\/p>\n","protected":false},"excerpt":{"rendered":"<p>Mirus artimajam laidojantysis asmuo turi kreiptis \u012f mirusiojo asmens \u0161eimos gydytoj\u0105 d\u0117l medicininio mirties liudijimo i\u0161davimo. \u0160eimos gydytojui nesant darbe medicinin\u012f mirties liudijim\u0105 gali i\u0161duoti kitas klinikoje dirbantis gydytojas. Savaitgaliais ar \u0161ven\u010di\u0173 dienomis d\u0117l medicinini\u0173 mirties liudijim\u0173 i\u0161davimo\u00a0skambinkite budin\u010diu telefonu\u00a0+37066556168\u00a0\u00a0nuo 8:00 iki 16:00 val.<\/p>\n","protected":false},"author":1,"featured_media":0,"parent":41,"menu_order":0,"comment_status":"closed","ping_status":"closed","template":"","meta":[],"_links":{"self":[{"href":"https:\/\/jusumn.lt\/index.php\/wp-json\/wp\/v2\/pages\/65"}],"collection":[{"href":"https:\/\/jusumn.lt\/index.php\/wp-json\/wp\/v2\/pages"}],"about":[{"href":"https:\/\/jusumn.lt\/index.php\/wp-json\/wp\/v2\/types\/page"}],"author":[{"embeddable":true,"href":"https:\/\/jusumn.lt\/index.php\/wp-json\/wp\/v2\/users\/1"}],"replies":[{"embeddable":true,"href":"https:\/\/jusumn.lt\/index.php\/wp-json\/wp\/v2\/comments?post=65"}],"version-history":[{"count":3,"href":"https:\/\/jusumn.lt\/index.php\/wp-json\/wp\/v2\/pages\/65\/revisions"}],"predecessor-version":[{"id":204,"href":"https:\/\/jusumn.lt\/index.php\/wp-json\/wp\/v2\/pages\/65\/revisions\/204"}],"up":[{"embeddable":true,"href":"https:\/\/jusumn.lt\/index.php\/wp-json\/wp\/v2\/pages\/41"}],"wp:attachment":[{"href":"https:\/\/jusumn.lt\/index.php\/wp-json\/wp\/v2\/media?parent=65"}],"curies":[{"name":"wp","href":"https:\/\/api.w.org\/{rel}","templated":true}]}}