{"id":677,"date":"2025-07-18T10:04:57","date_gmt":"2025-07-18T10:04:57","guid":{"rendered":"https:\/\/jusumn.lt\/?page_id=677"},"modified":"2025-07-18T10:09:52","modified_gmt":"2025-07-18T10:09:52","slug":"odontologijos-specialistai","status":"publish","type":"page","link":"https:\/\/jusumn.lt\/index.php\/klinikos\/klinika-siauliuose\/odontologijos-specialistai\/","title":{"rendered":"Odontologijos specialistai"},"content":{"rendered":"\n<div class=\"wp-block-columns is-layout-flex wp-container-3\">\n<div class=\"wp-block-column is-layout-flow\">\n<p><strong>Gyd. odontolog\u0117 &#8211; Khrystyna Ivanauskiene<\/strong><\/p>\n\n\n\n<pre id=\"block-7a5cfbbd-f797-4ba9-9a2a-9dd13f63df55\" class=\"wp-block-preformatted\">Ketvirtadienis 8:00 - 18:00<\/pre>\n<\/div>\n\n\n\n<div class=\"wp-block-column is-layout-flow\">\n<p><strong>Burnos higienist\u0117 &#8211; Raimonda Kervyt\u0117<\/strong><\/p>\n\n\n\n<pre id=\"block-7a5cfbbd-f797-4ba9-9a2a-9dd13f63df55\" class=\"wp-block-preformatted\">Pirmadienis\t8:00 \u2013 18:00\nPenktadienis\t8:00 \u2013 18:00<\/pre>\n<\/div>\n<\/div>\n\n\n\n<p>Klinikoje teikiamos profilaktin\u0117s, diagnostin\u0117s ir gydomosios odontologin\u0117s paslaugos:<\/p>\n\n\n\n<ul>\n<li>burnos higiena;<\/li>\n\n\n\n<li>suaugusi\u0173j\u0173 ir vaik\u0173 terapinis gydymas;<\/li>\n\n\n\n<li>dant\u0173 kanal\u0173 gydymas;<\/li>\n\n\n\n<li>suaugusi\u0173j\u0173 ir vaik\u0173 protezavimas;<\/li>\n\n\n\n<li>dant\u0173 balinimas.<\/li>\n<\/ul>\n\n\n\n<p>Prisira\u0161iusiems prie UAB \u201eJ\u016bs\u0173 medicinos namai\u201c, nustatyta LR SAM 2008-05-23 \u012fsk. Nr. V-483 \u201eD\u0117l pirmin\u0117s odontologin\u0117s prie\u017ei\u016bros (pagalbos) paslaug\u0173, kompensuojam\u0173 i\u0161 PSDF l\u0117\u0161\u0173, masto (sud\u0117ties) patvirtinimo\u201c tvarka, vaikams iki 18 met\u0173 ir vyresniems, besimokantiems dienin\u0117se bendrojo lavinimo mokyklose, profesini\u0173 mokykl\u0173 dieniniuose skyriuose, bet ne ilgiau iki jiems sukanka 24 metai, tai pat socialiai remtiniems asmenims, kai jie pateikia gyvenamosios vietos savivaldyb\u0117s socialin\u0117s paramos skyriaus i\u0161duot\u0105 atitinkam\u0105 pa\u017eym\u0105,&nbsp;<strong>nemokamai<\/strong>&nbsp;teikiamos \u0161ios pirminio lygio odontologin\u0117s paslaugos:<\/p>\n\n\n\n<ul>\n<li>dant\u0173 \u0117duonies gydymas;<\/li>\n\n\n\n<li>pulpito, kai kuri\u0173 r\u016b\u0161i\u0173 periodontito gydymas;<\/li>\n\n\n\n<li>dant\u0173 akmen\u0173 nu\u0117mimas;<\/li>\n\n\n\n<li>profesionali burnos higiena (1k.\/m. 13-18 m. am\u017eiaus vaikams);<\/li>\n\n\n\n<li>dant\u0173 ir dant\u0173 \u0161akn\u0173 traukimas;<\/li>\n<\/ul>\n\n\n\n<ul>\n<li>ikiv\u0117\u017eini\u0173 lig\u0173 tikimyb\u0117s nustatymas;<\/li>\n\n\n\n<li>silantavimo paslaugos;<\/li>\n\n\n\n<li>s\u0105kand\u017eio anomalij\u0173 nustatymas ir profilaktika;<\/li>\n\n\n\n<li>laikin\u0173 \u012ftvar\u0173 u\u017ed\u0117jimas gydant dant\u0173 traumas.<\/li>\n<\/ul>\n\n\n\n<p>Asmen\u0173, vyresni\u0173 nei 18 m. atveju, odontologin\u0117s paslaugos \u2013 i\u0161 dalies mokamos. Ligoni\u0173 kasos sumoka u\u017e gydytoj\u0173 darb\u0105, ta\u010diau pacientai turi patys susimok\u0117ti u\u017e vaistus ir kitas med\u017eiagas, sunaudotas odontologin\u0117s prie\u017ei\u016bros paslaug\u0173 teikimui, vienkartines priemones, atsi\u017evelgiant \u012f sunaudot\u0173 med\u017eiag\u0173, priemoni\u0173 kiek\u012f ir j\u0173 \u012fsigijimo kainas<\/p>\n\n\n\n<p><strong>Protezavimas<\/strong><\/p>\n\n\n\n<p>Klinikos yra sudariusi sutart\u012f su Teritorine ligoni\u0173 kasa ir teikia dant\u0173 protezavimo paslaugas,&nbsp; kompensuojamas PSDF (Privalomojo sveikatos draudimo fondo) biud\u017eeto l\u0117\u0161omis Sveikatos apsaugos ministerijos nustatyta tvarka.&nbsp;Teis\u0119 \u012f dant\u0173 protezavim\u0105, kompensuojam\u0105 i\u0161 PSDF biud\u017eeto, turi \u0161i\u0173 kategorij\u0173 apdraustieji privalomuoju sveikatos draudimu:<\/p>\n\n\n\n<ul>\n<li>asmenys, kuriems sukako senatv\u0117s pensijos am\u017eius;<\/li>\n\n\n\n<li>vaikai;<\/li>\n\n\n\n<li>nedarbingi arba i\u0161 dalies darbingi asmenys;<\/li>\n\n\n\n<li>asmenys, kuriems buvo taikytas gydymas d\u0117l burnos, veido ir \u017eandikauli\u0173 onkologin\u0117s ligos.<\/li>\n<\/ul>\n\n\n\n<p>Daugiau informacijos:&nbsp;<a href=\"https:\/\/ligoniukasa.lrv.lt\/lt\/veiklos-sritys\/gyventojams-1\/gydymo-ir-sveikatos-prieziuros-paslaugos\/odontologines-paslaugos\/dantu-protezavimas\/dantu-protezavimo-kompensuojamoji-suma\">https:\/\/ligoniukasa.lrv.lt\/lt\/veiklos-sritys\/gyventojams-1\/gydymo-ir-sveikatos-prieziuros-paslaugos\/odontologines-paslaugos\/dantu-protezavimas\/dantu-protezavimo-kompensuojamoji-suma<\/a><\/p>\n\n\n\n<p><strong>Nor\u0117dami u\u017esira\u0161yti konsultacijai ar gydymui arba su\u017einoti daugiau informacijos pra\u0161ome kreiptis \u0161iais telefonais<\/strong> <strong><a href=\"mailto:+37066294340; +37066295323\">+37066294340<\/a><\/strong>; <a href=\"mailto:+37066294340; +37066295323\"><strong>+37066295323<\/strong><\/a><\/p>\n\n\n\n<p><\/p>\n","protected":false},"excerpt":{"rendered":"<p>Gyd. odontolog\u0117 &#8211; Khrystyna Ivanauskiene Ketvirtadienis 8:00 &#8211; 18:00 Burnos higienist\u0117 &#8211; Raimonda Kervyt\u0117 Pirmadienis 8:00 \u2013 18:00 Penktadienis 8:00 \u2013 18:00 Klinikoje teikiamos profilaktin\u0117s, diagnostin\u0117s ir gydomosios odontologin\u0117s paslaugos: Prisira\u0161iusiems prie UAB \u201eJ\u016bs\u0173 medicinos namai\u201c, nustatyta LR SAM 2008-05-23 \u012fsk. Nr. V-483 \u201eD\u0117l pirmin\u0117s odontologin\u0117s prie\u017ei\u016bros (pagalbos) paslaug\u0173, kompensuojam\u0173 i\u0161 PSDF l\u0117\u0161\u0173, masto (sud\u0117ties) patvirtinimo\u201c tvarka, vaikams iki 18<span class=\"more-dots\">&#8230;<\/span><\/p>\n","protected":false},"author":1,"featured_media":0,"parent":608,"menu_order":0,"comment_status":"closed","ping_status":"closed","template":"","meta":[],"_links":{"self":[{"href":"https:\/\/jusumn.lt\/index.php\/wp-json\/wp\/v2\/pages\/677"}],"collection":[{"href":"https:\/\/jusumn.lt\/index.php\/wp-json\/wp\/v2\/pages"}],"about":[{"href":"https:\/\/jusumn.lt\/index.php\/wp-json\/wp\/v2\/types\/page"}],"author":[{"embeddable":true,"href":"https:\/\/jusumn.lt\/index.php\/wp-json\/wp\/v2\/users\/1"}],"replies":[{"embeddable":true,"href":"https:\/\/jusumn.lt\/index.php\/wp-json\/wp\/v2\/comments?post=677"}],"version-history":[{"count":1,"href":"https:\/\/jusumn.lt\/index.php\/wp-json\/wp\/v2\/pages\/677\/revisions"}],"predecessor-version":[{"id":680,"href":"https:\/\/jusumn.lt\/index.php\/wp-json\/wp\/v2\/pages\/677\/revisions\/680"}],"up":[{"embeddable":true,"href":"https:\/\/jusumn.lt\/index.php\/wp-json\/wp\/v2\/pages\/608"}],"wp:attachment":[{"href":"https:\/\/jusumn.lt\/index.php\/wp-json\/wp\/v2\/media?parent=677"}],"curies":[{"name":"wp","href":"https:\/\/api.w.org\/{rel}","templated":true}]}}