{"id":689,"date":"2025-07-21T13:54:55","date_gmt":"2025-07-21T13:54:55","guid":{"rendered":"https:\/\/jusumn.lt\/?page_id=689"},"modified":"2025-08-06T08:25:48","modified_gmt":"2025-08-06T08:25:48","slug":"gydytojai-specialistai","status":"publish","type":"page","link":"https:\/\/jusumn.lt\/index.php\/klinikos\/klinika-siauliuose\/gydytojai-specialistai\/","title":{"rendered":"Gydytojai specialistai"},"content":{"rendered":"\n<p class=\"has-main-2-background-color has-background\"><strong>\u0160iauli\u0173 klinikoje dirba \u0161ie gydytojai specialistai:<\/strong><\/p>\n\n\n\n<p><strong>Gyd. kraujagysli\u0173 chirurgas<\/strong>&nbsp;\u2013 Mohamad Chamsin.<\/p>\n\n\n\n<p><strong>Gyd. aku\u0161eriai-ginekologai<\/strong>\u00a0\u2013 Agn\u0117 Luko\u0161ien\u0117, Rasa Ku\u010dinskait\u0117, Giedrius Putri\u016bnas, Akvil\u0117 Papievyt\u0117.<\/p>\n\n\n\n<p><strong>Gyd. endokrinolog\u0117<\/strong>&nbsp;\u2013 Vilija Rup\u0161ien\u0117.<\/p>\n\n\n\n<p><strong>Gyd. chirurgai<\/strong>&nbsp;\u2013 Gintaras Skruodys, Virginijus Jautakis.<\/p>\n\n\n\n<p><strong>Gyd. urolog\u0117&nbsp;<\/strong>\u2013 Kotryna Jurevi\u010di\u016bt\u0117.<\/p>\n\n\n\n<p><strong>Gyd. pulmonolog\u0117s<\/strong>&nbsp;\u2013 Asta \u017daliukien\u0117, Daiva \u0160emeklien\u0117.<\/p>\n\n\n\n<p><strong>Gyd. kardiologai<\/strong>\u00a0\u2013 Tautvydas Plat\u016bkis, Deimant\u0117 \u0160aulien\u0117.<\/p>\n\n\n\n<p><strong>Gyd. ortopedas-traumatologas<\/strong> &#8211; Vilius Rimkus.<\/p>\n\n\n\n<p class=\"has-dark-muted-color has-main-2-background-color has-text-color has-background\">D\u0117l gydytoj\u0173 specialist\u0173 darbo laiko ir registracijos galite kreiptis telefonais<strong>&nbsp;+37066294340; +37066295323. <\/strong><\/p>\n","protected":false},"excerpt":{"rendered":"<p>\u0160iauli\u0173 klinikoje dirba \u0161ie gydytojai specialistai: Gyd. kraujagysli\u0173 chirurgas&nbsp;\u2013 Mohamad Chamsin. Gyd. aku\u0161eriai-ginekologai\u00a0\u2013 Agn\u0117 Luko\u0161ien\u0117, Rasa Ku\u010dinskait\u0117, Giedrius Putri\u016bnas, Akvil\u0117 Papievyt\u0117. Gyd. endokrinolog\u0117&nbsp;\u2013 Vilija Rup\u0161ien\u0117. Gyd. chirurgai&nbsp;\u2013 Gintaras Skruodys, Virginijus Jautakis. Gyd. urolog\u0117&nbsp;\u2013 Kotryna Jurevi\u010di\u016bt\u0117. Gyd. pulmonolog\u0117s&nbsp;\u2013 Asta \u017daliukien\u0117, Daiva \u0160emeklien\u0117. Gyd. kardiologai\u00a0\u2013 Tautvydas Plat\u016bkis, Deimant\u0117 \u0160aulien\u0117. Gyd. ortopedas-traumatologas &#8211; Vilius Rimkus. D\u0117l gydytoj\u0173 specialist\u0173 darbo laiko ir registracijos galite<span class=\"more-dots\">&#8230;<\/span><\/p>\n","protected":false},"author":1,"featured_media":0,"parent":608,"menu_order":0,"comment_status":"closed","ping_status":"closed","template":"","meta":[],"_links":{"self":[{"href":"https:\/\/jusumn.lt\/index.php\/wp-json\/wp\/v2\/pages\/689"}],"collection":[{"href":"https:\/\/jusumn.lt\/index.php\/wp-json\/wp\/v2\/pages"}],"about":[{"href":"https:\/\/jusumn.lt\/index.php\/wp-json\/wp\/v2\/types\/page"}],"author":[{"embeddable":true,"href":"https:\/\/jusumn.lt\/index.php\/wp-json\/wp\/v2\/users\/1"}],"replies":[{"embeddable":true,"href":"https:\/\/jusumn.lt\/index.php\/wp-json\/wp\/v2\/comments?post=689"}],"version-history":[{"count":3,"href":"https:\/\/jusumn.lt\/index.php\/wp-json\/wp\/v2\/pages\/689\/revisions"}],"predecessor-version":[{"id":737,"href":"https:\/\/jusumn.lt\/index.php\/wp-json\/wp\/v2\/pages\/689\/revisions\/737"}],"up":[{"embeddable":true,"href":"https:\/\/jusumn.lt\/index.php\/wp-json\/wp\/v2\/pages\/608"}],"wp:attachment":[{"href":"https:\/\/jusumn.lt\/index.php\/wp-json\/wp\/v2\/media?parent=689"}],"curies":[{"name":"wp","href":"https:\/\/api.w.org\/{rel}","templated":true}]}}