{"id":74,"date":"2023-06-14T06:47:59","date_gmt":"2023-06-14T06:47:59","guid":{"rendered":"https:\/\/jusumn.lt\/?page_id=74"},"modified":"2023-11-07T08:29:42","modified_gmt":"2023-11-07T08:29:42","slug":"seimos-medicina","status":"publish","type":"page","link":"https:\/\/jusumn.lt\/index.php\/paslaugos\/seimos-medicina\/","title":{"rendered":"\u0160eimos medicina ir laboratoriniai tyrimai"},"content":{"rendered":"\n<p>Kur\u0161\u0117n\u0173 klinika \u201eMedicinos namai\u201c&nbsp;teikia pirmines asmens sveikatos prie\u017ei\u016bros paslaugas prie \u0161ios klinikos <strong>prisira\u0161iusiems<\/strong>&nbsp;ir <strong>draustiems<\/strong> privalomuoju sveikatos draudimu asmenims <strong>nemokamai,<\/strong> vadovaujantis su teritorine ligoni\u0173 kasa pasira\u0161yta sutartimi.<\/p>\n\n\n\n<p><strong>Nedraustiems privalomuoju sveikatos draudimu asmenims nemokamai teikiama tik b\u016btinoji medicinos pagalba<\/strong>.<\/p>\n\n\n\n<p class=\"has-dark-color has-text-color has-background\" style=\"background:linear-gradient(135deg,rgb(6,147,227) 72%,rgb(155,81,224) 94%)\">         <strong>Klinikoje teikiamos \u0161ios&nbsp;nemokamos (kompensuojamos i\u0161 Privalomojo sveikatos draudimo fondo biud\u017eeto l\u0117\u0161\u0173) paslaugos<\/strong><\/p>\n\n\n\n<ul>\n<li>\u0160eimos gydytojo konsultacijos;<\/li>\n\n\n\n<li>Vidaus lig\u0173 gydytojo konsultacijos;<\/li>\n\n\n\n<li>Gydytojo aku\u0161erio-ginekologo konsultacijos;<\/li>\n\n\n\n<li>Aku\u0161erio konsultacijos;<\/li>\n\n\n\n<li>Gydytojo chirurgo konsultacijos;<\/li>\n\n\n\n<li>Gydytojo odontologo konsultacijos;<\/li>\n\n\n\n<li>I\u0161duodami siuntimai: gydytoj\u0173 specialist\u0173 konsultacijoms, stacionariniam gydymui, slaugos ar palaikomojo gydymo paslaugoms gauti, medicininei reabilitacijai ar sanatoriniam gydymui;<\/li>\n\n\n\n<li>I\u0161ra\u0161omi kompensuojami vaistai ir medicinos pagalbos priemon\u0117s;<\/li>\n\n\n\n<li>Fiziologinio n\u0117\u0161tumo prie\u017ei\u016bra;<\/li>\n\n\n\n<li>K\u016bdiki\u0173 ir vaik\u0173 sveikatos prie\u017ei\u016bra;<\/li>\n\n\n\n<li>Vaik\u0173 imunoprofilaktika pagal vaik\u0173 profilaktini\u0173 skiepijim\u0173 kalendori\u0173;<\/li>\n\n\n\n<li>Vaiko paruo\u0161imas ikimokyklinio ugdymo \u012fstaigai, prie\u0161mokyklinio ugdymo \u012fstaigai ar mokyklai;<\/li>\n\n\n\n<li>Ne\u012fgali\u0173j\u0173 sveikatos prie\u017ei\u016bra (gydytojo ir slaugytojo vizitai \u012f namus);<\/li>\n\n\n\n<li>Ambulatorin\u0117s slaugos paslaugos namuose;<\/li>\n\n\n\n<li>Slaugos personalo proced\u016bros namuose;<\/li>\n\n\n\n<li>Odontologin\u0117s paslaugos;<\/li>\n\n\n\n<li>Prevencin\u0117s programos pagal galiojan\u010dius teis\u0117s aktus;<\/li>\n\n\n\n<li>Medicinin\u0117s proced\u016bros (injekcijos \u012f raumenis, \u012f ven\u0105, la\u0161in\u0117s infuzijos, EKG, antropometriniai matavimai, akisp\u016bd\u017eio matavimai, kraujosp\u016bd\u017eio matavimai, \u017eaizd\u0173 perri\u0161imai ir t.t.);<\/li>\n\n\n\n<li>Antrinio lygio ambulatorin\u0117s asmens sveikatos prie\u017ei\u016bros paslaugos (teirautis registrat\u016broje).<\/li>\n<\/ul>\n\n\n\n<p class=\"has-dark-color has-text-color has-background\" style=\"background:linear-gradient(135deg,rgb(6,147,227) 73%,rgb(155,81,224) 96%)\">                                                <strong>\u0160eimos gydytojas, jei to reikia, gali paskirti nemokamai \u0161iuos tyrimus<\/strong><\/p>\n\n\n\n<div class=\"wp-block-columns is-layout-flex wp-container-3\">\n<div class=\"wp-block-column is-layout-flow\">\n<ul>\n<li>bendr\u0105 kraujo tyrim\u0105;<\/li>\n\n\n\n<li>lipidogram\u0105;<\/li>\n\n\n\n<li>kalio, natrio, gliukoz\u0117s, kreatinino, bilirubino tyrim\u0105 tyrimus;<\/li>\n\n\n\n<li>alaninin\u0117s aminotransferaz\u0117s tyrim\u0105;<\/li>\n\n\n\n<li>asparaginin\u0117s aminotransferaz\u0117s tyrim\u0105;<\/li>\n\n\n\n<li>\u0161armin\u0117s fosfataz\u0117s tyrim\u0105;<\/li>\n\n\n\n<li>\u0161lapimo r\u016bg\u0161ties tyrim\u0105;<\/li>\n\n\n\n<li>bendr\u0105 \u0161lapimo tyrim\u0105;<\/li>\n\n\n\n<li>albumino\/kreatinino santykio \u0161lapime tyrim\u0105;<\/li>\n\n\n\n<li>C reaktyvaus baltymo tyrim\u0105;<\/li>\n\n\n\n<li>eritrocit\u0173 nus\u0117dimo grei\u010dio (ENG) tyrim\u0105;<\/li>\n\n\n\n<li>skydliauk\u0117s funkcijos tyrim\u0105 (TTH);<\/li>\n\n\n\n<li>glikozilinto hemoglobino tyrim\u0105;<\/li>\n\n\n\n<li>gliukoz\u0117s tolerancijos test\u0105;<\/li>\n\n\n\n<li>kraujo kre\u0161umo tyrimus (protrombino laik\u0105, tarptautin\u012f normalizuot\u0105 santyk\u012f, aktyvinto dalinio tromboplastino laik\u0105);<\/li>\n\n\n\n<li>prostatos specifin\u012f antigen\u0105 (taip pat ir pacientams po radikalaus prie\u0161in\u0117s liaukos v\u0117\u017eio gydymo);<\/li>\n<\/ul>\n<\/div>\n\n\n\n<div class=\"wp-block-column is-layout-flow\">\n<ul>\n<li>kraujo grup\u0117s ir Rh faktoriaus tyrimus;<\/li>\n\n\n\n<li>sifilio (RPR) ir specifin\u012f (treponemin\u012f) tyrim\u0105 su T. pallidum antigen\u0173 (TPHA) tyrimu;<\/li>\n\n\n\n<li>tyrimus d\u0117l virusinio hepatito B ir C;<\/li>\n\n\n\n<li>\u0161lapimo pas\u0117l\u012f;<\/li>\n\n\n\n<li>\u017emogaus imunodeficito viruso test\u0105;<\/li>\n\n\n\n<li>A grup\u0117s beta hemolizinio streptokoko greito nustatymo test\u0105;<\/li>\n\n\n\n<li>slapto kraujavimo i\u0161matose test\u0105;<\/li>\n\n\n\n<li>tuberkulino m\u0117gin\u012f;<\/li>\n\n\n\n<li>onkocitologin\u012f gimdos kaklelio tepin\u0117l\u012f, \u017dPV nustatymo tyrim\u0105 skystoje terp\u0117je;<\/li>\n\n\n\n<li>koprogram\u0105;<\/li>\n\n\n\n<li>ginekologin\u012f tepin\u0117l\u012f i\u0161 mak\u0161ties ir gimdos kaklelio;<\/li>\n\n\n\n<li>enterobioz\u0117s tyrim\u0105;<\/li>\n\n\n\n<li>elektrokardiografij\u0105; pulsoksimerij\u0105.<\/li>\n\n\n\n<li>spirometrij\u0105 maksimalaus i\u0161kv\u0117pimo srov\u0117s grei\u010diui (PEF), forsuoto t\u016brio per pirm\u0105 sekund\u0119 (FEV1) ir forsuotos gyvybin\u0117s plau\u010di\u0173 talpos (FVC) reik\u0161m\u0117ms vertinti;<\/li>\n<\/ul>\n<\/div>\n<\/div>\n\n\n\n<p>Svarbu \u017einoti, kad pacientas tyrimus gali pasirinkti ir savo iniciatyva, tik tuomet u\u017e juos susimoka pats. U\u017e paslaugas mokama gydymo \u012fstaigos kasoje.<\/p>\n\n\n\n<p class=\"has-background\" style=\"background-color:#8dc3e7\">Informuojame, kad su savo tyrim\u0173 rezultatais galite susipa\u017einti vizito pas \u0161eimos gydytoj\u0105 metu, paskambin\u0119 klinikos registrat\u016bros telefonu arba prisijung\u0119 prie <a href=\"https:\/\/e-pacientas.lt\/home\" data-type=\"URL\" data-id=\"https:\/\/e-pacientas.lt\/home\">e-pacientas.lt<\/a> arba <a href=\"https:\/\/www.esveikata.lt\/\" data-type=\"URL\" data-id=\"https:\/\/www.esveikata.lt\/\">esveikata.lt<\/a> portalo.<\/p>\n\n\n\n<p><\/p>\n\n\n\n<div class=\"wp-block-columns is-layout-flex wp-container-6\">\n<div class=\"wp-block-column is-layout-flow\"><\/div>\n\n\n\n<div class=\"wp-block-column is-layout-flow\"><\/div>\n<\/div>\n","protected":false},"excerpt":{"rendered":"<p>Kur\u0161\u0117n\u0173 klinika \u201eMedicinos namai\u201c&nbsp;teikia pirmines asmens sveikatos prie\u017ei\u016bros paslaugas prie \u0161ios klinikos prisira\u0161iusiems&nbsp;ir draustiems privalomuoju sveikatos draudimu asmenims nemokamai, vadovaujantis su teritorine ligoni\u0173 kasa pasira\u0161yta sutartimi. Nedraustiems privalomuoju sveikatos draudimu asmenims nemokamai teikiama tik b\u016btinoji medicinos pagalba. Klinikoje teikiamos \u0161ios&nbsp;nemokamos (kompensuojamos i\u0161 Privalomojo sveikatos draudimo fondo biud\u017eeto l\u0117\u0161\u0173) paslaugos \u0160eimos gydytojas, jei to reikia, gali paskirti nemokamai \u0161iuos tyrimus Svarbu<span class=\"more-dots\">&#8230;<\/span><\/p>\n","protected":false},"author":1,"featured_media":0,"parent":71,"menu_order":0,"comment_status":"closed","ping_status":"closed","template":"","meta":[],"_links":{"self":[{"href":"https:\/\/jusumn.lt\/index.php\/wp-json\/wp\/v2\/pages\/74"}],"collection":[{"href":"https:\/\/jusumn.lt\/index.php\/wp-json\/wp\/v2\/pages"}],"about":[{"href":"https:\/\/jusumn.lt\/index.php\/wp-json\/wp\/v2\/types\/page"}],"author":[{"embeddable":true,"href":"https:\/\/jusumn.lt\/index.php\/wp-json\/wp\/v2\/users\/1"}],"replies":[{"embeddable":true,"href":"https:\/\/jusumn.lt\/index.php\/wp-json\/wp\/v2\/comments?post=74"}],"version-history":[{"count":11,"href":"https:\/\/jusumn.lt\/index.php\/wp-json\/wp\/v2\/pages\/74\/revisions"}],"predecessor-version":[{"id":436,"href":"https:\/\/jusumn.lt\/index.php\/wp-json\/wp\/v2\/pages\/74\/revisions\/436"}],"up":[{"embeddable":true,"href":"https:\/\/jusumn.lt\/index.php\/wp-json\/wp\/v2\/pages\/71"}],"wp:attachment":[{"href":"https:\/\/jusumn.lt\/index.php\/wp-json\/wp\/v2\/media?parent=74"}],"curies":[{"name":"wp","href":"https:\/\/api.w.org\/{rel}","templated":true}]}}