{"id":740,"date":"2025-09-09T05:32:56","date_gmt":"2025-09-09T05:32:56","guid":{"rendered":"https:\/\/jusumn.lt\/?page_id=740"},"modified":"2026-01-05T15:01:28","modified_gmt":"2026-01-05T15:01:28","slug":"klausos-aparatai","status":"publish","type":"page","link":"https:\/\/jusumn.lt\/index.php\/paslaugos\/klausos-aparatai\/","title":{"rendered":"Klausos aparatai"},"content":{"rendered":"\n<p><a href=\"http:\/\/jusumn.lt\/wp-content\/uploads\/2025\/09\/JMN-Pilnai-ir-dalinai-kompensuojamu-aparatu-katalogas.pdf\"><strong>Pilnai ir dalinai kompensuojam\u0173j\u0173 klausos aparat\u0173 katalogas<\/strong><\/a><\/p>\n\n\n\n<p><\/p>\n\n\n\n<p><a href=\"http:\/\/jusumn.lt\/wp-content\/uploads\/2025\/09\/Individualiai-gaminamu-ausies-ideklu-katalogas-2023-JK-JMN.pdf\"><strong>Individualiai gaminam\u0173 ausies \u012fd\u0117kl\u0173 katalogas<\/strong><\/a><\/p>\n","protected":false},"excerpt":{"rendered":"<p>Pilnai ir dalinai kompensuojam\u0173j\u0173 klausos aparat\u0173 katalogas Individualiai gaminam\u0173 ausies \u012fd\u0117kl\u0173 katalogas<\/p>\n","protected":false},"author":1,"featured_media":0,"parent":71,"menu_order":0,"comment_status":"closed","ping_status":"closed","template":"","meta":[],"_links":{"self":[{"href":"https:\/\/jusumn.lt\/index.php\/wp-json\/wp\/v2\/pages\/740"}],"collection":[{"href":"https:\/\/jusumn.lt\/index.php\/wp-json\/wp\/v2\/pages"}],"about":[{"href":"https:\/\/jusumn.lt\/index.php\/wp-json\/wp\/v2\/types\/page"}],"author":[{"embeddable":true,"href":"https:\/\/jusumn.lt\/index.php\/wp-json\/wp\/v2\/users\/1"}],"replies":[{"embeddable":true,"href":"https:\/\/jusumn.lt\/index.php\/wp-json\/wp\/v2\/comments?post=740"}],"version-history":[{"count":2,"href":"https:\/\/jusumn.lt\/index.php\/wp-json\/wp\/v2\/pages\/740\/revisions"}],"predecessor-version":[{"id":751,"href":"https:\/\/jusumn.lt\/index.php\/wp-json\/wp\/v2\/pages\/740\/revisions\/751"}],"up":[{"embeddable":true,"href":"https:\/\/jusumn.lt\/index.php\/wp-json\/wp\/v2\/pages\/71"}],"wp:attachment":[{"href":"https:\/\/jusumn.lt\/index.php\/wp-json\/wp\/v2\/media?parent=740"}],"curies":[{"name":"wp","href":"https:\/\/api.w.org\/{rel}","templated":true}]}}