{"id":756,"date":"2025-10-15T11:06:28","date_gmt":"2025-10-15T11:06:28","guid":{"rendered":"https:\/\/jusumn.lt\/?page_id=756"},"modified":"2025-10-15T11:06:29","modified_gmt":"2025-10-15T11:06:29","slug":"nesciuju-mokykla","status":"publish","type":"page","link":"https:\/\/jusumn.lt\/index.php\/nesciuju-mokykla\/","title":{"rendered":"N\u0117\u0161\u010di\u0173j\u0173 mokykla"},"content":{"rendered":"\n<p class=\"is-style-default has-background has-normal-font-size\" style=\"background:linear-gradient(90deg,rgb(233,224,224) 0%,rgb(240,150,150) 100%);font-style:normal;font-weight:400\"><mark style=\"background-color:rgba(0, 0, 0, 0)\" class=\"has-inline-color has-dark-muted-color\"><strong>J\u016bs\u0173 klinikoje, \u0160iauliuose, organizuojamos paskaitos n\u0117\u0161\u010diosioms.<\/strong><\/mark>                                        <\/p>\n\n\n\n<ol>\n<li><strong>Teigiamas n\u0117\u0161tumo testas. Kas toliau?<\/strong> (gyd. aku\u0161er\u0117 ginekolog\u0117 Agn\u0117 Luko\u0161ien\u0117). Paskaitos metu kalb\u0117sim\u0117s apie kraujo, ultragarsini\u0173 tyrim\u0173 svarb\u0105 n\u0117\u0161tumo metu, aptarsime, ar reikalingi n\u0117\u0161\u010di\u0173j\u0173 papildai, koks fizinis aktyvumas rekomenduojamas, kaip pasikei\u010dia n\u0117\u0161\u010diosios mityba, kiek kavos puodeli\u0173 galima i\u0161gerti ir daug kit\u0173 nauding\u0173 patarim\u0173.<\/li>\n\n\n\n<li><strong>Gimdymas. Kaip jam pasiruo\u0161ti? <\/strong>(gyd. Aku\u0161er\u0117 ginekolog\u0117 Agn\u0117 Luko\u0161ien\u0117). Aptarsime prasid\u0117jusio gimdymo simptomus, kada vykti \u012f ligonin\u0119. I\u0161siai\u0161kinsime kuo skiriasi gimdymo su\u017eadinimas nuo gimdymo skatinimo, kaip tam pasiruo\u0161ti. I\u0161siai\u0161kinsime gimdymo eig\u0105, nuskausminimo b\u016bdus, kaip gali pad\u0117ti partneris ir ko tik\u0117tis pogimdyminiu laikotarpiu.<\/li>\n\n\n\n<li><strong>\u017dindymas ir jo nauda. S\u0117kmingo \u017eindymo link<\/strong> (tarptautin\u0117 \u017eindymo ir laktacijos konsultant\u0117 (IBCLC) soc. tinkluose dalijasi naudinga informacija Noriu \u017eindyti paskyroje &#8211; Diana Marcinkevi\u010dien\u0117). Kaip pasiruo\u0161ti s\u0117kmingai \u017eindymo prad\u017eiai? K\u0105 reikia \u017einoti iki vaikelio gimimo ir ar tikrai \u017eindymas visada b\u016bna skausmingas? \u0160ie ir daugyb\u0117 kit\u0173 aktuali\u0173 klausim\u0173 bus aptarti paskaitoje, skirtoje n\u0117\u0161\u010diosioms ar net neseniai ma\u017eylio susilaukusioms moterims.<\/li>\n\n\n\n<li><strong>Motinyst\u0117s psichologiniai poky\u010diai. Pogimdymin\u0117 psichologija<\/strong> (vaik\u0173 ir paaugli\u0173 psicholog\u0117, psichoterapijos kandidat\u0117 Vaida Lisien\u0117). Paskaitos metu paanalizuosime pogimdyminio laikotarpio psichologinius poky\u010dius (nuotaik\u0173 svyravimus, da\u017eniausiai kylan\u010dias emocijas). Pasikalb\u0117sime apie moters tapatyb\u0117s poky\u010dius tapus mama, savo ir k\u016bdikio poreiki\u0173 tenkinimo svarb\u0105. Aptarsime pogimdymin\u0117s depresijos simptomatik\u0105, pagalbos sau alternatyvas.<\/li>\n\n\n\n<li><strong>Sveiko naujagimio prie\u017ei\u016bra<\/strong> (\u0161eimos gydytoja Aida Luko\u0161ien\u0117). Paskaitoje kalb\u0117sim\u0117s apie kasdien\u0119 naujagimi\u0173 prie\u017ei\u016br\u0105: kaip ir kuo pri\u017ei\u016br\u0117ti od\u0105, kaip valyti bambut\u0119, akis, kada ir kaip maudyti\/apiprausti, kaip pri\u017ei\u016br\u0117ti pa\u017eeist\u0105\/paraudusi\u0105 od\u0105. Taip pat aptarsime, kaip saugiai migdyti, susipa\u017einsime su staigios k\u016bdiki\u0173 mirties sindromu. Nuo kada galima vesti \u012f lauk\u0105? Kada guldyti ant pilvuko ir, kod\u0117l tai svarbu.<\/li>\n\n\n\n<li><strong>Praeinan\u010dios naujagimio b\u016bkl\u0117s. Skiepai<\/strong> (\u0161eimos gydytoja Aksana Plat\u016bkien\u0117). Pirm\u0173j\u0173 savai\u010di\u0173 su naujagimiu metu t\u0117vai da\u017enai susiduria su nerimu \u2013 ar viskas gerai? Paskaitoje aptarsime, kokios b\u016bkl\u0117s k\u016bdikiams yra visi\u0161kai normalios ir praeinan\u010dios, o kada b\u016btina kreiptis \u012f gydytoj\u0105. Supa\u017eindinsime su pirm\u0173j\u0173 skiep\u0173 grafiku, suprantamai i\u0161siai\u0161kinsime, kod\u0117l jie tokie svarb\u016bs. Pasidalinsime patarimais, kaip mamai bei t\u0117\u010diui ramiau pereiti \u0161\u012f jautr\u0173 laikotarp\u012f. <\/li>\n<\/ol>\n\n\n\n<div class=\"wp-block-columns is-layout-flex wp-container-3\">\n<div class=\"wp-block-column is-layout-flow\">\n<p><mark style=\"background-color:#fbaa9d\" class=\"has-inline-color has-dark-muted-color\">Paskaitos vyksta adresu P. Vi\u0161inskio g. 14, \u0160iauliai, &#8222;J\u016bs\u0173 klinika&#8221;.<br>Registracija el. pa\u0161tu &#8211; siauliai@jusumn.lt arba telefonu<br>+37066294340.<br>Detalesn\u0117 informacija Facebook &#8211;<a rel=\"noreferrer noopener\" href=\"https:\/\/www.facebook.com\/profile.php?id=61577628200294\" target=\"_blank\"> J\u016bs\u0173 klinika, \u0160iauliai.<\/a><\/mark><\/p>\n<\/div>\n\n\n\n<div class=\"wp-block-column is-layout-flow\">\n<figure class=\"wp-block-image size-large is-resized\"><img decoding=\"async\" loading=\"lazy\" src=\"http:\/\/jusumn.lt\/wp-content\/uploads\/2025\/10\/ChatGPT-Image-2025-10-15-08_57_21-683x1024.png\" alt=\"\" class=\"wp-image-758\" width=\"120\" height=\"180\" srcset=\"https:\/\/jusumn.lt\/wp-content\/uploads\/2025\/10\/ChatGPT-Image-2025-10-15-08_57_21-683x1024.png 683w, https:\/\/jusumn.lt\/wp-content\/uploads\/2025\/10\/ChatGPT-Image-2025-10-15-08_57_21-200x300.png 200w, https:\/\/jusumn.lt\/wp-content\/uploads\/2025\/10\/ChatGPT-Image-2025-10-15-08_57_21-768x1152.png 768w, https:\/\/jusumn.lt\/wp-content\/uploads\/2025\/10\/ChatGPT-Image-2025-10-15-08_57_21-570x855.png 570w, https:\/\/jusumn.lt\/wp-content\/uploads\/2025\/10\/ChatGPT-Image-2025-10-15-08_57_21.png 1024w\" sizes=\"(max-width: 120px) 100vw, 120px\" \/><\/figure>\n<\/div>\n<\/div>\n","protected":false},"excerpt":{"rendered":"<p>J\u016bs\u0173 klinikoje, \u0160iauliuose, organizuojamos paskaitos n\u0117\u0161\u010diosioms. Paskaitos vyksta adresu P. Vi\u0161inskio g. 14, \u0160iauliai, &#8222;J\u016bs\u0173 klinika&#8221;.Registracija el. pa\u0161tu &#8211; siauliai@jusumn.lt arba telefonu+37066294340.Detalesn\u0117 informacija Facebook &#8211; J\u016bs\u0173 klinika, \u0160iauliai.<\/p>\n","protected":false},"author":1,"featured_media":0,"parent":0,"menu_order":0,"comment_status":"closed","ping_status":"closed","template":"","meta":[],"_links":{"self":[{"href":"https:\/\/jusumn.lt\/index.php\/wp-json\/wp\/v2\/pages\/756"}],"collection":[{"href":"https:\/\/jusumn.lt\/index.php\/wp-json\/wp\/v2\/pages"}],"about":[{"href":"https:\/\/jusumn.lt\/index.php\/wp-json\/wp\/v2\/types\/page"}],"author":[{"embeddable":true,"href":"https:\/\/jusumn.lt\/index.php\/wp-json\/wp\/v2\/users\/1"}],"replies":[{"embeddable":true,"href":"https:\/\/jusumn.lt\/index.php\/wp-json\/wp\/v2\/comments?post=756"}],"version-history":[{"count":2,"href":"https:\/\/jusumn.lt\/index.php\/wp-json\/wp\/v2\/pages\/756\/revisions"}],"predecessor-version":[{"id":761,"href":"https:\/\/jusumn.lt\/index.php\/wp-json\/wp\/v2\/pages\/756\/revisions\/761"}],"wp:attachment":[{"href":"https:\/\/jusumn.lt\/index.php\/wp-json\/wp\/v2\/media?parent=756"}],"curies":[{"name":"wp","href":"https:\/\/api.w.org\/{rel}","templated":true}]}}