{"id":80,"date":"2023-06-14T06:49:08","date_gmt":"2023-06-14T06:49:08","guid":{"rendered":"https:\/\/jusumn.lt\/?page_id=80"},"modified":"2025-01-16T14:19:08","modified_gmt":"2025-01-16T14:19:08","slug":"gydytoju-specialistu-konsultacijos","status":"publish","type":"page","link":"https:\/\/jusumn.lt\/index.php\/paslaugos\/gydytoju-specialistu-konsultacijos\/","title":{"rendered":"Gydytoj\u0173 specialist\u0173 paslaugos"},"content":{"rendered":"\n<p>Gydytojo specialisto konsultacijos teikiamos <strong>nemokamai <\/strong>pacientams, turintiems \u0161eimos gydytojo ar kito specialisto siuntim\u0105. Siuntimai, i\u0161skyrus siuntim\u0105 fizin\u0117s medicinos ir reabilitacijos gydytojo konsultacijos paslaugoms gauti,&nbsp;galioja iki 180 dien\u0173 ir per \u0161\u012f laikotarp\u012f pacientas privalo u\u017esiregistruoti specialisto paslaugoms gauti.<\/p>\n\n\n\n<p><strong>Siuntimo gydytojo specialisto konsultacijai nereikia<\/strong>, jei kreipiamasi:<\/p>\n\n\n\n<ul>\n<li>d\u0117l b\u016btinosios medicinos pagalbos;<\/li>\n\n\n\n<li>\u012f dermatovenerolog\u0105 (d\u0117l odos ir venerini\u0173 lig\u0173);<\/li>\n\n\n\n<li>pakartotinai \u012f t\u0105 pat\u012f specialist\u0105 d\u0117l tos pa\u010dios prie\u017easties;<\/li>\n\n\n\n<li>sergant l\u0117tine liga, d\u0117l kurios reikalinga ilgalaik\u0117 steb\u0117sena, vadovaujantis sveikatos apsaugos ministro \u012fsakymu nustatyta tvarka.<\/li>\n<\/ul>\n\n\n\n<p>Kitais atvejais neturint gydytojo specialisto siuntimo, paslaugos bus <strong>mokamos.<\/strong><\/p>\n\n\n\n<p><strong>Kur\u0161\u0117n\u0173 klinikoje &#8222;Medicinos namai&#8221; dirba \u0161ie gydytojai specialistai:<\/strong><\/p>\n\n\n\n<p><strong>Gyd. kraujagysli\u0173 chirurgas<\/strong>&nbsp;\u2013 Mohamad Chamsin.<\/p>\n\n\n\n<p><strong>Gyd. aku\u0161er\u0117s-ginekolog\u0117s<\/strong>&nbsp;\u2013 Nijol\u0117 \u0160iau\u010di\u016bnien\u0117, Agn\u0117 Luko\u0161ien\u0117, Monika Stasi\u016bnait\u0117, Dovil\u0117 Gauril\u010dikien\u0117, Irina Iljinskaja, Rasa Ku\u010dinskait\u0117.<\/p>\n\n\n\n<p><strong>Gyd. endokrinolog\u0117s<\/strong>&nbsp;\u2013 Egl\u0117 Patkauskien\u0117, Vilija Rup\u0161ien\u0117.<\/p>\n\n\n\n<p><strong>Gyd. chirurgai<\/strong>&nbsp;\u2013 Vytautas Slunksnis, Gintaras Skruodys, Virginijus Jautakis.<\/p>\n\n\n\n<p><strong>Gyd. ortopedai-traumatologai<\/strong>&nbsp;\u2013 Paulius Baltraitis, Vilius Rimkus.<\/p>\n\n\n\n<p><strong>Gyd. urologai&nbsp;<\/strong>\u2013 Erika \u0160uopyt\u0117, Kotryna Jurevi\u010di\u016bt\u0117, Valentas Liebus.<\/p>\n\n\n\n<p><strong>Gyd. pulmonolog\u0117<\/strong>&nbsp;\u2013 Asta \u017daliukien\u0117.<\/p>\n\n\n\n<p><strong>Gyd. kardiologai<\/strong>\u00a0\u2013 Tautvydas Plat\u016bkis, Rasa Mikel\u0117nien\u0117, Edvinas \u0160\u010defanavi\u010dius, Deimant\u0117 \u0160aulien\u0117.<\/p>\n\n\n\n<p><strong>Vaik\u0173 lig\u0173 gydytoja<\/strong>&nbsp;\u2013 Gitana Bykova.<\/p>\n\n\n\n<p>D\u0117l gydytoj\u0173 specialist\u0173 darbo laiko ir registracijos galite kreiptis telefonais&nbsp;<strong>+37061224111<\/strong>;<strong> +37061646937<\/strong>.<\/p>\n","protected":false},"excerpt":{"rendered":"<p>Gydytojo specialisto konsultacijos teikiamos nemokamai pacientams, turintiems \u0161eimos gydytojo ar kito specialisto siuntim\u0105. Siuntimai, i\u0161skyrus siuntim\u0105 fizin\u0117s medicinos ir reabilitacijos gydytojo konsultacijos paslaugoms gauti,&nbsp;galioja iki 180 dien\u0173 ir per \u0161\u012f laikotarp\u012f pacientas privalo u\u017esiregistruoti specialisto paslaugoms gauti. Siuntimo gydytojo specialisto konsultacijai nereikia, jei kreipiamasi: Kitais atvejais neturint gydytojo specialisto siuntimo, paslaugos bus mokamos. Kur\u0161\u0117n\u0173 klinikoje &#8222;Medicinos namai&#8221; dirba \u0161ie gydytojai<span class=\"more-dots\">&#8230;<\/span><\/p>\n","protected":false},"author":1,"featured_media":0,"parent":71,"menu_order":0,"comment_status":"closed","ping_status":"closed","template":"","meta":[],"_links":{"self":[{"href":"https:\/\/jusumn.lt\/index.php\/wp-json\/wp\/v2\/pages\/80"}],"collection":[{"href":"https:\/\/jusumn.lt\/index.php\/wp-json\/wp\/v2\/pages"}],"about":[{"href":"https:\/\/jusumn.lt\/index.php\/wp-json\/wp\/v2\/types\/page"}],"author":[{"embeddable":true,"href":"https:\/\/jusumn.lt\/index.php\/wp-json\/wp\/v2\/users\/1"}],"replies":[{"embeddable":true,"href":"https:\/\/jusumn.lt\/index.php\/wp-json\/wp\/v2\/comments?post=80"}],"version-history":[{"count":10,"href":"https:\/\/jusumn.lt\/index.php\/wp-json\/wp\/v2\/pages\/80\/revisions"}],"predecessor-version":[{"id":554,"href":"https:\/\/jusumn.lt\/index.php\/wp-json\/wp\/v2\/pages\/80\/revisions\/554"}],"up":[{"embeddable":true,"href":"https:\/\/jusumn.lt\/index.php\/wp-json\/wp\/v2\/pages\/71"}],"wp:attachment":[{"href":"https:\/\/jusumn.lt\/index.php\/wp-json\/wp\/v2\/media?parent=80"}],"curies":[{"name":"wp","href":"https:\/\/api.w.org\/{rel}","templated":true}]}}