{"id":89,"date":"2023-06-14T06:50:38","date_gmt":"2023-06-14T06:50:38","guid":{"rendered":"https:\/\/jusumn.lt\/?page_id=89"},"modified":"2024-07-01T09:02:05","modified_gmt":"2024-07-01T09:02:05","slug":"vakcinos-2","status":"publish","type":"page","link":"https:\/\/jusumn.lt\/index.php\/paslaugos\/vakcinos-2\/","title":{"rendered":"Vakcinos"},"content":{"rendered":"\n<p>Vakcina yra laikoma saugiausia ir patikimiausia nat\u016bralia sukurta apsauga nuo gyvybei pavojing\u0173 u\u017ekre\u010diam\u0173j\u0173 lig\u0173. Taip apsaugomas ne tik kiekvienas individualus \u017emogus, ta\u010diau ir sukuriama saugi aplinka \u0161eimoms ir visuomenei.<\/p>\n\n\n\n<p>Klinikoje teikiame skiepijimo paslaugas vaikams ir suaugusiems.<\/p>\n\n\n\n<p>Lietuvoje pagal Vaik\u0173 profilaktini\u0173 skiepijim\u0173 kalendoriuje nustatytus terminus <strong>vaikai<\/strong> gydymo \u012fstaigose yra nemokamai skiepijami nuo \u0161i\u0173 u\u017ekre\u010diam\u0173j\u0173 lig\u0173 (u\u017e \u0161iuos skiepus&nbsp;i\u0161&nbsp;Privalomojo sveikatos draudimo fondo l\u0117\u0161\u0173 sumoka ligoni\u0173 kasos):<\/p>\n\n\n\n<ul>\n<li>tuberkulioz\u0117s, <\/li>\n\n\n\n<li>hepatito B, <\/li>\n\n\n\n<li>kokliu\u0161o, <\/li>\n\n\n\n<li>difterijos, <\/li>\n\n\n\n<li>stablig\u0117s, <\/li>\n\n\n\n<li>B tipo Haemophilus influenza infekcijos, <\/li>\n\n\n\n<li>poliomielito, <\/li>\n\n\n\n<li>tym\u0173, <\/li>\n\n\n\n<li>epideminio parotito, <\/li>\n\n\n\n<li>raudonuk\u0117s, <\/li>\n\n\n\n<li>pneumokokin\u0117s infekcijos, <\/li>\n\n\n\n<li>\u017emogaus papilomos viruso, <\/li>\n\n\n\n<li>rotaviruso, <\/li>\n\n\n\n<li>B tipo meningokoko.&nbsp;<\/li>\n<\/ul>\n\n\n\n<p>Ligoni\u0173 kasos i\u0161 Privalomojo sveikatos draudimo fondo (PSDF) l\u0117\u0161\u0173 kompensuoja rizikos grup\u0117ms priskiriam\u0173 <strong>suaugusi\u0173j\u0173&nbsp;<\/strong>skiepus nuo:<\/p>\n\n\n\n<ul>\n<li>gripo (vyresni nei 65 met\u0173&nbsp;asmenys ir bet kurio am\u017eiaus sergantieji l\u0117tin\u0117mis ligomis (onkologin\u0117mis, \u0161irdies ir kraujagysli\u0173, kv\u0117pavimo tak\u0173, inkst\u0173 ir kt.), n\u0117\u0161\u010dios moterys, taip pat gyvenantieji globos ir slaugos \u012fstaigose bei medicinos darbuotojai, kuriems tikimyb\u0117 u\u017esikr\u0117sti gripu ypa\u010d padid\u0117ja bendraujant su sergan\u010diaisiais);<\/li>\n\n\n\n<li>pneumokokin\u0117s infekcijos (asmenys, \u012fra\u0161yti \u012f rizikos grupi\u0173 s\u0105ra\u0161\u0105, kur\u012f&nbsp;<a rel=\"noreferrer noopener\" href=\"http:\/\/e-seimas.lrs.lt\/portal\/legalAct\/lt\/TAD\/b2a5adc071e511e59a1ed226d1cbceb5\/asr\" target=\"_blank\">2015 m. spalio 8 d. \u012fsakymu Nr. V-1130<\/a>&nbsp;yra patvirtin\u0119s sveikatos apsaugos ministras, pavyzd\u017eiui, pacientai, kuriems atliekama dializ\u0117, sergantieji onkologin\u0117mis, reumatin\u0117mis ligomis ir kt.);<\/li>\n\n\n\n<li>taip pat suaugusieji (\u012fskaitant&nbsp; n\u0117\u0161\u010di\u0105sias) gali b\u016bti nemokamai skiepijami vakcina nuo stablig\u0117s ir difterijos (esant poreikiui, kartu su kokliu\u0161o komponentu). Revakcinacija (ankstesnio skiepijimo sustiprinimas) nuo \u0161i\u0173 lig\u0173 rekomenduojama kas 10 met\u0173. Prireikus (\u012fkandus bet kokiam gyv\u016bnui) suaugusieji gali b\u016bti nemokamai skiepijami nuo pasiutlig\u0117s. Be to, asmenys, tur\u0117j\u0119 kontakt\u0105 su sergan\u010diuoju tymais, taip pat gali pasiskiepyti vakcina, kuri kompensuojama i\u0161 PSDF. \u017dinotina, kad po kontakto su sergan\u010diuoju tymais, rekomenduojama pasiskiepyti per 72 valandas.<\/li>\n<\/ul>\n\n\n\n<p>D\u0117l ligoni\u0173 kas\u0173 kompensuojam\u0173 skiep\u0173 pacientai turi kreiptis \u012f savo \u0161eimos gydytoj\u0105.<\/p>\n\n\n\n<p>Nekompensuojamos, ta\u010diau rekomenduojamos vakcinos yra nuo v\u0117jaraupi\u0173, Hepatito A, erkinio encefalito, gripo, keliautoj\u0173 vakcinos, kurios skiriamos pagal kelion\u0117s krypt\u012f. Skiep\u0173 plan\u0105 vykstant \u012f kitas \u0161alis sudaro \u0161eimos  arba infekcini\u0173 lig\u0173 gydytojas.<\/p>\n","protected":false},"excerpt":{"rendered":"<p>Vakcina yra laikoma saugiausia ir patikimiausia nat\u016bralia sukurta apsauga nuo gyvybei pavojing\u0173 u\u017ekre\u010diam\u0173j\u0173 lig\u0173. Taip apsaugomas ne tik kiekvienas individualus \u017emogus, ta\u010diau ir sukuriama saugi aplinka \u0161eimoms ir visuomenei. Klinikoje teikiame skiepijimo paslaugas vaikams ir suaugusiems. Lietuvoje pagal Vaik\u0173 profilaktini\u0173 skiepijim\u0173 kalendoriuje nustatytus terminus vaikai gydymo \u012fstaigose yra nemokamai skiepijami nuo \u0161i\u0173 u\u017ekre\u010diam\u0173j\u0173 lig\u0173 (u\u017e \u0161iuos skiepus&nbsp;i\u0161&nbsp;Privalomojo sveikatos draudimo fondo<span class=\"more-dots\">&#8230;<\/span><\/p>\n","protected":false},"author":1,"featured_media":0,"parent":71,"menu_order":0,"comment_status":"closed","ping_status":"closed","template":"","meta":[],"_links":{"self":[{"href":"https:\/\/jusumn.lt\/index.php\/wp-json\/wp\/v2\/pages\/89"}],"collection":[{"href":"https:\/\/jusumn.lt\/index.php\/wp-json\/wp\/v2\/pages"}],"about":[{"href":"https:\/\/jusumn.lt\/index.php\/wp-json\/wp\/v2\/types\/page"}],"author":[{"embeddable":true,"href":"https:\/\/jusumn.lt\/index.php\/wp-json\/wp\/v2\/users\/1"}],"replies":[{"embeddable":true,"href":"https:\/\/jusumn.lt\/index.php\/wp-json\/wp\/v2\/comments?post=89"}],"version-history":[{"count":5,"href":"https:\/\/jusumn.lt\/index.php\/wp-json\/wp\/v2\/pages\/89\/revisions"}],"predecessor-version":[{"id":476,"href":"https:\/\/jusumn.lt\/index.php\/wp-json\/wp\/v2\/pages\/89\/revisions\/476"}],"up":[{"embeddable":true,"href":"https:\/\/jusumn.lt\/index.php\/wp-json\/wp\/v2\/pages\/71"}],"wp:attachment":[{"href":"https:\/\/jusumn.lt\/index.php\/wp-json\/wp\/v2\/media?parent=89"}],"curies":[{"name":"wp","href":"https:\/\/api.w.org\/{rel}","templated":true}]}}