{"id":95,"date":"2023-06-14T06:52:14","date_gmt":"2023-06-14T06:52:14","guid":{"rendered":"https:\/\/jusumn.lt\/?page_id=95"},"modified":"2023-08-14T18:40:52","modified_gmt":"2023-08-14T18:40:52","slug":"prevencines-programos","status":"publish","type":"page","link":"https:\/\/jusumn.lt\/index.php\/paslaugos\/prevencines-programos\/","title":{"rendered":"Prevencin\u0117s programos"},"content":{"rendered":"\n<p class=\"has-text-align-left\">Prevencin\u0117s sveikatos programos \u2013 galimyb\u0117 suma\u017einti sergamum\u0105 ir mirtingum\u0105 nuo \u0161i\u0173 lig\u0173, nes atlikus tyrimus b\u016btinas gydymas gali b\u016bti prad\u0117tas nedelsiant. Tod\u0117l ligoni\u0173 kas\u0173 specialistai ragina gyventojus r\u016bpintis savo sveikata ir turint net ma\u017eiausius \u012ftarimus nedelsiant kreiptis \u012f savo \u0161eimos gydytoj\u0105, kuris \u012fvertins sveikatos b\u016bkl\u0119 ir, jei reikia, skirs tyrimus bei nukreips pas gydytoj\u0105 specialist\u0105. Privalomuoju sveikatos draudimu apdrausti asmenys prevencin\u0117se programose gali dalyvauti nemokamai. <\/p>\n\n\n\n<p>Prevencin\u0117s&nbsp;programos yra skirtos nustatyto am\u017eiaus&nbsp;pacientams.&nbsp;Ta\u010diau&nbsp;jeigu asmuo jau\u010diasi blogai, bet nepatenka \u012f nustatyto am\u017eiaus asmen\u0173 grup\u0119,&nbsp;tur\u0117t\u0173 jokiu b\u016bdu nedelsti ir kreiptis \u012f savo \u0161eimos gydytoj\u0105.<\/p>\n\n\n\n<figure class=\"wp-block-image size-large\"><img decoding=\"async\" loading=\"lazy\" width=\"1024\" height=\"576\" src=\"https:\/\/jusumn.lt\/wp-content\/uploads\/2023\/07\/2-1024x576.jpg\" alt=\"\" class=\"wp-image-216\" srcset=\"https:\/\/jusumn.lt\/wp-content\/uploads\/2023\/07\/2-1024x576.jpg 1024w, https:\/\/jusumn.lt\/wp-content\/uploads\/2023\/07\/2-300x169.jpg 300w, https:\/\/jusumn.lt\/wp-content\/uploads\/2023\/07\/2-768x432.jpg 768w, https:\/\/jusumn.lt\/wp-content\/uploads\/2023\/07\/2-1536x864.jpg 1536w, https:\/\/jusumn.lt\/wp-content\/uploads\/2023\/07\/2-2048x1152.jpg 2048w, https:\/\/jusumn.lt\/wp-content\/uploads\/2023\/07\/2-1140x641.jpg 1140w\" sizes=\"(max-width: 1024px) 100vw, 1024px\" \/><\/figure>\n\n\n\n<p><\/p>\n\n\n\n<p><strong>Atrankin\u0117s mamografin\u0117s patikros d\u0117l kr\u016bties v\u0117\u017eio finansavimo programa<\/strong><\/p>\n\n\n\n<p>Kart\u0105 per 2 metus&nbsp;atliekamas mamografinis tyrimas. Gavus \u0161eimos gydytojo siuntim\u0105 atlikti mamografin\u012f tyrim\u0105, galima i\u0161 anksto u\u017esiregistruoti (atvykus arba telefonu) mamografijos \u012frengin\u012f turin\u010dioje sveikatos prie\u017ei\u016bros \u012fstaigoje. Tyrimo rezultatus prane\u0161a \u0161eimos gydytojas, gav\u0119s juos i\u0161 mamogramas vertinan\u010dios \u012fstaigos.<\/p>\n\n\n\n<p><strong>Gimdos kaklelio v\u0117\u017eio ankstyvosios diagnostikos programa<\/strong><\/p>\n\n\n\n<p>25-34 m. (imtinai) moterims kart\u0105 per 3 metus&nbsp;atliekamas gimdos kaklelio citologinio tepin\u0117lio tyrimas. 35-59 m. (imtinai) moterims kart\u0105 per 5 metus atliekamas gimdos kaklelio auk\u0161tos rizikos \u017emogaus papilomos viruso tyrimas (AR \u017dPV) ir gimdos kaklelio citologinio tepin\u0117lio i\u0161tyrimas skystoje terp\u0117je&nbsp; (jei AR \u017dVP tyrimas teigiamas). Gavus tepin\u0117li\u0173 rezultatus gali b\u016bti atliekama biopsija, leid\u017eianti objektyviai patvirtinti arba paneigti ligos diagnoz\u0119.<\/p>\n\n\n\n<p><strong>Storosios \u017earnos v\u0117\u017eio ankstyvosios diagnostikos finansavimo programa<\/strong><\/p>\n\n\n\n<p>Kart\u0105 per 2 metus&nbsp;atliekamas slapto kraujavimo testas. Jei testo atsakymas neigiamas \u2013 pacientas sveikas, jei atsakymas teigiamas \u2013 \u0161eimos gydytojas i\u0161duos siuntim\u0105 pas gydytoj\u0105 specialist\u0105. Kolonoskopija ir, prireikus, biopsija&nbsp;leid\u017eia objektyviai patvirtinti arba paneigti storosios \u017earnos v\u0117\u017eio diagnoz\u0119.<\/p>\n\n\n\n<p><strong>Asmen\u0173, priskirtin\u0173&nbsp; \u0161irdies ir kraujagysli\u0173 lig\u0173 didel\u0117s rizikos grupei, atrankos ir prevencijos priemoni\u0173 finansavimo programa<\/strong><\/p>\n\n\n\n<p>Kart\u0105 per 1 metus&nbsp;\u0161eimos gydytojas nustato rizikos veiksnius ir, jei reikia, sudaro individual\u0173 \u0161irdies ir kraujagysli\u0173 lig\u0173 prevencijos plan\u0105. Jei gydytojas nustato, kad \u0161irdies ir kraujagysli\u0173 lig\u0173 tikimyb\u0117 yra didel\u0117,&nbsp;siun\u010dia pacient\u0105 \u012f specializuotus centrus i\u0161samiau i\u0161tirti,&nbsp;prireikus \u2013 skiria gydym\u0105. Svarbu \u017einoti, kad&nbsp; kart\u0105 per metus nemokamai gali b\u016bti nustatoma gliukoz\u0117s, cholesterolio, triglicerid\u0173 koncentracija kraujyje, atliekama elektrokardiograma ir kiti tyrimai, parodantys, ar pacient\u0105&nbsp;galima priskirti didel\u0117s rizikos grupei.<\/p>\n\n\n\n<p><strong>Prie\u0161in\u0117s liaukos v\u0117\u017eio ankstyvosios diagnostikos finansavimo programa<\/strong><\/p>\n\n\n\n<p>Periodi\u0161kai&nbsp;atliekamas kraujo tyrimas, parodantis prostatos specifinio antigeno (PSA) koncentracij\u0105 kraujyje. Jei PSA kiekis vir\u0161ija norm\u0105, \u0161eimos gydytojas i\u0161duoda siuntim\u0105 konsultuotis pas urolog\u0105, o \u0161is prireikus atlieka&nbsp;prie\u0161in\u0117s liaukos biopsij\u0105.<\/p>\n\n\n\n<p><strong>Hepatito C patikros programa<\/strong><\/p>\n\n\n\n<p>Su \u0161eimos gydytojo paskyrimu atliekamas Anti-HCV testas.<\/p>\n","protected":false},"excerpt":{"rendered":"<p>Prevencin\u0117s sveikatos programos \u2013 galimyb\u0117 suma\u017einti sergamum\u0105 ir mirtingum\u0105 nuo \u0161i\u0173 lig\u0173, nes atlikus tyrimus b\u016btinas gydymas gali b\u016bti prad\u0117tas nedelsiant. Tod\u0117l ligoni\u0173 kas\u0173 specialistai ragina gyventojus r\u016bpintis savo sveikata ir turint net ma\u017eiausius \u012ftarimus nedelsiant kreiptis \u012f savo \u0161eimos gydytoj\u0105, kuris \u012fvertins sveikatos b\u016bkl\u0119 ir, jei reikia, skirs tyrimus bei nukreips pas gydytoj\u0105 specialist\u0105. Privalomuoju sveikatos draudimu apdrausti asmenys<span class=\"more-dots\">&#8230;<\/span><\/p>\n","protected":false},"author":1,"featured_media":0,"parent":71,"menu_order":0,"comment_status":"closed","ping_status":"closed","template":"","meta":[],"_links":{"self":[{"href":"https:\/\/jusumn.lt\/index.php\/wp-json\/wp\/v2\/pages\/95"}],"collection":[{"href":"https:\/\/jusumn.lt\/index.php\/wp-json\/wp\/v2\/pages"}],"about":[{"href":"https:\/\/jusumn.lt\/index.php\/wp-json\/wp\/v2\/types\/page"}],"author":[{"embeddable":true,"href":"https:\/\/jusumn.lt\/index.php\/wp-json\/wp\/v2\/users\/1"}],"replies":[{"embeddable":true,"href":"https:\/\/jusumn.lt\/index.php\/wp-json\/wp\/v2\/comments?post=95"}],"version-history":[{"count":4,"href":"https:\/\/jusumn.lt\/index.php\/wp-json\/wp\/v2\/pages\/95\/revisions"}],"predecessor-version":[{"id":330,"href":"https:\/\/jusumn.lt\/index.php\/wp-json\/wp\/v2\/pages\/95\/revisions\/330"}],"up":[{"embeddable":true,"href":"https:\/\/jusumn.lt\/index.php\/wp-json\/wp\/v2\/pages\/71"}],"wp:attachment":[{"href":"https:\/\/jusumn.lt\/index.php\/wp-json\/wp\/v2\/media?parent=95"}],"curies":[{"name":"wp","href":"https:\/\/api.w.org\/{rel}","templated":true}]}}