{"id":98,"date":"2023-06-14T06:52:57","date_gmt":"2023-06-14T06:52:57","guid":{"rendered":"https:\/\/jusumn.lt\/?page_id=98"},"modified":"2023-07-26T06:44:32","modified_gmt":"2023-07-26T06:44:32","slug":"slauga-namuose","status":"publish","type":"page","link":"https:\/\/jusumn.lt\/index.php\/paslaugos\/slauga-namuose\/","title":{"rendered":"Slauga namuose"},"content":{"rendered":"\n<p>Klinikoje teikiamos ambulatorin\u0117s slaugos paslaugos\u00a0<strong>vadovaujantis SAM ministro \u012fsakymu Nr. V-1026 \u201eD\u0117l ambulatorini\u0173 slaugos paslaug\u0173 namuose teikimo reikalavim\u0173 ir \u0161i\u0173 paslaug\u0173 apmok\u0117jimo tvarkos apra\u0161o patvirtinimo\u201d.<\/strong>\u00a0<\/p>\n\n\n\n<p><strong>Ambulatorin\u0117s slaugos paslaugos namuose (ASPN)<\/strong> yra sveikatos prie\u017ei\u016bros paslaugos, teikiamos paciento namuose, siekiant u\u017etikrinti slaugos paslaug\u0173 t\u0119stinum\u0105, patenkinti paciento slaugos poreikius nam\u0173 s\u0105lygomis ir skatinti paciento savir\u016bp\u0105.<\/p>\n\n\n\n<p>Klinika u\u017etikrina ambulatorini\u0173 slaugos paslaug\u0173 namuose teikim\u0105 pacientams, kuriems pagal Slaugos paslaug\u0173 poreikio vertinimo klausimyn\u0105 yra nustatytas ma\u017eas, vidutinis ar didelis slaugos poreikis arba pacientams, kuriems po suteikt\u0173 dienos chirurgijos paslaug\u0173, i\u0161lieka sutrik\u0119s geb\u0117jimas savaranki\u0161kai r\u016bpintis savo asmeniniu gyvenimu ir yra reikalinga pooperacin\u0117 slauga namuose. <strong>\u0160eimos gydytojas i\u0161ra\u0161o siuntim\u0105 ambulatorin\u0117s slaugos paslaugoms namuose gauti.<\/strong><\/p>\n\n\n\n<p>\u0160ios paslaugos teikiamos kiekvien\u0105 dien\u0105 nuo 8 val. iki 20 val.<\/p>\n\n\n\n<p>Ambulatorini\u0173 slaugos paslaug\u0173 namuose komand\u0105 sudaro bendrosios praktikos slaugytojai, slaugytoj\u0173 pad\u0117j\u0117jai, kineziterapeutas, ergoterapeutas.<\/p>\n\n\n\n<p> \u0160i paslauga yra <strong>nemokama,<\/strong> finansuojama Privalomojo sveikatos draudimo fondo (PSDF) biud\u017eeto l\u0117\u0161omis.<\/p>\n","protected":false},"excerpt":{"rendered":"<p>Klinikoje teikiamos ambulatorin\u0117s slaugos paslaugos\u00a0vadovaujantis SAM ministro \u012fsakymu Nr. V-1026 \u201eD\u0117l ambulatorini\u0173 slaugos paslaug\u0173 namuose teikimo reikalavim\u0173 ir \u0161i\u0173 paslaug\u0173 apmok\u0117jimo tvarkos apra\u0161o patvirtinimo\u201d.\u00a0 Ambulatorin\u0117s slaugos paslaugos namuose (ASPN) yra sveikatos prie\u017ei\u016bros paslaugos, teikiamos paciento namuose, siekiant u\u017etikrinti slaugos paslaug\u0173 t\u0119stinum\u0105, patenkinti paciento slaugos poreikius nam\u0173 s\u0105lygomis ir skatinti paciento savir\u016bp\u0105. Klinika u\u017etikrina ambulatorini\u0173 slaugos paslaug\u0173 namuose teikim\u0105 pacientams, kuriems<span class=\"more-dots\">&#8230;<\/span><\/p>\n","protected":false},"author":1,"featured_media":0,"parent":71,"menu_order":0,"comment_status":"closed","ping_status":"closed","template":"","meta":[],"_links":{"self":[{"href":"https:\/\/jusumn.lt\/index.php\/wp-json\/wp\/v2\/pages\/98"}],"collection":[{"href":"https:\/\/jusumn.lt\/index.php\/wp-json\/wp\/v2\/pages"}],"about":[{"href":"https:\/\/jusumn.lt\/index.php\/wp-json\/wp\/v2\/types\/page"}],"author":[{"embeddable":true,"href":"https:\/\/jusumn.lt\/index.php\/wp-json\/wp\/v2\/users\/1"}],"replies":[{"embeddable":true,"href":"https:\/\/jusumn.lt\/index.php\/wp-json\/wp\/v2\/comments?post=98"}],"version-history":[{"count":2,"href":"https:\/\/jusumn.lt\/index.php\/wp-json\/wp\/v2\/pages\/98\/revisions"}],"predecessor-version":[{"id":281,"href":"https:\/\/jusumn.lt\/index.php\/wp-json\/wp\/v2\/pages\/98\/revisions\/281"}],"up":[{"embeddable":true,"href":"https:\/\/jusumn.lt\/index.php\/wp-json\/wp\/v2\/pages\/71"}],"wp:attachment":[{"href":"https:\/\/jusumn.lt\/index.php\/wp-json\/wp\/v2\/media?parent=98"}],"curies":[{"name":"wp","href":"https:\/\/api.w.org\/{rel}","templated":true}]}}